{"id":126421,"date":"2021-02-14T00:00:00","date_gmt":"2021-02-14T05:00:00","guid":{"rendered":"https:\/\/gpl-love.com\/es\/producto\/vastart-digital-company-y-startup-wordpress-theme\/"},"modified":"2026-04-10T11:30:09","modified_gmt":"2026-04-10T16:30:09","slug":"vastart-digital-company-y-startup-wordpress-theme","status":"publish","type":"product","link":"https:\/\/gpl-love.com\/es\/producto\/vastart-digital-company-y-startup-wordpress-theme\/","title":{"rendered":"Vastart Digital Company y Startup WordPress Theme 1.2.47"},"content":{"rendered":"<h3>Vastart Digital Company y Startup WordPress Theme Caracteristicas<\/h3>\n<p>El tema de Vastart Digital Company y Startup WordPress es una herramienta excepcionalmente notable para cualquier empresa floreciente o una empresa digital floreciente que busca dejar su huella en el mundo en l\u00ednea. Con un dise\u00f1o de vanguardia y est\u00e9ticamente agradable, este tema tiene la capacidad de cautivar y atraer a los clientes potenciales desde el principio. Adem\u00e1s, el tema es totalmente receptivo, asegurando que su sitio web mantenga su apariencia y funcionalidad impecables en una mir\u00edada de dispositivos. Adem\u00e1s, el tema ofrece una amplia gama de opciones de personalizaci\u00f3n, lo que le permite adaptarlo de acuerdo con sus necesidades y preferencias individuales con la mayor facilidad y conveniencia. Adem\u00e1s de sus notables capacidades de dise\u00f1o y personalizaci\u00f3n, el tema Vastart tambi\u00e9n proporciona a los usuarios m\u00faltiples dise\u00f1os de p\u00e1gina de inicio, plantillas listas para usar y una variedad de secciones preconstruidas, todos los cuales pueden personalizarse sin problemas para reflejar impecablemente las \u00fanicas de su marca. identidad y los servicios que ofrece. Adem\u00e1s, este tema va m\u00e1s all\u00e1 de la incorporaci\u00f3n de una gran cantidad de complementos potentes como Slider Revolution, Wpbakery Page Builder, WooCommerce y muchos otros, todos los cuales racionalizan significativamente el proceso de desarrollo del sitio web. Con las capacidades incomparables que ofrecen la compa\u00f1\u00eda digital de Vastart y el tema de WordPress de Startup, puede establecer sin esfuerzo y eficientemente una presencia en l\u00ednea altamente profesional e impactante para su negocio en un abrir y cerrar de ojos.<\/p>\n<ul>\n<li>Dise\u00f1o llamativo y moderno con elegantes efectos de animaci\u00f3n.<\/li>\n<li>Dise\u00f1o totalmente receptivo que se ve muy bien en cualquier dispositivo.<\/li>\n<li>Constructor de p\u00e1gina de arrastrar y soltar f\u00e1ciles de usar para p\u00e1ginas personalizadas.<\/li>\n<li>Numerosas p\u00e1ginas y plantillas prefabricadas para la creaci\u00f3n r\u00e1pida del sitio web.<\/li>\n<li>Compatibilidad completa con WooCommerce para la funcionalidad de comercio electr\u00f3nico.<\/li>\n<li>Panel de opciones de temas avanzados para una f\u00e1cil personalizaci\u00f3n.<\/li>\n<li>Integraci\u00f3n de Google Fonts para una amplia gama de opciones de tipograf\u00eda.<\/li>\n<li>Importador de demostraci\u00f3n simple de un solo clic para replicar el contenido de demostraci\u00f3n del tema.<\/li>\n<li>Excelente documentaci\u00f3n y apoyo de los desarrolladores del tema.<\/li>\n<\/ul>\n","protected":false},"excerpt":{"rendered":"<p>La compa\u00f1\u00eda digital Vastart y el tema de WordPress, que ha sido meticulosamente dise\u00f1ado para satisfacer las necesidades y demandas de empresarios y empresas, presenta una soluci\u00f3n ejemplar para la creaci\u00f3n de un sitio web que exuda profesionalismo y modernidad. Con un dise\u00f1o elegante y receptivo, este tema ofrece una amplia gama de opciones personalizables que permiten a los usuarios adaptar su sitio web de acuerdo con sus preferencias. Con m\u00faltiples dise\u00f1os de p\u00e1gina de inicio, la capacidad de dise\u00f1ar el encabezado y el pie de p\u00e1gina para el gusto de uno, y el acceso a una gran cantidad de bloques predise\u00f1ados, VastArt asegura que los usuarios tengan las herramientas necesarias para crear un sitio web que sea \u00fanico y cautivador visualmente. A trav\u00e9s de su interfaz intuitiva y f\u00e1cil de usar, Vastart permite la exhibici\u00f3n perfecta de servicios, elementos de cartera y miembros del equipo. Adem\u00e1s, este notable tema incorpora herramientas robustas de comercio electr\u00f3nico y optimizaci\u00f3n de SEO, lo que lo convierte en una soluci\u00f3n que lo abarca todo para individuos y empresas que buscan establecer una presencia formidable en l\u00ednea.<\/p>\n","protected":false},"featured_media":167943,"comment_status":"open","ping_status":"open","template":"","meta":[],"product_brand":[2337],"product_cat":[1267,1237,1238],"product_tag":[1391],"class_list":{"0":"post-126421","1":"product","2":"type-product","3":"status-publish","4":"has-post-thumbnail","6":"product_brand-themeforest","7":"product_cat-creativo","8":"product_cat-temas","9":"product_cat-wordpress-temas","10":"product_tag-themeforest","11":"member-discount","12":"discount-restricted","14":"first","15":"instock","16":"sale","17":"downloadable","18":"virtual","19":"sold-individually","20":"purchasable","21":"product-type-simple"},"_links":{"self":[{"href":"https:\/\/gpl-love.com\/es\/wp-json\/wp\/v2\/product\/126421","targetHints":{"allow":["GET"]}}],"collection":[{"href":"https:\/\/gpl-love.com\/es\/wp-json\/wp\/v2\/product"}],"about":[{"href":"https:\/\/gpl-love.com\/es\/wp-json\/wp\/v2\/types\/product"}],"replies":[{"embeddable":true,"href":"https:\/\/gpl-love.com\/es\/wp-json\/wp\/v2\/comments?post=126421"}],"wp:featuredmedia":[{"embeddable":true,"href":"https:\/\/gpl-love.com\/es\/wp-json\/wp\/v2\/media\/167943"}],"wp:attachment":[{"href":"https:\/\/gpl-love.com\/es\/wp-json\/wp\/v2\/media?parent=126421"}],"wp:term":[{"taxonomy":"product_brand","embeddable":true,"href":"https:\/\/gpl-love.com\/es\/wp-json\/wp\/v2\/product_brand?post=126421"},{"taxonomy":"product_cat","embeddable":true,"href":"https:\/\/gpl-love.com\/es\/wp-json\/wp\/v2\/product_cat?post=126421"},{"taxonomy":"product_tag","embeddable":true,"href":"https:\/\/gpl-love.com\/es\/wp-json\/wp\/v2\/product_tag?post=126421"}],"curies":[{"name":"wp","href":"https:\/\/api.w.org\/{rel}","templated":true}]}}