{"id":126420,"date":"2022-01-15T00:00:00","date_gmt":"2022-01-15T05:00:00","guid":{"rendered":"https:\/\/gpl-love.com\/es\/producto\/vani-cosmetic-beauty-woocommerce-wordpress-theme\/"},"modified":"2026-04-10T11:30:07","modified_gmt":"2026-04-10T16:30:07","slug":"vani-cosmetic-beauty-woocommerce-wordpress-theme","status":"publish","type":"product","link":"https:\/\/gpl-love.com\/es\/producto\/vani-cosmetic-beauty-woocommerce-wordpress-theme\/","title":{"rendered":"Vani Cosmetic Beauty WooCommerce WordPress Theme 2.1.2"},"content":{"rendered":"<h3>Vani Cosmetic Beauty WooCommerce WordPress Theme Caracteristicas<\/h3>\n<p>El tema de WordPress de WooCommerce de Vani Beauty WooCommerce se presenta como una elecci\u00f3n \u00f3ptima para las personas que buscan establecer una exquisita tienda en l\u00ednea dedicada a la venta de productos cosm\u00e9ticos o de belleza. Este tema cuenta con una variedad de caracter\u00edsticas notables, que abarca un dise\u00f1o elegante y contempor\u00e1neo, opciones de personalizaci\u00f3n f\u00e1cil de usar, as\u00ed como una integraci\u00f3n perfecta con el robusto complemento de WooCommerce, que permite la gesti\u00f3n sin esfuerzo de productos, pedidos y pagos. Adem\u00e1s, el tema est\u00e1 equipado con un dise\u00f1o receptivo, lo que lo hace accesible en todos los dispositivos electr\u00f3nicos, y ofrece una variedad de p\u00e1ginas predise\u00f1adas que se pueden adaptar para adaptarse a los requisitos espec\u00edficos de uno. Al utilizar el tema de WordPress de la belleza cosm\u00e9tica de Vani, uno puede establecer con \u00e9xito una tienda en l\u00ednea sofisticada, capaz de cautivar a los clientes y fomentar la expansi\u00f3n de sus esfuerzos comerciales.<\/p>\n<ul>\n<li>Un tema profesional y personalizable dise\u00f1ado espec\u00edficamente para negocios de belleza y cosm\u00e9ticos utilizando WordPress y WooCommerce<\/li>\n<li>Caracter\u00edsticas de navegaci\u00f3n que hacen que su sitio sea f\u00e1cil de navegar y f\u00e1cil de usar para los clientes<\/li>\n<li>Dise\u00f1os personalizables que ponen sus productos y servicios al frente y al centro, lo que permite una f\u00e1cil promoci\u00f3n y ventas<\/li>\n<li>Plantillas predise\u00f1adas que permiten una construcci\u00f3n r\u00e1pida y f\u00e1cil de construcci\u00f3n de sitios web, ahorrar tiempo y molestias<\/li>\n<li>Opciones de dise\u00f1o flexibles que le permiten adaptar la apariencia de su sitio web para reflejar su marca \u00fanica y objetivos de marketing.<\/li>\n<li>Integraciones que permiten la venta y promoci\u00f3n de multicanal, que incluyen redes sociales, marketing por correo electr\u00f3nico y m\u00e1s<\/li>\n<li>P\u00e1ginas avanzadas de productos de WooCommerce que le permiten exhibir sus productos en detalle, proporcionando a los clientes una mejor comprensi\u00f3n de lo que est\u00e1n comprando<\/li>\n<li>Dise\u00f1o de respuesta m\u00f3vil para un acceso sin interrupciones y experiencia de navegaci\u00f3n en todos los dispositivos<\/li>\n<li>Documentaci\u00f3n integral y atenci\u00f3n al cliente para ayudar con cualquier problema o personalizaci\u00f3n.<\/li>\n<\/ul>\n","protected":false},"excerpt":{"rendered":"<p>El tema de WordPress de la belleza cosm\u00e9tica Vani es un tema exquisito y altamente sofisticado que satisface las necesidades de cualquier tienda de comercio electr\u00f3nico especializado en el \u00e1mbito de la belleza. Su dise\u00f1o excepcional y gran cantidad de caracter\u00edsticas personalizables permiten una experiencia de compra incomparable, lo que hace que su tienda en l\u00ednea sea el mejor destino para todos los requisitos de belleza y cosm\u00e9ticos. Adem\u00e1s, este tema cuenta con una capacidad de respuesta completa, asegurando una funcionalidad impecable en todos los dispositivos, garantizando as\u00ed una experiencia de navegaci\u00f3n ininterrumpida y perfecta para sus valiosos clientes. En particular, el tema de Vani se integra perfectamente con WooCommerce, una plataforma notablemente f\u00e1cil de usar e intuitiva ideada para administrar efectivamente su tienda en l\u00ednea. Adoptar el tema de WordPress de la belleza cosm\u00e9tica de Vani lo equipar\u00e1 con el arsenal integral de las herramientas necesarias para comercializar eficazmente y exhibir su gama de productos de belleza en la vasta extensi\u00f3n de la esfera digital.<\/p>\n","protected":false},"featured_media":167941,"comment_status":"open","ping_status":"open","template":"","meta":[],"product_brand":[2337],"product_cat":[1263,1469,1237],"product_tag":[1391],"class_list":{"0":"post-126420","1":"product","2":"type-product","3":"status-publish","4":"has-post-thumbnail","6":"product_brand-themeforest","7":"product_cat-comercio-electronico-temas","8":"product_cat-creativo-comercio-electronico-temas","9":"product_cat-temas","10":"product_tag-themeforest","11":"member-discount","12":"discount-restricted","14":"first","15":"instock","16":"sale","17":"downloadable","18":"virtual","19":"sold-individually","20":"purchasable","21":"product-type-simple"},"_links":{"self":[{"href":"https:\/\/gpl-love.com\/es\/wp-json\/wp\/v2\/product\/126420","targetHints":{"allow":["GET"]}}],"collection":[{"href":"https:\/\/gpl-love.com\/es\/wp-json\/wp\/v2\/product"}],"about":[{"href":"https:\/\/gpl-love.com\/es\/wp-json\/wp\/v2\/types\/product"}],"replies":[{"embeddable":true,"href":"https:\/\/gpl-love.com\/es\/wp-json\/wp\/v2\/comments?post=126420"}],"wp:featuredmedia":[{"embeddable":true,"href":"https:\/\/gpl-love.com\/es\/wp-json\/wp\/v2\/media\/167941"}],"wp:attachment":[{"href":"https:\/\/gpl-love.com\/es\/wp-json\/wp\/v2\/media?parent=126420"}],"wp:term":[{"taxonomy":"product_brand","embeddable":true,"href":"https:\/\/gpl-love.com\/es\/wp-json\/wp\/v2\/product_brand?post=126420"},{"taxonomy":"product_cat","embeddable":true,"href":"https:\/\/gpl-love.com\/es\/wp-json\/wp\/v2\/product_cat?post=126420"},{"taxonomy":"product_tag","embeddable":true,"href":"https:\/\/gpl-love.com\/es\/wp-json\/wp\/v2\/product_tag?post=126420"}],"curies":[{"name":"wp","href":"https:\/\/api.w.org\/{rel}","templated":true}]}}