{"id":126419,"date":"2021-05-06T00:00:00","date_gmt":"2021-05-06T05:00:00","guid":{"rendered":"https:\/\/gpl-love.com\/es\/producto\/valenti-wordpress-hd-review-magazine-news-theme\/"},"modified":"2026-04-10T11:30:06","modified_gmt":"2026-04-10T16:30:06","slug":"valenti-wordpress-hd-review-magazine-news-theme","status":"publish","type":"product","link":"https:\/\/gpl-love.com\/es\/producto\/valenti-wordpress-hd-review-magazine-news-theme\/","title":{"rendered":"Valenti WordPress HD Review Magazine News Theme 5.6.3.4"},"content":{"rendered":"<h3>Valenti WordPress HD Review Magazine News Theme Caracteristicas<\/h3>\n<p>El tema de noticias de la revista Valenti WordPress HD Review se presenta como la soluci\u00f3n definitiva para las personas con el objetivo de establecer una revista o sitio web de noticias de calidad excepcional. Con una variedad de caracter\u00edsticas, este tema permite a los usuarios exhibir su contenido de manera visualmente cautivadora y cautivadora. El sistema de revisi\u00f3n de HD dentro del tema facilita la inclusi\u00f3n de puntajes y calificaciones dentro de las revisiones, simplificando as\u00ed el proceso de identificaci\u00f3n de los productos y servicios m\u00e1s ejemplares para los lectores. Adem\u00e1s, Valenti est\u00e1 equipado con widgets personalizables, una gama ilimitada de esquemas de color y un dise\u00f1o receptivo, asegurando su optimizaci\u00f3n impecable para dispositivos de escritorio y m\u00f3viles. Adem\u00e1s, el tema abarca un potente constructor de p\u00e1ginas, otorgando as\u00ed a los usuarios la capacidad de generar dise\u00f1os y dise\u00f1os impresionantes sin esfuerzo, todos desprovistos de cualquier experiencia en codificaci\u00f3n. En consecuencia, si uno busca forjar un sitio web de naturaleza profesional y visualmente impresionante, el tema de noticias de la revista Valenti WordPress HD Review surge como una opci\u00f3n indiscutiblemente perfecta.<\/p>\n<ul>\n<li>Tema de WordPress de alta calidad dise\u00f1ado para sitios web de noticias y revisiones<\/li>\n<li>Soporte completo de 1080p HD para contenido visual hermoso<\/li>\n<li>Dise\u00f1o al estilo de revista con p\u00e1ginas de inicio y p\u00e1ginas de categor\u00eda personalizables<\/li>\n<li>M\u00faltiples opciones de dise\u00f1o posterior que incluyen cuadr\u00edcula, lista y cl\u00e1sico<\/li>\n<li>Sistema de revisi\u00f3n incorporado para exhibir evaluaciones de productos y servicios<\/li>\n<li>M\u00faltiples espacios publicitarios para monetizar su sitio web<\/li>\n<li>Dise\u00f1o totalmente receptivo para una visualizaci\u00f3n \u00f3ptima en todos los dispositivos<\/li>\n<li>Integraci\u00f3n con complementos populares como WooCommerce y BbPress<\/li>\n<li>Panel de opciones de temas f\u00e1ciles de usar para personalizaci\u00f3n sin codificar<\/li>\n<li>Documentaci\u00f3n integral y atenci\u00f3n al cliente de primer nivel.<\/li>\n<\/ul>\n","protected":false},"excerpt":{"rendered":"<p>Valenti WordPress HD Review Magazine News Tema, un tema excepcional, ha sido meticulosamente elaborado para satisfacer las necesidades de los editores que buscan un dise\u00f1o de sitio web pulido y sofisticado que impecablemente presenta su valioso contenido. Este tema es verdaderamente ideal para varias personas, a saber, bloggers, propietarios de revistas y organizaciones de noticias, ya que se enorgullece de su capacidad de respuesta, lo que le permite adaptarse perfectamente a diferentes dispositivos. Adem\u00e1s, hace alarde de un control deslizante de caracter\u00edsticas de pantalla completa atractiva, brindando a los usuarios la capacidad de personalizar su tipograf\u00eda, incorporar un sistema integrado de calificaciones y revisi\u00f3n, y exhibir una gran cantidad de caracter\u00edsticas adicionales.<\/p>\n","protected":false},"featured_media":167940,"comment_status":"open","ping_status":"open","template":"","meta":[],"product_brand":[2337],"product_cat":[1267,1237,1238],"product_tag":[1391],"class_list":{"0":"post-126419","1":"product","2":"type-product","3":"status-publish","4":"has-post-thumbnail","6":"product_brand-themeforest","7":"product_cat-creativo","8":"product_cat-temas","9":"product_cat-wordpress-temas","10":"product_tag-themeforest","11":"member-discount","12":"discount-restricted","14":"first","15":"instock","16":"sale","17":"downloadable","18":"virtual","19":"sold-individually","20":"purchasable","21":"product-type-simple"},"_links":{"self":[{"href":"https:\/\/gpl-love.com\/es\/wp-json\/wp\/v2\/product\/126419","targetHints":{"allow":["GET"]}}],"collection":[{"href":"https:\/\/gpl-love.com\/es\/wp-json\/wp\/v2\/product"}],"about":[{"href":"https:\/\/gpl-love.com\/es\/wp-json\/wp\/v2\/types\/product"}],"replies":[{"embeddable":true,"href":"https:\/\/gpl-love.com\/es\/wp-json\/wp\/v2\/comments?post=126419"}],"wp:featuredmedia":[{"embeddable":true,"href":"https:\/\/gpl-love.com\/es\/wp-json\/wp\/v2\/media\/167940"}],"wp:attachment":[{"href":"https:\/\/gpl-love.com\/es\/wp-json\/wp\/v2\/media?parent=126419"}],"wp:term":[{"taxonomy":"product_brand","embeddable":true,"href":"https:\/\/gpl-love.com\/es\/wp-json\/wp\/v2\/product_brand?post=126419"},{"taxonomy":"product_cat","embeddable":true,"href":"https:\/\/gpl-love.com\/es\/wp-json\/wp\/v2\/product_cat?post=126419"},{"taxonomy":"product_tag","embeddable":true,"href":"https:\/\/gpl-love.com\/es\/wp-json\/wp\/v2\/product_tag?post=126419"}],"curies":[{"name":"wp","href":"https:\/\/api.w.org\/{rel}","templated":true}]}}