{"id":126418,"date":"2025-06-13T00:00:00","date_gmt":"2025-06-13T05:00:00","guid":{"rendered":"https:\/\/gpl-love.com\/es\/producto\/valen-sport-fashion-woocommerce-wordpress-theme\/"},"modified":"2026-04-10T11:30:05","modified_gmt":"2026-04-10T16:30:05","slug":"valen-sport-fashion-woocommerce-wordpress-theme","status":"publish","type":"product","link":"https:\/\/gpl-love.com\/es\/producto\/valen-sport-fashion-woocommerce-wordpress-theme\/","title":{"rendered":"Valen Sport Fashion WooCommerce WordPress Theme 2.5"},"content":{"rendered":"<h3>Valen Sport Fashion WooCommerce WordPress Theme Caracteristicas<\/h3>\n<p>Valen Sport Fashion WooCommerce WordPress El tema es un tema de WordPress de alta calidad, contempor\u00e1neo y elegante que se adapta particularmente a las empresas en la industria de la moda, incluida la moda deportiva, la ropa, los accesorios y otros productos relacionados con la moda. Este tema ofrece un notable nivel de flexibilidad, ya que puede personalizarse completamente de acuerdo con sus preferencias, todo mientras cuenta con un dise\u00f1o elegante e inmaculado que mejora significativamente la experiencia general del usuario. Adem\u00e1s, su dise\u00f1o totalmente receptivo permite una adaptabilidad perfecta en todos los tama\u00f1os de pantalla, lo que garantiza que su sitio web se vea impecable en cualquier dispositivo.<\/p>\n<p>La interfaz instintiva e instintiva de Valen Fashion de Valen Sport WooCommerce WordPress le permite administrar sin esfuerzo su tienda en l\u00ednea, facilitando las ventas y la administraci\u00f3n de sus productos. Con su integraci\u00f3n con WooCommerce, puede vender sin esfuerzo sus productos en l\u00ednea, simplificando todo el proceso. Adem\u00e1s, este tema proporciona una gran cantidad de p\u00e1ginas predise\u00f1adas, widgets y c\u00f3digos cortos, simplificando de manera efectiva la configuraci\u00f3n y personalizaci\u00f3n de su sitio web para satisfacer sus requisitos \u00fanicos.<\/p>\n<p>En resumen, Valen Sport Fashion WooCommerce WordPress Theme es una elecci\u00f3n excepcional para las personas que buscan un tema contempor\u00e1neo y elegante de WordPress para exhibir sus productos de moda en un entorno en l\u00ednea.<\/p>\n<ul>\n<li>Dise\u00f1o elegante y moderno perfecto para sitios web deportivos y de moda.<\/li>\n<li>El dise\u00f1o receptivo y amigable para los dispositivos m\u00f3viles garantiza una experiencia de usuario perfecta en todos los dispositivos.<\/li>\n<li>Compatible con el popular complemento de WooCommerce para una f\u00e1cil configuraci\u00f3n y gesti\u00f3n de la tienda en l\u00ednea.<\/li>\n<li>P\u00e1gina de inicio personalizable con creador de arrastre y ca\u00edda y m\u00faltiples opciones de dise\u00f1o.<\/li>\n<li>6+ demostraciones preconstruidas para impulsar el proceso de dise\u00f1o de su sitio web.<\/li>\n<li>Widgets y c\u00f3digos cortos personalizados para su mayor funcionalidad y flexibilidad.<\/li>\n<li>Integraci\u00f3n con plataformas de redes sociales populares para aumentar su presencia en l\u00ednea.<\/li>\n<li>Panel de opciones de temas f\u00e1ciles de usar para personalizar colores, fuentes y otros elementos de dise\u00f1o.<\/li>\n<li>Velocidad de carga r\u00e1pida optimizada para una mejor clasificaci\u00f3n de motores de b\u00fasqueda y retenci\u00f3n de usuarios.<\/li>\n<li>Las actualizaciones peri\u00f3dicas y la atenci\u00f3n al cliente dedicada le garantizan que se mantenga por delante de sus competidores.<\/li>\n<\/ul>\n","protected":false},"excerpt":{"rendered":"<p>El tema de WordPress de Valen Sport Fashion WooCommerce, con su dise\u00f1o elegante y contempor\u00e1neo, es una opci\u00f3n ideal para sitios web relacionados con deportes o moda. Este tema cuenta con un dise\u00f1o de p\u00e1gina de inicio totalmente personalizable, que le brinda la flexibilidad de adaptarlo de acuerdo con sus preferencias. Adem\u00e1s, tiene la opci\u00f3n de personalizar el encabezado y el pie de p\u00e1gina, lo que le permite crear un aspecto \u00fanico y personalizado para su sitio web.<\/p>\n","protected":false},"featured_media":167939,"comment_status":"open","ping_status":"open","template":"","meta":[],"product_brand":[2337],"product_cat":[1263,1469,1237],"product_tag":[1391],"class_list":{"0":"post-126418","1":"product","2":"type-product","3":"status-publish","4":"has-post-thumbnail","6":"product_brand-themeforest","7":"product_cat-comercio-electronico-temas","8":"product_cat-creativo-comercio-electronico-temas","9":"product_cat-temas","10":"product_tag-themeforest","11":"member-discount","12":"discount-restricted","14":"first","15":"instock","16":"sale","17":"downloadable","18":"virtual","19":"sold-individually","20":"purchasable","21":"product-type-simple"},"_links":{"self":[{"href":"https:\/\/gpl-love.com\/es\/wp-json\/wp\/v2\/product\/126418","targetHints":{"allow":["GET"]}}],"collection":[{"href":"https:\/\/gpl-love.com\/es\/wp-json\/wp\/v2\/product"}],"about":[{"href":"https:\/\/gpl-love.com\/es\/wp-json\/wp\/v2\/types\/product"}],"replies":[{"embeddable":true,"href":"https:\/\/gpl-love.com\/es\/wp-json\/wp\/v2\/comments?post=126418"}],"wp:featuredmedia":[{"embeddable":true,"href":"https:\/\/gpl-love.com\/es\/wp-json\/wp\/v2\/media\/167939"}],"wp:attachment":[{"href":"https:\/\/gpl-love.com\/es\/wp-json\/wp\/v2\/media?parent=126418"}],"wp:term":[{"taxonomy":"product_brand","embeddable":true,"href":"https:\/\/gpl-love.com\/es\/wp-json\/wp\/v2\/product_brand?post=126418"},{"taxonomy":"product_cat","embeddable":true,"href":"https:\/\/gpl-love.com\/es\/wp-json\/wp\/v2\/product_cat?post=126418"},{"taxonomy":"product_tag","embeddable":true,"href":"https:\/\/gpl-love.com\/es\/wp-json\/wp\/v2\/product_tag?post=126418"}],"curies":[{"name":"wp","href":"https:\/\/api.w.org\/{rel}","templated":true}]}}