{"id":126417,"date":"2021-06-14T00:00:00","date_gmt":"2021-06-14T05:00:00","guid":{"rendered":"https:\/\/gpl-love.com\/es\/producto\/uvo-seo-y-digital-marketing-theme\/"},"modified":"2026-04-10T11:30:04","modified_gmt":"2026-04-10T16:30:04","slug":"uvo-seo-y-digital-marketing-theme","status":"publish","type":"product","link":"https:\/\/gpl-love.com\/es\/producto\/uvo-seo-y-digital-marketing-theme\/","title":{"rendered":"UVO SEO y Digital Marketing Theme 1.0.2"},"content":{"rendered":"<h3>UVO SEO y Digital Marketing Theme Caracteristicas<\/h3>\n<p>Uvo SEO y el tema de marketing digital es una soluci\u00f3n incre\u00edblemente robusta e integral que es ideal para las empresas que buscan mejorar su presencia en l\u00ednea en la mayor medida posible. Este tema ha sido dise\u00f1ado espec\u00edficamente con el prop\u00f3sito de optimizar su sitio web para la optimizaci\u00f3n de motores de b\u00fasqueda y el marketing digital, asegurando que est\u00e9 perfectamente adaptado para elevar la visibilidad y el rendimiento de su sitio web en las b\u00fasquedas en l\u00ednea. Con su interfaz f\u00e1cil e instintiva, puede generar sin esfuerzo contenido de primer nivel, ajustar su sitio web para maximizar su potencial de SEO e implementar estrategias de manera efectiva para el marketing digital. Adem\u00e1s, este tema est\u00e1 equipado con una amplia gama de opciones personalizables, lo que le brinda la oportunidad de personalizar tanto el dise\u00f1o como la funcionalidad de su sitio web para satisfacer sus requisitos individualizados. Independientemente de si aspira a mejorar las clasificaciones de su sitio web, amplificar su tr\u00e1fico u optimizar las conversiones, puede estar seguro de que el tema de SEO y el marketing digital de UVO demostrar\u00e1 ser una opci\u00f3n verdaderamente impecable para cualquier empresa que aspira a lograr un \u00e9xito resonante en el digital digital. reino.<\/p>\n<ul>\n<li>Tema de marketing digital y SEO totalmente personalizable para WordPress<\/li>\n<li>M\u00faltiples variaciones de p\u00e1gina de inicio y plantillas de p\u00e1gina incluidas<\/li>\n<li>Soporte incorporado para complementos de SEO populares, incluidos yoast y el paquete de SEO todo en uno<\/li>\n<li>Dise\u00f1o de respuesta para dispositivos m\u00f3viles para una visualizaci\u00f3n \u00f3ptima en todos los dispositivos<\/li>\n<li>Opciones personalizables de encabezado y pie de p\u00e1gina<\/li>\n<li>Potente constructor de p\u00e1ginas con una interfaz de arrastrar y soltar para una f\u00e1cil creaci\u00f3n y personalizaci\u00f3n de contenido<\/li>\n<li>Widgets personalizados para mostrar alimentos en las redes sociales, testimonios y m\u00e1s<\/li>\n<li>Integrado con complementos de comercio electr\u00f3nico populares, incluidos WooCommerce y descargas digitales f\u00e1ciles<\/li>\n<li>F\u00e1cil integraci\u00f3n con servicios populares de marketing por correo electr\u00f3nico, incluidos MailChimp y Convertkit<\/li>\n<li>Funci\u00f3n de importaci\u00f3n de demostraci\u00f3n de un solo clic para una f\u00e1cil configuraci\u00f3n y comenzar.<\/li>\n<\/ul>\n","protected":false},"excerpt":{"rendered":"<p>\u00a1Estamos orgullosos de presentar el tema de SEO y el marketing digital de UVO, una herramienta que lo abarca todo que tiene como objetivo revolucionar y elevar su presencia en l\u00ednea a nuevas alturas! Meticulosamente elaborado con la m\u00e1xima consideraci\u00f3n para la optimizaci\u00f3n de SEO y las estrategias de marketing digital, este tema cuenta con una gran cantidad de caracter\u00edsticas personalizables que lo capacitar\u00e1n para crear un sitio web que deslumbra y cautiva. Desde su interfaz de usuario intuitivamente dise\u00f1ada hasta su marco sin problemas, UVO est\u00e1 a medida para las empresas que buscan aumentar su visibilidad en l\u00ednea y atraer un aumento de tr\u00e1fico a sus puertas virtuales. Sum\u00e9rjase en la mir\u00edada de funcionalidades avanzadas que UVO ofrece, como la capacidad de personalizar los widgets, integrar sin problemas las plataformas de redes sociales y optar por elementos de dise\u00f1o elegantes y elegantes, todos los cuales est\u00e1n orientados a construir y solidificar su marca mientras cautivan sus siempre -Anudir audiencia. \u00a1Abrace el poder de UVO y prep\u00e1rese para un viaje sin precedentes que impulsar\u00e1 sus esfuerzos de marketing digital a territorios desconocidos!<\/p>\n","protected":false},"featured_media":167938,"comment_status":"open","ping_status":"open","template":"","meta":[],"product_brand":[2337],"product_cat":[1267,1237,1238],"product_tag":[1391],"class_list":{"0":"post-126417","1":"product","2":"type-product","3":"status-publish","4":"has-post-thumbnail","6":"product_brand-themeforest","7":"product_cat-creativo","8":"product_cat-temas","9":"product_cat-wordpress-temas","10":"product_tag-themeforest","11":"member-discount","12":"discount-restricted","14":"first","15":"instock","16":"sale","17":"downloadable","18":"virtual","19":"sold-individually","20":"purchasable","21":"product-type-simple"},"_links":{"self":[{"href":"https:\/\/gpl-love.com\/es\/wp-json\/wp\/v2\/product\/126417","targetHints":{"allow":["GET"]}}],"collection":[{"href":"https:\/\/gpl-love.com\/es\/wp-json\/wp\/v2\/product"}],"about":[{"href":"https:\/\/gpl-love.com\/es\/wp-json\/wp\/v2\/types\/product"}],"replies":[{"embeddable":true,"href":"https:\/\/gpl-love.com\/es\/wp-json\/wp\/v2\/comments?post=126417"}],"wp:featuredmedia":[{"embeddable":true,"href":"https:\/\/gpl-love.com\/es\/wp-json\/wp\/v2\/media\/167938"}],"wp:attachment":[{"href":"https:\/\/gpl-love.com\/es\/wp-json\/wp\/v2\/media?parent=126417"}],"wp:term":[{"taxonomy":"product_brand","embeddable":true,"href":"https:\/\/gpl-love.com\/es\/wp-json\/wp\/v2\/product_brand?post=126417"},{"taxonomy":"product_cat","embeddable":true,"href":"https:\/\/gpl-love.com\/es\/wp-json\/wp\/v2\/product_cat?post=126417"},{"taxonomy":"product_tag","embeddable":true,"href":"https:\/\/gpl-love.com\/es\/wp-json\/wp\/v2\/product_tag?post=126417"}],"curies":[{"name":"wp","href":"https:\/\/api.w.org\/{rel}","templated":true}]}}