{"id":126416,"date":"2023-06-05T00:00:00","date_gmt":"2023-06-05T05:00:00","guid":{"rendered":"https:\/\/gpl-love.com\/es\/producto\/utouch-startup-business-y-digital-technology-wordpress-theme\/"},"modified":"2026-04-10T11:30:03","modified_gmt":"2026-04-10T16:30:03","slug":"utouch-startup-business-y-digital-technology-wordpress-theme","status":"publish","type":"product","link":"https:\/\/gpl-love.com\/es\/producto\/utouch-startup-business-y-digital-technology-wordpress-theme\/","title":{"rendered":"Utouch Startup Business y Digital Technology WordPress Theme 3.3.4"},"content":{"rendered":"<h3>Utouch Startup Business y Digital Technology WordPress Theme Caracteristicas<\/h3>\n<p>El tema de WordPress Business y Digital Technology de UTouch es un tema excepcionalmente de alta calidad y extremadamente moderno que es exquisitamente adecuado para las empresas de inicio y las empresas de tecnolog\u00eda digital. Este tema ha sido meticulosamente elaborado con un dise\u00f1o meticulosamente limpio e innegablemente profesional que ha sido meticulosamente optimizado con el prop\u00f3sito expl\u00edcito de mostrar sus productos y servicios excepcionales. Adem\u00e1s, este tema extraordinario est\u00e1 repleto de una extensa gama de plantillas preconstruidas meticulosamente dise\u00f1adas y bloques meticulosamente elaborados que se sinergizan sin problemas para facilitar la creaci\u00f3n sin esfuerzo de un sitio web exquisitamente personalizado que est\u00e1 perfectamente personalizado para satisfacer las necesidades \u00fanicas e idiosincr\u00e1ticas de su negocio de burying de su burying. empresa. Adem\u00e1s, este tema incomparable incorpora una amplia variedad de caracter\u00edsticas notablemente robustas, como su dise\u00f1o receptivo incomparable, la optimizaci\u00f3n de motores de b\u00fasqueda astutos y sus opciones de personalizaci\u00f3n sin esfuerzo intuitivas, todos los cuales se combinan sinn\u00e9rgicamente para empoderarlo para forjar una presencia en l\u00ednea indeleble que es que es que es una presencia en l\u00ednea indeleble que es que es que es que es irreprochable. En resumen, si est\u00e1 buscando \u00e1vidamente un tema excepcionalmente maleable y deslumbrante y deslumbrante que lo ayudar\u00e1 a la creaci\u00f3n de un sitio web visualmente que se detiene visualmente que cautivar\u00e1 positivamente la atenci\u00f3n de su p\u00fablico objetivo y impulsar\u00e1 su empresa de inicio o una compa\u00f1\u00eda de tecnolog\u00eda digital a las alturas vertiginales de las alturas de las alturas de El \u00e9xito sin precedentes, entonces es evidente que Utouch es una opci\u00f3n completamente excelente que simplemente no se puede pasar por alto.<\/p>\n<ul>\n<li>Un dise\u00f1o moderno y limpio que es perfecto para empresas de inicio y compa\u00f1\u00edas de tecnolog\u00eda digital<\/li>\n<li>Incluye varios dise\u00f1os de p\u00e1gina de inicio y opciones de cartera para mostrar su trabajo<\/li>\n<li>Compatibilidad incorporada con complementos populares como WooCommerce, Contact Form 7 y WPML<\/li>\n<li>Dise\u00f1o totalmente receptivo que se ve muy bien en todos los dispositivos y tama\u00f1os de pantalla<\/li>\n<li>Incluye el creador de p\u00e1ginas de arrastrar y soltar, lo que permite una f\u00e1cil personalizaci\u00f3n y creaci\u00f3n de dise\u00f1os \u00fanicos<\/li>\n<li>SEO optimizado para conducir mejores clasificaciones de motores de b\u00fasqueda<\/li>\n<li>Documentaci\u00f3n extensa y tutoriales en video para una f\u00e1cil configuraci\u00f3n y personalizaci\u00f3n<\/li>\n<li>Equipo de apoyo dedicado y amigable para brindar asistencia y responder cualquier pregunta<\/li>\n<\/ul>\n","protected":false},"excerpt":{"rendered":"<p>Perm\u00edtanos presentarle el notable negocio de la empresa de inicio de UTouch y la tecnolog\u00eda digital de WordPress, una soluci\u00f3n ideal para aquellas personas que buscan establecer una presencia en l\u00ednea altamente sofisticada y profesional. Este tema extraordinario ha sido dise\u00f1ado meticulosamente para satisfacer espec\u00edficamente las necesidades \u00fanicas de las empresas de inicio y las compa\u00f1\u00edas de tecnolog\u00eda digital, ofreciendo una amplia gama de caracter\u00edsticas avanzadas y opciones de personalizaci\u00f3n que le permitir\u00e1n crear un sitio web verdaderamente excepcional y visualmente captivante dentro de un sitio web notablemente corto. lapso de tiempo. Con su multitud de dise\u00f1os de demostraci\u00f3n, un dise\u00f1o impecablemente receptivo y una navegaci\u00f3n intuitivamente f\u00e1cil de usar, UTOUCH se asegura de que su sitio web se destaque inequ\u00edvocamente del vasto mar de competidores, capturando la atenci\u00f3n sin divisi\u00f3n de su audiencia precisamente dirigida. Independientemente de si se encuentra en el \u00e1mbito del emprendimiento tecnol\u00f3gico o el dominio exaltado del dominio de marketing digital, tenga la seguridad de que Utouch posee todas las herramientas invaluables necesarias para impulsar con \u00e9xito su negocio a la esfera en l\u00ednea, lo que le permite elevar y amplificar su Estimado marca a la estratosfera impresionante del siguiente nivel.<\/p>\n","protected":false},"featured_media":167937,"comment_status":"open","ping_status":"open","template":"","meta":[],"product_brand":[2337],"product_cat":[1239,1237,1238],"product_tag":[1391],"class_list":{"0":"post-126416","1":"product","2":"type-product","3":"status-publish","4":"has-post-thumbnail","6":"product_brand-themeforest","7":"product_cat-de-multiples-fines","8":"product_cat-temas","9":"product_cat-wordpress-temas","10":"product_tag-themeforest","11":"member-discount","12":"discount-restricted","14":"first","15":"instock","16":"sale","17":"downloadable","18":"virtual","19":"sold-individually","20":"purchasable","21":"product-type-simple"},"_links":{"self":[{"href":"https:\/\/gpl-love.com\/es\/wp-json\/wp\/v2\/product\/126416","targetHints":{"allow":["GET"]}}],"collection":[{"href":"https:\/\/gpl-love.com\/es\/wp-json\/wp\/v2\/product"}],"about":[{"href":"https:\/\/gpl-love.com\/es\/wp-json\/wp\/v2\/types\/product"}],"replies":[{"embeddable":true,"href":"https:\/\/gpl-love.com\/es\/wp-json\/wp\/v2\/comments?post=126416"}],"wp:featuredmedia":[{"embeddable":true,"href":"https:\/\/gpl-love.com\/es\/wp-json\/wp\/v2\/media\/167937"}],"wp:attachment":[{"href":"https:\/\/gpl-love.com\/es\/wp-json\/wp\/v2\/media?parent=126416"}],"wp:term":[{"taxonomy":"product_brand","embeddable":true,"href":"https:\/\/gpl-love.com\/es\/wp-json\/wp\/v2\/product_brand?post=126416"},{"taxonomy":"product_cat","embeddable":true,"href":"https:\/\/gpl-love.com\/es\/wp-json\/wp\/v2\/product_cat?post=126416"},{"taxonomy":"product_tag","embeddable":true,"href":"https:\/\/gpl-love.com\/es\/wp-json\/wp\/v2\/product_tag?post=126416"}],"curies":[{"name":"wp","href":"https:\/\/api.w.org\/{rel}","templated":true}]}}