{"id":126404,"date":"2025-02-06T00:00:00","date_gmt":"2025-02-06T05:00:00","guid":{"rendered":"https:\/\/gpl-love.com\/es\/producto\/minimalistblogger\/"},"modified":"2026-04-10T11:16:41","modified_gmt":"2026-04-10T16:16:41","slug":"minimalistblogger","status":"publish","type":"product","link":"https:\/\/gpl-love.com\/es\/producto\/minimalistblogger\/","title":{"rendered":"MinimalistBlogger 126.0"},"content":{"rendered":"<h3>MinimalistBlogger Caracteristicas<\/h3>\n<p>MinimalistBlogger, una herramienta innovadora dise\u00f1ada espec\u00edficamente para bloggers que priorizan el contenido sobre el dise\u00f1o, proporciona una gran cantidad de funcionalidades robustas. En virtud de su interfaz elegante y despejada, los usuarios pueden generar y compartir publicaciones de blog cautivadoras, libres de la onerosa carga de configuraciones intrincadas y atributos superfluos. Adem\u00e1s, esta plataforma notable facilita las opciones de personalizaci\u00f3n incomparables, lo que permite a los usuarios otorgar a su blog una sensaci\u00f3n incomparable de singularidad, al tiempo que preservan simult\u00e1neamente su funcionalidad. MinimalistBlogger representa el ep\u00edtome de la simplicidad y el dise\u00f1o f\u00e1cil de usar, lo que lo convierte en la mejor opci\u00f3n para los blogueros exigentes que anhelan canalizar sus energ\u00edas principalmente hacia perfeccionar su destreza de escritura.<\/p>\n<ul>\n<li>Dise\u00f1o limpio y moderno para una apariencia profesional en su sitio web<\/li>\n<li>F\u00e1cil de usar y personalizar con una interfaz f\u00e1cil de usar<\/li>\n<li>Optimizado para dispositivos m\u00f3viles con dise\u00f1o receptivo<\/li>\n<li>Optimizaci\u00f3n de SEO incorporada para una mejor clasificaci\u00f3n del motor de b\u00fasqueda<\/li>\n<li>Velocidades de carga r\u00e1pida para mejorar la experiencia del usuario y reducir las tasas de rebote<\/li>\n<li>Integraci\u00f3n de las redes sociales para un f\u00e1cil intercambio y promoci\u00f3n de su contenido<\/li>\n<li>Opciones de dise\u00f1o m\u00faltiples y compatible con varios tipos de contenido que incluyen audio y video<\/li>\n<li>Actualizaciones y soporte regulares del desarrollador para garantizar la m\u00e1xima funcionalidad y seguridad.<\/li>\n<\/ul>\n","protected":false},"excerpt":{"rendered":"<p>MinimalistBlogger, una plataforma en l\u00ednea excepcional, le ofrece la maravillosa oportunidad de crear y dise\u00f1ar un blog minimalista exquisito que se alinee perfectamente con su estilo \u00fanico, al tiempo que garantiza que sus estimados lectores permanezcan completamente absortos en su contenido cautivador. Esta plataforma fenomenal le proporciona graciosamente una amplia gama de plantillas personalizables, junto con herramientas notables de optimizaci\u00f3n de motores de b\u00fasqueda (SEO) e integraci\u00f3n perfecta con varias plataformas de redes sociales, lo que hace que el proceso de elaboraci\u00f3n de un blog pulido y sofisticado sea una v\u00edspera absoluta . Independientemente de si usted es un blogger experimentado con un impresionante repertorio de experiencia, o un aspirante a escritor que se aventura en el mundo cautivador de los blogs por primera vez, Minimalistblogger simplifica de todo coraz\u00f3n la tarea de mostrar su notable prowapas de escritura y fomentar una conexi\u00f3n genuina y profunda. con tu preciada audiencia.<\/p>\n","protected":false},"featured_media":166785,"comment_status":"open","ping_status":"open","template":"","meta":[],"product_brand":[2378],"product_cat":[1245,1237,1238],"product_tag":[2262],"class_list":{"0":"post-126404","1":"product","2":"type-product","3":"status-publish","4":"has-post-thumbnail","6":"product_brand-superb-themes","7":"product_cat-blog-revista","8":"product_cat-temas","9":"product_cat-wordpress-temas","10":"product_tag-superb-themes","11":"member-discount","12":"discount-restricted","14":"first","15":"instock","16":"sale","17":"downloadable","18":"virtual","19":"sold-individually","20":"purchasable","21":"product-type-simple"},"_links":{"self":[{"href":"https:\/\/gpl-love.com\/es\/wp-json\/wp\/v2\/product\/126404","targetHints":{"allow":["GET"]}}],"collection":[{"href":"https:\/\/gpl-love.com\/es\/wp-json\/wp\/v2\/product"}],"about":[{"href":"https:\/\/gpl-love.com\/es\/wp-json\/wp\/v2\/types\/product"}],"replies":[{"embeddable":true,"href":"https:\/\/gpl-love.com\/es\/wp-json\/wp\/v2\/comments?post=126404"}],"wp:featuredmedia":[{"embeddable":true,"href":"https:\/\/gpl-love.com\/es\/wp-json\/wp\/v2\/media\/166785"}],"wp:attachment":[{"href":"https:\/\/gpl-love.com\/es\/wp-json\/wp\/v2\/media?parent=126404"}],"wp:term":[{"taxonomy":"product_brand","embeddable":true,"href":"https:\/\/gpl-love.com\/es\/wp-json\/wp\/v2\/product_brand?post=126404"},{"taxonomy":"product_cat","embeddable":true,"href":"https:\/\/gpl-love.com\/es\/wp-json\/wp\/v2\/product_cat?post=126404"},{"taxonomy":"product_tag","embeddable":true,"href":"https:\/\/gpl-love.com\/es\/wp-json\/wp\/v2\/product_tag?post=126404"}],"curies":[{"name":"wp","href":"https:\/\/api.w.org\/{rel}","templated":true}]}}