{"id":126402,"date":"2025-02-06T00:00:00","date_gmt":"2025-02-06T05:00:00","guid":{"rendered":"https:\/\/gpl-love.com\/es\/producto\/membershiply\/"},"modified":"2026-04-10T11:16:26","modified_gmt":"2026-04-10T16:16:26","slug":"membershiply","status":"publish","type":"product","link":"https:\/\/gpl-love.com\/es\/producto\/membershiply\/","title":{"rendered":"Membershiply 116.0"},"content":{"rendered":"<h3>Membershiply Caracteristicas<\/h3>\n<p>Membresshiply es una soluci\u00f3n de software integral para la gesti\u00f3n de membres\u00eda que atiende a empresas y organizaciones de todos los tama\u00f1os. Ofrece una amplia gama de caracter\u00edsticas avanzadas y cuenta con una interfaz f\u00e1cil de usar, por lo que es una opci\u00f3n ideal para aquellos que buscan optimizar sus procesos de membres\u00eda, automatizar tareas y aumentar la productividad general. Uno de los beneficios clave de la membres\u00eda es su capacidad para administrar eficientemente los datos de membres\u00eda, lo que permite a las organizaciones realizar un seguimiento f\u00e1cilmente del estado de la membres\u00eda, enviar correos electr\u00f3nicos automatizados y generar informes. Adem\u00e1s, la membres\u00eda va m\u00e1s all\u00e1 al proporcionar un portal de miembros personalizable, otorgando a los miembros el control total sobre sus cuentas y facilitando la comunicaci\u00f3n perfecta con la organizaci\u00f3n. Adem\u00e1s, el software ofrece capacidades de procesamiento de pagos incorporadas, simplificando la gesti\u00f3n de tarifas y la recolecci\u00f3n. Con los miembros a su disposici\u00f3n, las empresas y las organizaciones pueden optimizar sin esfuerzo sus procesos de gesti\u00f3n de membres\u00eda, lo que resulta en una mejor comunicaci\u00f3n y una mejor satisfacci\u00f3n de los miembros.<\/p>\n<ul>\n<li>Membershiply es una plataforma basada en la web que ayuda a las empresas a administrar sus membres\u00edas de manera m\u00e1s eficiente.<\/li>\n<li>Con membres\u00eda, las empresas pueden crear y administrar f\u00e1cilmente membres\u00edas, configurar pagos recurrentes y rastrear la actividad y el compromiso de los miembros.<\/li>\n<li>La plataforma permite a las empresas personalizar sus planes de membres\u00eda, desde el precio hasta los niveles de acceso y las ventajas.<\/li>\n<li>Las empresas tambi\u00e9n pueden usar la membres\u00eda para comunicarse con sus miembros a trav\u00e9s de mensajes y anuncios espec\u00edficos.<\/li>\n<li>Membershiply proporciona a las empresas an\u00e1lisis en tiempo real e informes sobre tendencias y rendimiento de membres\u00eda.<\/li>\n<li>La plataforma es intuitiva y f\u00e1cil de usar, lo que facilita a las empresas a los miembros a bordo y los mantienen comprometidos.<\/li>\n<li>Membershiply ofrece integraciones con procesadores de pago populares, plataformas CRM y herramientas de automatizaci\u00f3n de marketing.<\/li>\n<li>Las empresas pueden beneficiarse del servicio de atenci\u00f3n al cliente 24\/7 y un gerente de cuentas dedicado para ayudar con cualquier pregunta o problema.<\/li>\n<\/ul>\n","protected":false},"excerpt":{"rendered":"<p>Membershiply es un sistema de gesti\u00f3n de membres\u00eda excepcionalmente innovador y de vanguardia que brinda a las empresas y organizaciones la notable capacidad de organizar, rastrear meticulosamente y administrar meticulosamente y administrar astutamente a sus estimados miembros. En virtud de su interfaz intuitiva f\u00e1cil de usar y sus caracter\u00edsticas altamente personalizables, los miembros de la membres\u00eda mejoran y optimizan las membres\u00edas a menudo engorrosas y que requieren mucho tiempo, simplificando notablemente y facilitando la capacidad de las empresas para administrar las membres\u00edas de manera efectiva y sin problemas, automatizar el proceso de renovaci\u00f3n, diligentemente diligentemente Realice un seguimiento de los pagos y env\u00ede por expertos comunicaciones personalizadas y personalizadas a sus apreciados miembros. Independientemente de si un negocio es un club diminuto, una asociaci\u00f3n pr\u00f3spera o una organizaci\u00f3n expansiva y multifac\u00e9tica, que membres\u00eda indiscutiblemente la soluci\u00f3n por excelencia e incomparable para administrar las membres\u00edas sin esfuerzo con una facilidad incomparable, una eficiencia notable y una efectividad incomparable.<\/p>\n","protected":false},"featured_media":166764,"comment_status":"open","ping_status":"open","template":"","meta":[],"product_brand":[2378],"product_cat":[1307,1237,1238],"product_tag":[2262],"class_list":{"0":"post-126402","1":"product","2":"type-product","3":"status-publish","4":"has-post-thumbnail","6":"product_brand-superb-themes","7":"product_cat-negocio-wordpress-temas","8":"product_cat-temas","9":"product_cat-wordpress-temas","10":"product_tag-superb-themes","11":"member-discount","12":"discount-restricted","14":"first","15":"instock","16":"sale","17":"downloadable","18":"virtual","19":"sold-individually","20":"purchasable","21":"product-type-simple"},"_links":{"self":[{"href":"https:\/\/gpl-love.com\/es\/wp-json\/wp\/v2\/product\/126402","targetHints":{"allow":["GET"]}}],"collection":[{"href":"https:\/\/gpl-love.com\/es\/wp-json\/wp\/v2\/product"}],"about":[{"href":"https:\/\/gpl-love.com\/es\/wp-json\/wp\/v2\/types\/product"}],"replies":[{"embeddable":true,"href":"https:\/\/gpl-love.com\/es\/wp-json\/wp\/v2\/comments?post=126402"}],"wp:featuredmedia":[{"embeddable":true,"href":"https:\/\/gpl-love.com\/es\/wp-json\/wp\/v2\/media\/166764"}],"wp:attachment":[{"href":"https:\/\/gpl-love.com\/es\/wp-json\/wp\/v2\/media?parent=126402"}],"wp:term":[{"taxonomy":"product_brand","embeddable":true,"href":"https:\/\/gpl-love.com\/es\/wp-json\/wp\/v2\/product_brand?post=126402"},{"taxonomy":"product_cat","embeddable":true,"href":"https:\/\/gpl-love.com\/es\/wp-json\/wp\/v2\/product_cat?post=126402"},{"taxonomy":"product_tag","embeddable":true,"href":"https:\/\/gpl-love.com\/es\/wp-json\/wp\/v2\/product_tag?post=126402"}],"curies":[{"name":"wp","href":"https:\/\/api.w.org\/{rel}","templated":true}]}}