{"id":126400,"date":"2025-02-06T00:00:00","date_gmt":"2025-02-06T05:00:00","guid":{"rendered":"https:\/\/gpl-love.com\/es\/producto\/marketingly\/"},"modified":"2026-03-13T17:24:04","modified_gmt":"2026-03-13T22:24:04","slug":"marketingly","status":"publish","type":"product","link":"https:\/\/gpl-love.com\/es\/producto\/marketingly\/","title":{"rendered":"Marketingly 133.0"},"content":{"rendered":"<h3>Marketingly Caracteristicas<\/h3>\n<p>Marketingly es una plataforma de software de automatizaci\u00f3n de marketing de vanguardia y de vanguardia que ofrece una variedad de caracter\u00edsticas y funcionalidades integrales para ayudar a las empresas a racionalizar y optimizar de manera efectiva sus campa\u00f1as de marketing, lo que resulta en un impulso significativo en la generaci\u00f3n de leads. A trav\u00e9s de la utilizaci\u00f3n del mercado, a las empresas se les otorga la notable capacidad de crear, administrar y supervisar sin esfuerzo una amplia gama de elementos de marketing cruciales, como campa\u00f1as de marketing por correo electr\u00f3nico, publicaciones en redes sociales, p\u00e1ginas de destino y seminarios web, todo dentro de los l\u00edmites de un solo , Panel de control integrado. Adem\u00e1s, el software tambi\u00e9n abarca una variedad de herramientas de an\u00e1lisis inmensamente potentes y perspicaces, que capacitan efectivamente a las empresas al proporcionarles datos invaluables y conocimientos valiosos relacionados con el rendimiento de la campa\u00f1a y el comportamiento del cliente. Los creadores de Marketingly han tenido mucho cuidado para garantizar que el software sea excepcionalmente f\u00e1cil de usar e intuitivamente dise\u00f1ado, lo que lo hace notablemente sin esfuerzo para empresas de todos los tama\u00f1os y \u00e1mbitos para implementar, ejecutar y explotar completamente el gran potencial y las capacidades de este marketing revolucionario Software de automatizaci\u00f3n. Como resultado, las empresas que capitalizan el poder y las capacidades excepcionales que el mercado tienen para ofrecer pueden experimentar una multitud de beneficios que cambian el juego, como ahorros de tiempo sustanciales, un impulso significativo en retorno de la inversi\u00f3n (ROI) y una expansi\u00f3n sustancial de Su base de clientes, estableci\u00e9ndose efectivamente como l\u00edderes de la industria y ganando una ventaja competitiva sobre sus hom\u00f3logos.<\/p>\n<ul>\n<li>Software de automatizaci\u00f3n de marketing potente<\/li>\n<li>Dise\u00f1ado para racionalizar los procesos de marketing y aumentar la eficiencia<\/li>\n<li>Se integra a la perfecci\u00f3n con varias plataformas, incluidas las redes sociales, el marketing por correo electr\u00f3nico y el an\u00e1lisis.<\/li>\n<li>Ofrece una variedad de caracter\u00edsticas que incluyen gesti\u00f3n de clientes potenciales, gesti\u00f3n de campa\u00f1as y pruebas A\/B<\/li>\n<li>Proporciona an\u00e1lisis detallados para rastrear el rendimiento de la campa\u00f1a y medir el ROI<\/li>\n<li>Incluye plantillas personalizables para marketing por correo electr\u00f3nico y publicaciones en redes sociales<\/li>\n<li>Simplifica los procesos de puntuaci\u00f3n de plomo y fomento de plomo<\/li>\n<li>Habilita una colaboraci\u00f3n perfecta entre los equipos y departamentos de marketing<\/li>\n<li>Mejora el compromiso y la retenci\u00f3n del cliente a trav\u00e9s de campa\u00f1as de marketing espec\u00edficas<\/li>\n<li>Interfaz f\u00e1cil de usar con navegaci\u00f3n intuitiva y dise\u00f1o f\u00e1cil de usar.<\/li>\n<\/ul>\n","protected":false},"excerpt":{"rendered":"<p>Marketingly es una herramienta de automatizaci\u00f3n de marketing de vanguardia que ofrece un enfoque simplificado para la creaci\u00f3n y ejecuci\u00f3n de campa\u00f1as de marketing altamente eficientes. En virtud de su interfaz notablemente f\u00e1cil de usar y su amplia gama de caracter\u00edsticas avanzadas, el mercado sirve como un recurso invaluable para las empresas en todas las escalas, facilitando la optimizaci\u00f3n perfecta de los flujos de trabajo de marketing, la generaci\u00f3n de clientes potenciales y la mejora de las tasas de conversi\u00f3n. Ya sea que sus objetivos est\u00e9n en la mejora del marketing por correo electr\u00f3nico, el marketing en redes sociales o los esfuerzos de marketing de contenido, el mercado sirve como una soluci\u00f3n integral para todas sus necesidades. Adem\u00e1s, la inclusi\u00f3n de las s\u00f3lidas herramientas de informes y an\u00e1lisis de an\u00e1lisis faculta a los usuarios para rastrear efectivamente el rendimiento de la campa\u00f1a y hacer decisiones juiciosas e basadas en datos destinadas a optimizar su estrategia de marketing general. No pierda tiempo en experimentar el poder transformador de comercializaci\u00f3n hoy en d\u00eda y elevar sus esfuerzos de marketing a alturas sin precedentes.<\/p>\n","protected":false},"featured_media":166693,"comment_status":"open","ping_status":"open","template":"","meta":[],"product_brand":[2378],"product_cat":[1307,1237,1238],"product_tag":[2262],"class_list":{"0":"post-126400","1":"product","2":"type-product","3":"status-publish","4":"has-post-thumbnail","6":"product_brand-superb-themes","7":"product_cat-negocio-wordpress-temas","8":"product_cat-temas","9":"product_cat-wordpress-temas","10":"product_tag-superb-themes","11":"member-discount","12":"discount-restricted","14":"first","15":"instock","16":"sale","17":"downloadable","18":"virtual","19":"sold-individually","20":"purchasable","21":"product-type-simple"},"_links":{"self":[{"href":"https:\/\/gpl-love.com\/es\/wp-json\/wp\/v2\/product\/126400","targetHints":{"allow":["GET"]}}],"collection":[{"href":"https:\/\/gpl-love.com\/es\/wp-json\/wp\/v2\/product"}],"about":[{"href":"https:\/\/gpl-love.com\/es\/wp-json\/wp\/v2\/types\/product"}],"replies":[{"embeddable":true,"href":"https:\/\/gpl-love.com\/es\/wp-json\/wp\/v2\/comments?post=126400"}],"wp:featuredmedia":[{"embeddable":true,"href":"https:\/\/gpl-love.com\/es\/wp-json\/wp\/v2\/media\/166693"}],"wp:attachment":[{"href":"https:\/\/gpl-love.com\/es\/wp-json\/wp\/v2\/media?parent=126400"}],"wp:term":[{"taxonomy":"product_brand","embeddable":true,"href":"https:\/\/gpl-love.com\/es\/wp-json\/wp\/v2\/product_brand?post=126400"},{"taxonomy":"product_cat","embeddable":true,"href":"https:\/\/gpl-love.com\/es\/wp-json\/wp\/v2\/product_cat?post=126400"},{"taxonomy":"product_tag","embeddable":true,"href":"https:\/\/gpl-love.com\/es\/wp-json\/wp\/v2\/product_tag?post=126400"}],"curies":[{"name":"wp","href":"https:\/\/api.w.org\/{rel}","templated":true}]}}