{"id":126398,"date":"2025-02-06T00:00:00","date_gmt":"2025-02-06T05:00:00","guid":{"rendered":"https:\/\/gpl-love.com\/es\/producto\/magazinely\/"},"modified":"2026-03-13T17:23:56","modified_gmt":"2026-03-13T22:23:56","slug":"magazinely","status":"publish","type":"product","link":"https:\/\/gpl-love.com\/es\/producto\/magazinely\/","title":{"rendered":"Magazinely 124.0"},"content":{"rendered":"<h3>Magazinely Caracteristicas<\/h3>\n<p>Magazinely, una plataforma de publicaci\u00f3n digital robusta e influyente, permite a los usuarios como usted crear y distribuir contenido digital visualmente cautivador visualmente. Esta plataforma lo equipa con una gran cantidad de caracter\u00edsticas y herramientas, lo que le permite dise\u00f1ar y personalizar meticulosamente sus publicaciones digitales, atendiendo su marca y p\u00fablico objetivo. Ya sea que su ambici\u00f3n sea forjar una revista, folleto, cat\u00e1logo o cualquier otra variante de publicaciones digitales, simplifica la revista el proceso. Al aprovechar su interfaz de dise\u00f1o f\u00e1cil de usar, puede crear contenido interactivo, incorporar a la perfecci\u00f3n elementos multimedia y optimizar su salida para diversos dispositivos. Adem\u00e1s, Magazinely ofrece una variedad de potentes an\u00e1lisis y herramientas de seguimiento, proporcion\u00e1ndole informaci\u00f3n valiosa para medir los triunfos de su contenido y facilitar las decisiones exigentes en su estrategia de publicaci\u00f3n digital. Si aspira a fabricar contenido digital convincente que se distingue sin esfuerzo de la competencia, no busque m\u00e1s all\u00e1 de la revista, su plataforma por excelencia por excelencia.<\/p>\n<ul>\n<li>-Un plataforma digital para leer y compartir revistas en l\u00ednea<\/li>\n<li>-Compatible con dispositivos de escritorio, tableta o m\u00f3vil<\/li>\n<li>-Ascoss a una vasta biblioteca de revistas de varios editores y g\u00e9neros<\/li>\n<li>-Customizable Experiencia de lectura con caracter\u00edsticas como marcadores y resaltaciones<\/li>\n<li>-Ababilizaci\u00f3n para buscar y guardar art\u00edculos para m\u00e1s tarde<\/li>\n<li>-Opci\u00f3n para compartir art\u00edculos o revistas completas con otros<\/li>\n<li>-Los de fijaci\u00f3n de precios asfordables con varias opciones de suscripci\u00f3n<\/li>\n<li>-El contenido actualizado regularmente con nuevos lanzamientos de revistas agregados con frecuencia<\/li>\n<li>-La pasarela de pago asegurada para transacciones sin problemas.<\/li>\n<\/ul>\n","protected":false},"excerpt":{"rendered":"<p>Magazinely, una plataforma innovadora en l\u00ednea, presenta una oportunidad excepcional para que las personas examinen, examinen y obtengan copias digitales de revistas que se originan en cada rinc\u00f3n del mundo. Esta notable plataforma cuenta con una variedad extensa y ecl\u00e9ctica de t\u00edtulos que abarcan innumerables categor\u00edas, que abarca los \u00e1mbitos de la moda, la tecnolog\u00eda, las artes culinarias, el atletismo y innumerables otros. Como una plataforma f\u00e1cil de usar y accesible sin esfuerzo, Magazinamente abraza a todas las personas que albergan un inter\u00e9s en el \u00e1mbito de la revista en l\u00ednea Perusal. En consecuencia, le invita a embarcarse en un viaje cautivador de descubrimiento personal a medida que desenterra sus peri\u00f3dicas apreciadas y posteriormente suscribe una recuperaci\u00f3n perfecta de los \u00faltimos problemas, entregada r\u00e1pidamente a su dispositivo electr\u00f3nico personal, ya sea su tel\u00e9fono inteligente o computadora.<\/p>\n","protected":false},"featured_media":166646,"comment_status":"open","ping_status":"open","template":"","meta":[],"product_brand":[2378],"product_cat":[1245,1237,1238],"product_tag":[2262],"class_list":{"0":"post-126398","1":"product","2":"type-product","3":"status-publish","4":"has-post-thumbnail","6":"product_brand-superb-themes","7":"product_cat-blog-revista","8":"product_cat-temas","9":"product_cat-wordpress-temas","10":"product_tag-superb-themes","11":"member-discount","12":"discount-restricted","14":"first","15":"instock","16":"sale","17":"downloadable","18":"virtual","19":"sold-individually","20":"purchasable","21":"product-type-simple"},"_links":{"self":[{"href":"https:\/\/gpl-love.com\/es\/wp-json\/wp\/v2\/product\/126398","targetHints":{"allow":["GET"]}}],"collection":[{"href":"https:\/\/gpl-love.com\/es\/wp-json\/wp\/v2\/product"}],"about":[{"href":"https:\/\/gpl-love.com\/es\/wp-json\/wp\/v2\/types\/product"}],"replies":[{"embeddable":true,"href":"https:\/\/gpl-love.com\/es\/wp-json\/wp\/v2\/comments?post=126398"}],"wp:featuredmedia":[{"embeddable":true,"href":"https:\/\/gpl-love.com\/es\/wp-json\/wp\/v2\/media\/166646"}],"wp:attachment":[{"href":"https:\/\/gpl-love.com\/es\/wp-json\/wp\/v2\/media?parent=126398"}],"wp:term":[{"taxonomy":"product_brand","embeddable":true,"href":"https:\/\/gpl-love.com\/es\/wp-json\/wp\/v2\/product_brand?post=126398"},{"taxonomy":"product_cat","embeddable":true,"href":"https:\/\/gpl-love.com\/es\/wp-json\/wp\/v2\/product_cat?post=126398"},{"taxonomy":"product_tag","embeddable":true,"href":"https:\/\/gpl-love.com\/es\/wp-json\/wp\/v2\/product_tag?post=126398"}],"curies":[{"name":"wp","href":"https:\/\/api.w.org\/{rel}","templated":true}]}}