{"id":126396,"date":"2025-02-06T00:00:00","date_gmt":"2025-02-06T05:00:00","guid":{"rendered":"https:\/\/gpl-love.com\/es\/producto\/light-blogify\/"},"modified":"2026-03-13T17:23:36","modified_gmt":"2026-03-13T22:23:36","slug":"light-blogify","status":"publish","type":"product","link":"https:\/\/gpl-love.com\/es\/producto\/light-blogify\/","title":{"rendered":"Light Blogify 128.0"},"content":{"rendered":"<h3>Light Blogify Caracteristicas<\/h3>\n<p>Light Blogify es una herramienta de blogs notablemente f\u00e1cil de usar y altamente eficiente que se ha creado meticulosamente con la intenci\u00f3n de simplificar y racionalizar el proceso intrincado y tedioso de generar y administrar publicaciones de blog. Con una interfaz incre\u00edblemente intuitiva junto con una gran cantidad de caracter\u00edsticas avanzadas, Light Blogify expedita efectivamente el proceso de creaci\u00f3n de contenido, proporcionando a los bloggers la invaluable capacidad de componer, refinar y posteriormente publicar y posteriormente publicaciones de blog de la calidad de UTMOST. En particular, el dise\u00f1o visualmente agradable y despejado de la herramienta contribuye a su facilidad de uso general y facilidad de navegaci\u00f3n, mientras que sus s\u00f3lidas capacidades de SEO incorporadas y sus herramientas de an\u00e1lisis integradas demuestran ser activos indispensables, permitiendo a los bloggers optimizar su contenido para los ingenios de b\u00fasqueda y meticulosamente Monitoree y eval\u00fae su rendimiento y eficacia durante per\u00edodos prolongados de tiempo. En \u00faltima instancia, sin lugar a dudas, Light Blogify surge como una elecci\u00f3n incomparable para las personas que buscan establecer y mantener blogs pr\u00f3speros con un esfuerzo m\u00ednimo y resultados incomparables.<\/p>\n<ul>\n<li>Software de blogs f\u00e1cil de usar<\/li>\n<li>Interfaz limpia y simple<\/li>\n<li>Opciones de dise\u00f1o minimalistas para un aspecto profesional<\/li>\n<li>Dise\u00f1o receptivo para dispositivos m\u00f3viles<\/li>\n<li>Configuraci\u00f3n r\u00e1pida y f\u00e1cil<\/li>\n<li>Optimizaci\u00f3n de SEO incorporada para mejores posibilidades de clasificaci\u00f3n<\/li>\n<li>Admite contenido multimedia, incluidas im\u00e1genes y videos<\/li>\n<li>Secci\u00f3n de comentarios para el compromiso con los lectores<\/li>\n<li>Copias de seguridad autom\u00e1ticas para la tranquilidad<\/li>\n<li>Integraci\u00f3n con plataformas de redes sociales<\/li>\n<li>Opciones de precios asequibles para cada presupuesto.<\/li>\n<\/ul>\n","protected":false},"excerpt":{"rendered":"<p>Light Blogify es una plataforma intuitivamente dise\u00f1ada y f\u00e1cil de usar que satisface las necesidades de las personas y las peque\u00f1as empresas en el \u00e1mbito de los blogs. Esta plataforma con todo incluido cuenta con una variedad de caracter\u00edsticas que no solo simplifican el proceso de blogs, sino que tambi\u00e9n mejoran su eficacia. Desde plantillas personalizables que capacitan a los usuarios para personalizar sus blogs hasta la optimizaci\u00f3n de SEO incorporada que garantiza la m\u00e1xima visibilidad y alcance, Light Blogify no deja piedra sin remover en su b\u00fasqueda para proporcionar una experiencia de blogsing de blogsing. Adem\u00e1s, la plataforma se integra perfectamente con varias plataformas de redes sociales, lo que permite a los usuarios compartir sin esfuerzo su contenido con un p\u00fablico m\u00e1s amplio. La verdadera belleza de Light Blogify radica en su capacidad para permitir a los usuarios centrarse \u00fanicamente en el aspecto creativo de los blogs, sin tener que lidiar con intrincados matices t\u00e9cnicos. Ya sea que sea un blogger experimentado, bien versado en el arte de la publicaci\u00f3n en l\u00ednea, o un novato que se embarca en este emocionante esfuerzo, Light Blogify surge como la soluci\u00f3n por excelencia para crear r\u00e1pidamente y sin esfuerzo un blog de aspecto profesional.<\/p>\n","protected":false},"featured_media":166614,"comment_status":"open","ping_status":"open","template":"","meta":[],"product_brand":[2378],"product_cat":[1245,1237,1238],"product_tag":[2262],"class_list":{"0":"post-126396","1":"product","2":"type-product","3":"status-publish","4":"has-post-thumbnail","6":"product_brand-superb-themes","7":"product_cat-blog-revista","8":"product_cat-temas","9":"product_cat-wordpress-temas","10":"product_tag-superb-themes","11":"member-discount","12":"discount-restricted","14":"first","15":"instock","16":"sale","17":"downloadable","18":"virtual","19":"sold-individually","20":"purchasable","21":"product-type-simple"},"_links":{"self":[{"href":"https:\/\/gpl-love.com\/es\/wp-json\/wp\/v2\/product\/126396","targetHints":{"allow":["GET"]}}],"collection":[{"href":"https:\/\/gpl-love.com\/es\/wp-json\/wp\/v2\/product"}],"about":[{"href":"https:\/\/gpl-love.com\/es\/wp-json\/wp\/v2\/types\/product"}],"replies":[{"embeddable":true,"href":"https:\/\/gpl-love.com\/es\/wp-json\/wp\/v2\/comments?post=126396"}],"wp:featuredmedia":[{"embeddable":true,"href":"https:\/\/gpl-love.com\/es\/wp-json\/wp\/v2\/media\/166614"}],"wp:attachment":[{"href":"https:\/\/gpl-love.com\/es\/wp-json\/wp\/v2\/media?parent=126396"}],"wp:term":[{"taxonomy":"product_brand","embeddable":true,"href":"https:\/\/gpl-love.com\/es\/wp-json\/wp\/v2\/product_brand?post=126396"},{"taxonomy":"product_cat","embeddable":true,"href":"https:\/\/gpl-love.com\/es\/wp-json\/wp\/v2\/product_cat?post=126396"},{"taxonomy":"product_tag","embeddable":true,"href":"https:\/\/gpl-love.com\/es\/wp-json\/wp\/v2\/product_tag?post=126396"}],"curies":[{"name":"wp","href":"https:\/\/api.w.org\/{rel}","templated":true}]}}