{"id":126394,"date":"2025-02-06T00:00:00","date_gmt":"2025-02-06T05:00:00","guid":{"rendered":"https:\/\/gpl-love.com\/es\/producto\/lifestylepress\/"},"modified":"2026-03-13T17:23:34","modified_gmt":"2026-03-13T22:23:34","slug":"lifestylepress","status":"publish","type":"product","link":"https:\/\/gpl-love.com\/es\/producto\/lifestylepress\/","title":{"rendered":"Lifestylepress 118.0"},"content":{"rendered":"<h3>Lifestylepress Caracteristicas<\/h3>\n<p>LifestylePress, un producto innovador e innovador, est\u00e1 dise\u00f1ado para ofrecer a los usuarios una amplia gama de informaci\u00f3n sobre diversos aspectos de estilo de vida. Desde el reino de la nutrici\u00f3n saludable y la aptitud f\u00edsica hasta los \u00e1mbitos cautivadores de la belleza y la moda, la prensa de estilo de vida abarca todos los elementos esenciales que los individuos requieren para actualizar el ep\u00edtome de su existencia. Con una interfaz que no solo es f\u00e1cil de usar, sino que tambi\u00e9n es navegable sin esfuerzo, el estilo de vida emerge como un recurso indispensable e invaluable para aquellos que aspiran a aumentar su estilo de vida y conquistar sus aspiraciones. Independientemente de si uno se identifica como un ferviente defensor del bienestar, un ferviente seguidor de las tendencias de la moda, o simplemente un individuo que se esfuerza por manifestar alteraciones afirmativas en su existencia, se promete el estilo de vida de proporcionar todas las herramientas esenciales y el conocimiento necesarios para lograr triunfos personales. Entonces, \u00bfpor qu\u00e9 postergar? \u00a1Da el paso y adopta el potencial transformador de la prensa de estilo de vida registr\u00e1ndose hoy, embarcando as\u00ed en un viaje hacia una existencia caracterizada por la felicidad y el cumplimiento incomparables!<\/p>\n<ul>\n<li>Una gu\u00eda completa para mejorar su estilo de vida<\/li>\n<li>Informaci\u00f3n y consejos sobre alimentaci\u00f3n y ejercicio saludables<\/li>\n<li>Asesoramiento sobre manejo del estr\u00e9s y autocuidado<\/li>\n<li>Ideas sobre la construcci\u00f3n de relaciones significativas y lograr el equilibrio entre el trabajo y la vida<\/li>\n<li>Estrategias para perseguir el crecimiento personal y lograr objetivos<\/li>\n<li>Historias inspiradoras de personas que han transformado sus vidas<\/li>\n<li>Pasos de acci\u00f3n f\u00e1ciles de seguir para implementar cambios en el estilo de vida<\/li>\n<li>Estilo de escritura accesible y atractivo para todos los lectores<\/li>\n<li>Dise\u00f1ado para promover el \u00e9xito a largo plazo en la mejora del bienestar general<\/li>\n<li>Adecuado para cualquiera que busque mejorar su calidad de vida.<\/li>\n<\/ul>\n","protected":false},"excerpt":{"rendered":"<p>LifestylePress, un producto incre\u00edblemente vers\u00e1til y multifac\u00e9tico, ofrece a los usuarios una oportunidad excepcional para desarrollar un enfoque meticulosamente adaptado e individualizado para administrar efectivamente su estilo de vida. Esta notable herramienta integra a la perfecci\u00f3n una variedad integral de caracter\u00edsticas, que abarca el seguimiento de la aptitud f\u00edsica, el diario, la planificaci\u00f3n de las comidas y el seguimiento de h\u00e1bitos, dando a los usuarios la capacidad de ejercer un control total sobre sus vidas de una manera extremadamente conveniente y muy competente. Con una interfaz incre\u00edblemente f\u00e1cil de usar y una amplia gama de atributos personalizables, esta plataforma de vanguardia permite a los usuarios establecer y perseguir sus aspiraciones, monitorear de cerca su progreso y, lo m\u00e1s importante, optimizar su estilo de vida para lograr un \u00e9xito resonante a largo plazo. Independientemente de si mejorar su salud, aumentar su productividad o mejorar su bienestar general constituye su objetivo principal, tenga la seguridad de que el estilo de vida, repleto de una abundancia de herramientas indispensables y recursos invaluables, le proporcionar\u00e1 inequ\u00edvocamente con los medios esenciales para realizar un requisito para lograr. estos objetivos.<\/p>\n","protected":false},"featured_media":166612,"comment_status":"open","ping_status":"open","template":"","meta":[],"product_brand":[2378],"product_cat":[1267,1237,1238],"product_tag":[2262],"class_list":{"0":"post-126394","1":"product","2":"type-product","3":"status-publish","4":"has-post-thumbnail","6":"product_brand-superb-themes","7":"product_cat-creativo","8":"product_cat-temas","9":"product_cat-wordpress-temas","10":"product_tag-superb-themes","11":"member-discount","12":"discount-restricted","14":"first","15":"instock","16":"sale","17":"downloadable","18":"virtual","19":"sold-individually","20":"purchasable","21":"product-type-simple"},"_links":{"self":[{"href":"https:\/\/gpl-love.com\/es\/wp-json\/wp\/v2\/product\/126394","targetHints":{"allow":["GET"]}}],"collection":[{"href":"https:\/\/gpl-love.com\/es\/wp-json\/wp\/v2\/product"}],"about":[{"href":"https:\/\/gpl-love.com\/es\/wp-json\/wp\/v2\/types\/product"}],"replies":[{"embeddable":true,"href":"https:\/\/gpl-love.com\/es\/wp-json\/wp\/v2\/comments?post=126394"}],"wp:featuredmedia":[{"embeddable":true,"href":"https:\/\/gpl-love.com\/es\/wp-json\/wp\/v2\/media\/166612"}],"wp:attachment":[{"href":"https:\/\/gpl-love.com\/es\/wp-json\/wp\/v2\/media?parent=126394"}],"wp:term":[{"taxonomy":"product_brand","embeddable":true,"href":"https:\/\/gpl-love.com\/es\/wp-json\/wp\/v2\/product_brand?post=126394"},{"taxonomy":"product_cat","embeddable":true,"href":"https:\/\/gpl-love.com\/es\/wp-json\/wp\/v2\/product_cat?post=126394"},{"taxonomy":"product_tag","embeddable":true,"href":"https:\/\/gpl-love.com\/es\/wp-json\/wp\/v2\/product_tag?post=126394"}],"curies":[{"name":"wp","href":"https:\/\/api.w.org\/{rel}","templated":true}]}}