{"id":126386,"date":"2025-02-06T00:00:00","date_gmt":"2025-02-06T05:00:00","guid":{"rendered":"https:\/\/gpl-love.com\/es\/producto\/griddist\/"},"modified":"2026-03-13T17:21:52","modified_gmt":"2026-03-13T22:21:52","slug":"griddist","status":"publish","type":"product","link":"https:\/\/gpl-love.com\/es\/producto\/griddist\/","title":{"rendered":"Griddist 111.0"},"content":{"rendered":"<h3>Griddist Caracteristicas<\/h3>\n<p>Griddist, una herramienta de software excepcional, ha sido meticulosamente elaborada para ayudar a los usuarios a calcular distancias entre puntos en una cuadr\u00edcula. Con una interfaz notablemente intuitiva y algoritmos de vanguardia, Griddist posee la capacidad de determinar las distancias de manera r\u00e1pida y precisa en una multitud de industrias, que abarca el an\u00e1lisis geoespacial, la gesti\u00f3n de la tierra, el monitoreo ambiental y m\u00e1s all\u00e1. Este software se ha desarrollado empleando la \u00faltima tecnolog\u00eda, asegurando la entrega de resultados confiables y precisos, lo que lo hace indispensable para los profesionales que anhelan mejorar la precisi\u00f3n y eficiencia de sus laboriosos esfuerzos. Adecuado para ne\u00f3fitos y usuarios experimentados por igual, Griddist ofrece una variedad integral de caracter\u00edsticas adaptadas para acomodar requisitos diversos. En esencia, Griddist representa veritablemente un instrumento indispensable para cualquier esfuerzo individual para agilizar el proceso de c\u00e1lculo de distancia en una cuadr\u00edcula.<\/p>\n<ul>\n<li>Calcula eficientemente matrices de distancia para conjuntos de datos cuadrados<\/li>\n<li>Compatible con varios lenguajes de programaci\u00f3n, incluidos Python y Matlab<\/li>\n<li>Apoya las m\u00e9tricas de distancia de Euclides y Manhattan<\/li>\n<li>Maneja los datos faltantes y las condiciones de contorno autom\u00e1ticamente<\/li>\n<li>Puede manejar conjuntos de datos de diferentes tama\u00f1os, desde peque\u00f1as cuadr\u00edculas hasta cuadr\u00edculas muy grandes<\/li>\n<li>Proporciona una interfaz f\u00e1cil de usar para la personalizaci\u00f3n de los c\u00e1lculos de distancia<\/li>\n<li>Dise\u00f1ado para trabajar con cuadr\u00edculas regulares e irregulares<\/li>\n<li>Permite la creaci\u00f3n de mapas de calor y otras visualizaciones de matrices de distancia.<\/li>\n<li>Facilita el an\u00e1lisis espacial y el modelado para una amplia gama de aplicaciones<\/li>\n<\/ul>\n","protected":false},"excerpt":{"rendered":"<p>Griddist, una herramienta incre\u00edblemente robusta, ofrece a sus usuarios la capacidad de crear cuadr\u00edculas precisas y a medida. Por medio de una interfaz directa, los individuos pueden establecer de inmediato las dimensiones y el espacio de su cuadr\u00edcula deseada, todo mientras la generan en un instante. Si el objetivo de uno es construir un dise\u00f1o de sitio web, dise\u00f1ar un dise\u00f1o gr\u00e1fico o dise\u00f1ar un plan, Griddist facilita sin esfuerzo la creaci\u00f3n de cuadr\u00edculas que cumplen con los est\u00e1ndares profesionales. Adem\u00e1s, con la conveniencia adicional de poder guardar y exportar estas cuadr\u00edculas, los usuarios pueden integrarlos sin problemas en numerosos proyectos o incluso distribuirlos entre sus compa\u00f1eros. No dude en probar a Griddist hoy y presenciar sus dise\u00f1os asciende a alturas sin precedentes.<\/p>\n","protected":false},"featured_media":166389,"comment_status":"open","ping_status":"open","template":"","meta":[],"product_brand":[2378],"product_cat":[1245,1237,1238],"product_tag":[2262],"class_list":{"0":"post-126386","1":"product","2":"type-product","3":"status-publish","4":"has-post-thumbnail","6":"product_brand-superb-themes","7":"product_cat-blog-revista","8":"product_cat-temas","9":"product_cat-wordpress-temas","10":"product_tag-superb-themes","11":"member-discount","12":"discount-restricted","14":"first","15":"instock","16":"sale","17":"downloadable","18":"virtual","19":"sold-individually","20":"purchasable","21":"product-type-simple"},"_links":{"self":[{"href":"https:\/\/gpl-love.com\/es\/wp-json\/wp\/v2\/product\/126386","targetHints":{"allow":["GET"]}}],"collection":[{"href":"https:\/\/gpl-love.com\/es\/wp-json\/wp\/v2\/product"}],"about":[{"href":"https:\/\/gpl-love.com\/es\/wp-json\/wp\/v2\/types\/product"}],"replies":[{"embeddable":true,"href":"https:\/\/gpl-love.com\/es\/wp-json\/wp\/v2\/comments?post=126386"}],"wp:featuredmedia":[{"embeddable":true,"href":"https:\/\/gpl-love.com\/es\/wp-json\/wp\/v2\/media\/166389"}],"wp:attachment":[{"href":"https:\/\/gpl-love.com\/es\/wp-json\/wp\/v2\/media?parent=126386"}],"wp:term":[{"taxonomy":"product_brand","embeddable":true,"href":"https:\/\/gpl-love.com\/es\/wp-json\/wp\/v2\/product_brand?post=126386"},{"taxonomy":"product_cat","embeddable":true,"href":"https:\/\/gpl-love.com\/es\/wp-json\/wp\/v2\/product_cat?post=126386"},{"taxonomy":"product_tag","embeddable":true,"href":"https:\/\/gpl-love.com\/es\/wp-json\/wp\/v2\/product_tag?post=126386"}],"curies":[{"name":"wp","href":"https:\/\/api.w.org\/{rel}","templated":true}]}}