{"id":126380,"date":"2025-02-06T00:00:00","date_gmt":"2025-02-06T05:00:00","guid":{"rendered":"https:\/\/gpl-love.com\/es\/producto\/feather-magazine\/"},"modified":"2026-03-13T17:20:46","modified_gmt":"2026-03-13T22:20:46","slug":"feather-magazine","status":"publish","type":"product","link":"https:\/\/gpl-love.com\/es\/producto\/feather-magazine\/","title":{"rendered":"Feather Magazine 134.0"},"content":{"rendered":"<h3>Feather Magazine Caracteristicas<\/h3>\n<p>La revista Feather, una publicaci\u00f3n informativa y atractiva, presenta una gran cantidad de art\u00edculos perspicaces sobre una amplia gama de temas, que atienden a los lectores que buscan una comprensi\u00f3n integral. Al abarcar los reinos de la moda y la belleza, as\u00ed como los viajes y el estilo de vida, esta revista ofrece contenido h\u00e1bilmente curado que es cautivador y educativo. Ya sea que se busque orientaci\u00f3n sobre t\u00e9cnicas de peinado, el consejo sobre las tendencias de moda de vanguardia o la inspiraci\u00f3n para sus inminentes escapadas, la revista Feather cumple sin problemas estos deseos. Al emplear una fotograf\u00eda excepcional y un dise\u00f1o est\u00e9ticamente agradable, este peri\u00f3dico se convierte en una lectura indispensable para aquellos que anhelan una nueva perspectiva del mundo que los rodea. \u00bfPor qu\u00e9 procrastinar? Emb\u00e1rcase en un viaje literario sublime suscribi\u00e9ndose a la revista Feather hoy y desbloquee un tesoro de contenido extraordinario que espera su descubrimiento.<\/p>\n<ul>\n<li>Revista impresa de alta calidad que se centra en la naturaleza, la observaci\u00f3n de aves y la conservaci\u00f3n<\/li>\n<li>Presenta una hermosa fotograf\u00eda e ilustraciones de p\u00e1jaros y sus h\u00e1bitats<\/li>\n<li>Incluye art\u00edculos escritos por aves y naturalistas expertos.<\/li>\n<li>Cubre una amplia gama de temas, desde el comportamiento de las aves y los patrones de migraci\u00f3n hasta los problemas ambientales<\/li>\n<li>Proporciona consejos y consejos sobre equipo de observaci\u00f3n de aves, t\u00e9cnicas y destinos.<\/li>\n<li>Cuenta con entrevistas con observadores de aves y conservacionistas notables<\/li>\n<li>Atrae tanto a los entusiastas de los p\u00e1jaros casuales como a los observadores de aves serios<\/li>\n<li>Hace un gran regalo para cualquiera que ama las aves y la naturaleza.<\/li>\n<\/ul>\n","protected":false},"excerpt":{"rendered":"<p>La revista Feather, una publicaci\u00f3n indispensable para personas cautivadas por los reinos de la moda, la belleza y el estilo de vida, cuenta con una gran cantidad de art\u00edculos que invitan a la reflexi\u00f3n, una fotograf\u00eda exquisita y entrevistas esquivas, lo que lo convierte en una fuente inagotable de inspiraci\u00f3n y conocimiento. Ya sea que te encuentres anhelando las tendencias de vanguardia, el abogado sabio de los expertos de la industria o incluso un mero toque de opulencia, la revista Feather se presenta como el deleite literario consumado para saciar tus deseos. Con una propuesta tan atractiva a la mano, \u00bfpor qu\u00e9 demora? \u00a1Asegure su copia personal hoy y emp\u00e1jate en un viaje cautivador, profundizando en el encanto que es la revista Feather!<\/p>\n","protected":false},"featured_media":166095,"comment_status":"open","ping_status":"open","template":"","meta":[],"product_brand":[2378],"product_cat":[1245,1237,1238],"product_tag":[2262],"class_list":{"0":"post-126380","1":"product","2":"type-product","3":"status-publish","4":"has-post-thumbnail","6":"product_brand-superb-themes","7":"product_cat-blog-revista","8":"product_cat-temas","9":"product_cat-wordpress-temas","10":"product_tag-superb-themes","11":"member-discount","12":"discount-restricted","14":"first","15":"instock","16":"sale","17":"downloadable","18":"virtual","19":"sold-individually","20":"purchasable","21":"product-type-simple"},"_links":{"self":[{"href":"https:\/\/gpl-love.com\/es\/wp-json\/wp\/v2\/product\/126380","targetHints":{"allow":["GET"]}}],"collection":[{"href":"https:\/\/gpl-love.com\/es\/wp-json\/wp\/v2\/product"}],"about":[{"href":"https:\/\/gpl-love.com\/es\/wp-json\/wp\/v2\/types\/product"}],"replies":[{"embeddable":true,"href":"https:\/\/gpl-love.com\/es\/wp-json\/wp\/v2\/comments?post=126380"}],"wp:featuredmedia":[{"embeddable":true,"href":"https:\/\/gpl-love.com\/es\/wp-json\/wp\/v2\/media\/166095"}],"wp:attachment":[{"href":"https:\/\/gpl-love.com\/es\/wp-json\/wp\/v2\/media?parent=126380"}],"wp:term":[{"taxonomy":"product_brand","embeddable":true,"href":"https:\/\/gpl-love.com\/es\/wp-json\/wp\/v2\/product_brand?post=126380"},{"taxonomy":"product_cat","embeddable":true,"href":"https:\/\/gpl-love.com\/es\/wp-json\/wp\/v2\/product_cat?post=126380"},{"taxonomy":"product_tag","embeddable":true,"href":"https:\/\/gpl-love.com\/es\/wp-json\/wp\/v2\/product_tag?post=126380"}],"curies":[{"name":"wp","href":"https:\/\/api.w.org\/{rel}","templated":true}]}}