{"id":126373,"date":"2025-02-04T00:00:00","date_gmt":"2025-02-04T05:00:00","guid":{"rendered":"https:\/\/gpl-love.com\/es\/producto\/superb-landing-page\/"},"modified":"2026-04-10T11:26:54","modified_gmt":"2026-04-10T16:26:54","slug":"superb-landing-page","status":"publish","type":"product","link":"https:\/\/gpl-love.com\/es\/producto\/superb-landing-page\/","title":{"rendered":"Superb Landing Page 114.0"},"content":{"rendered":"<h3>Superb Landing Page Caracteristicas<\/h3>\n<p>La excelente p\u00e1gina de destino, con su interfaz de arrastrar y soltar altamente intuitiva, sirve como un instrumento excepcionalmente influyente para las empresas que buscan construir p\u00e1ginas de destino que no solo son est\u00e9ticamente atractivas sino tambi\u00e9n notablemente efectivas. Al ofrecer una extensa gama de plantillas, im\u00e1genes e \u00edconos personalizables, esta plataforma faculta a los usuarios para modificar p\u00e1ginas de destino que son distintivas y cautivadoras en la naturaleza. Adem\u00e1s, la excelente p\u00e1gina de destino va m\u00e1s all\u00e1 al equipar a los usuarios con la capacidad de rastrear y analizar meticulosamente las tasas de tr\u00e1fico y conversi\u00f3n, lo que permite a las empresas optimizar sus p\u00e1ginas para un rendimiento \u00f3ptimo. Ya sea que uno est\u00e9 operando una tienda de comercio electr\u00f3nico, tratando de promover un producto novedoso o esforzarse por generar cables valiosos, la excelente p\u00e1gina de destino proporciona todas las herramientas indispensables necesarias para la creaci\u00f3n de una p\u00e1gina de destino sofisticada y exitosa.<\/p>\n<ul>\n<li>Dise\u00f1o atractivo y visualmente atractivo de la p\u00e1gina de destino<\/li>\n<li>Experiencia de usuario mejorada y navegaci\u00f3n<\/li>\n<li>Dise\u00f1o de respuesta m\u00f3vil para todos los dispositivos<\/li>\n<li>Formularios de generaci\u00f3n de leads incorporados para recopilar informaci\u00f3n del cliente<\/li>\n<li>Integraci\u00f3n con las redes sociales y las campa\u00f1as de marketing por correo electr\u00f3nico<\/li>\n<li>Compatibilidad con plataformas de sitios web populares como WordPress y Squarespace<\/li>\n<li>Caracter\u00edsticas de seguimiento e informes de an\u00e1lisis para medir el \u00e9xito<\/li>\n<li>Contenido optimizado de SEO para clasificaciones de motores de b\u00fasqueda m\u00e1s altos<\/li>\n<li>Opci\u00f3n para pruebas divididas de A\/B para mejorar las tasas de conversi\u00f3n<\/li>\n<li>Dise\u00f1o profesional y personalizable para reflejar la identidad de la marca.<\/li>\n<\/ul>\n","protected":false},"excerpt":{"rendered":"<p>La excelente p\u00e1gina de destino, con su dise\u00f1o limpio y elegante, dise\u00f1o intuitivo y plantillas personalizables, es una herramienta incre\u00edblemente poderosa para la optimizaci\u00f3n de la tasa de conversi\u00f3n que las empresas pueden utilizar para capturar y retener la atenci\u00f3n de los usuarios, guiarlos hacia tomar medidas y finalmente impulsar Un aumento en los clientes potenciales y las ventas. Independientemente de si el objetivo es promover un nuevo producto, generar clientes potenciales para un servicio o mejorar una lista de correo electr\u00f3nico, la excelente p\u00e1gina de destino ofrece una soluci\u00f3n ideal para empresas de cualquier tama\u00f1o. Va por encima y m\u00e1s all\u00e1 al proporcionar an\u00e1lisis de an\u00e1lisis y optimizaci\u00f3n s\u00f3lidos que permiten a los especialistas en marketing rastrear, probar y refinar meticulosamente sus p\u00e1ginas, asegurando as\u00ed el m\u00e1ximo rendimiento y retorno de la inversi\u00f3n. Despedirse de las p\u00e1ginas de destino mediocres y abrazar la excelente p\u00e1gina de destino, lo que garantiza resultados sobresalientes.<\/p>\n","protected":false},"featured_media":167661,"comment_status":"open","ping_status":"open","template":"","meta":[],"product_brand":[2378],"product_cat":[1267,1237,1238],"product_tag":[2262],"class_list":{"0":"post-126373","1":"product","2":"type-product","3":"status-publish","4":"has-post-thumbnail","6":"product_brand-superb-themes","7":"product_cat-creativo","8":"product_cat-temas","9":"product_cat-wordpress-temas","10":"product_tag-superb-themes","11":"member-discount","12":"discount-restricted","14":"first","15":"instock","16":"sale","17":"downloadable","18":"virtual","19":"sold-individually","20":"purchasable","21":"product-type-simple"},"_links":{"self":[{"href":"https:\/\/gpl-love.com\/es\/wp-json\/wp\/v2\/product\/126373","targetHints":{"allow":["GET"]}}],"collection":[{"href":"https:\/\/gpl-love.com\/es\/wp-json\/wp\/v2\/product"}],"about":[{"href":"https:\/\/gpl-love.com\/es\/wp-json\/wp\/v2\/types\/product"}],"replies":[{"embeddable":true,"href":"https:\/\/gpl-love.com\/es\/wp-json\/wp\/v2\/comments?post=126373"}],"wp:featuredmedia":[{"embeddable":true,"href":"https:\/\/gpl-love.com\/es\/wp-json\/wp\/v2\/media\/167661"}],"wp:attachment":[{"href":"https:\/\/gpl-love.com\/es\/wp-json\/wp\/v2\/media?parent=126373"}],"wp:term":[{"taxonomy":"product_brand","embeddable":true,"href":"https:\/\/gpl-love.com\/es\/wp-json\/wp\/v2\/product_brand?post=126373"},{"taxonomy":"product_cat","embeddable":true,"href":"https:\/\/gpl-love.com\/es\/wp-json\/wp\/v2\/product_cat?post=126373"},{"taxonomy":"product_tag","embeddable":true,"href":"https:\/\/gpl-love.com\/es\/wp-json\/wp\/v2\/product_tag?post=126373"}],"curies":[{"name":"wp","href":"https:\/\/api.w.org\/{rel}","templated":true}]}}