{"id":126372,"date":"2025-02-04T00:00:00","date_gmt":"2025-02-04T05:00:00","guid":{"rendered":"https:\/\/gpl-love.com\/es\/producto\/startup-hub\/"},"modified":"2026-03-13T17:29:38","modified_gmt":"2026-03-13T22:29:38","slug":"startup-hub","status":"publish","type":"product","link":"https:\/\/gpl-love.com\/es\/producto\/startup-hub\/","title":{"rendered":"Startup Hub 109.3"},"content":{"rendered":"<h3>Startup Hub Caracteristicas<\/h3>\n<p>Startup Hub es una plataforma innovadora e innovadora que tiene como objetivo proporcionar un conjunto integral de herramientas y recursos dise\u00f1ados espec\u00edficamente para empresarios y propietarios de peque\u00f1as empresas, lo que les permite llevar sus ideas innovadoras y visiones transformadoras a alturas de \u00e9xito y logros sin precedentes. Al poner un fuerte \u00e9nfasis en las virtudes de la colaboraci\u00f3n, la creaci\u00f3n de redes y la educaci\u00f3n, Startup Hub ha seleccionado ingeniosamente una variedad de caracter\u00edsticas y ofertas invaluables que abarcan espacios de trabajo conjunto de \u00faltima generaci\u00f3n, programas de mentalidad meticulosamente seleccionados, acceso sin restricciones al acceso sin restricciones a El alma de cualquier empresa comercial: fondos y un tesoro de recursos educativos garantizados para equipar y capacitar a los empresarios con el conocimiento y las habilidades que necesitan para prosperar en el panorama empresarial ferozmente competitivo de hoy. Esta plataforma visionaria ha sido meticulosamente dise\u00f1ada y dise\u00f1ada magistralmente para fomentar conexiones sin costuras y sin fricciones entre personas de ideas afines, permiti\u00e9ndoles forjar colaboraciones fruct\u00edferas, agrupar sus invaluables recursos e ideas y obtener acceso sin restricciones al apoyo y orientaci\u00f3n inquebrantables que necesitan propulsar sus negocios a alturas previamente inimaginables de \u00e9xito y prosperidad. Por lo tanto, independientemente de si usted es un aspirante a emprendedor que se embarca en el emocionante viaje de transformar sus ideas visionarias en realidad o un propietario de negocios experimentado que anhela trascender los l\u00edmites del \u00e9xito convencional y el aumento en los territorios inexplorados de crecimiento y expansi\u00f3n, Startup Hub es irrivocalmente. La soluci\u00f3n definitiva y abarcadora que satisfar\u00e1 todas sus necesidades, asegurando que no quede piedra sin remover en su implacable b\u00fasqueda de la excelencia empresarial y la realizaci\u00f3n de sus ambiciones m\u00e1s altas.<\/p>\n<ul>\n<li>Proporciona recursos valiosos y apoyo para empresas de inicio<\/li>\n<li>Ofrece una comunidad de empresarios de ideas afines para networking y colaboraci\u00f3n<\/li>\n<li>Acceso a la tutor\u00eda y la orientaci\u00f3n de profesionales de negocios experimentados<\/li>\n<li>Organiza eventos y talleres para la construcci\u00f3n de habilidades y la educaci\u00f3n<\/li>\n<li>Opciones de espacio de trabajo asequibles y flexibles para nuevas empresas<\/li>\n<li>Oportunidades de financiaci\u00f3n e inversi\u00f3n<\/li>\n<li>Acceso al conocimiento y experiencia espec\u00edficos de la industria<\/li>\n<li>Un entorno din\u00e1mico e innovador para ayudar a las nuevas empresas a prosperar<\/li>\n<li>Ubicaci\u00f3n conveniente en el coraz\u00f3n de una bulliciosa escena empresarial<\/li>\n<li>Servicios y servicios adicionales para ayudar a las nuevas empresas a ahorrar tiempo y dinero.<\/li>\n<\/ul>\n","protected":false},"excerpt":{"rendered":"<p>El centro de inicio es una plataforma multifac\u00e9tica que lo abarca y se ha dise\u00f1ado meticulosamente con el prop\u00f3sito espec\u00edfico de proporcionar un apoyo integral y acelerar el crecimiento y la prosperidad de las nuevas empresas. Esta innovadora herramienta a futuro ofrece a los aspirantes a emprendedores una abundancia de una gu\u00eda invaluable, una amplia gama de recursos y un nivel de oportunidades de redes sin precedentes, todos los cuales son indispensables en el proceso de transformar efectivamente sus conceptos innovadores y pioneros en ideas en pr\u00f3spera y pr\u00f3spera y pr\u00f3spera. Pr\u00f3cratas empresas comerciales.<\/p>\n","protected":false},"featured_media":167563,"comment_status":"open","ping_status":"open","template":"","meta":[],"product_brand":[2378],"product_cat":[1307,1237,1238],"product_tag":[2262],"class_list":{"0":"post-126372","1":"product","2":"type-product","3":"status-publish","4":"has-post-thumbnail","6":"product_brand-superb-themes","7":"product_cat-negocio-wordpress-temas","8":"product_cat-temas","9":"product_cat-wordpress-temas","10":"product_tag-superb-themes","11":"member-discount","12":"discount-restricted","14":"first","15":"instock","16":"sale","17":"downloadable","18":"virtual","19":"sold-individually","20":"purchasable","21":"product-type-simple"},"_links":{"self":[{"href":"https:\/\/gpl-love.com\/es\/wp-json\/wp\/v2\/product\/126372","targetHints":{"allow":["GET"]}}],"collection":[{"href":"https:\/\/gpl-love.com\/es\/wp-json\/wp\/v2\/product"}],"about":[{"href":"https:\/\/gpl-love.com\/es\/wp-json\/wp\/v2\/types\/product"}],"replies":[{"embeddable":true,"href":"https:\/\/gpl-love.com\/es\/wp-json\/wp\/v2\/comments?post=126372"}],"wp:featuredmedia":[{"embeddable":true,"href":"https:\/\/gpl-love.com\/es\/wp-json\/wp\/v2\/media\/167563"}],"wp:attachment":[{"href":"https:\/\/gpl-love.com\/es\/wp-json\/wp\/v2\/media?parent=126372"}],"wp:term":[{"taxonomy":"product_brand","embeddable":true,"href":"https:\/\/gpl-love.com\/es\/wp-json\/wp\/v2\/product_brand?post=126372"},{"taxonomy":"product_cat","embeddable":true,"href":"https:\/\/gpl-love.com\/es\/wp-json\/wp\/v2\/product_cat?post=126372"},{"taxonomy":"product_tag","embeddable":true,"href":"https:\/\/gpl-love.com\/es\/wp-json\/wp\/v2\/product_tag?post=126372"}],"curies":[{"name":"wp","href":"https:\/\/api.w.org\/{rel}","templated":true}]}}