{"id":126371,"date":"2025-02-06T00:00:00","date_gmt":"2025-02-06T05:00:00","guid":{"rendered":"https:\/\/gpl-love.com\/es\/producto\/simple-blogily\/"},"modified":"2026-04-10T11:24:49","modified_gmt":"2026-04-10T16:24:49","slug":"simple-blogily","status":"publish","type":"product","link":"https:\/\/gpl-love.com\/es\/producto\/simple-blogily\/","title":{"rendered":"Simple Blogily 112.8"},"content":{"rendered":"<h3>Simple Blogily Caracteristicas<\/h3>\n<p>Simple Blogily es una plataforma de blogs muy f\u00e1cil de usar e intuitiva que ofrece una creaci\u00f3n y administraci\u00f3n de blogs personalizados. Est\u00e1 equipado con una variedad de caracter\u00edsticas innovadoras, que incluyen plantillas personalizables, integraci\u00f3n perfecta de im\u00e1genes y videos, e incorporaci\u00f3n sin esfuerzo de plataformas de redes sociales. La plataforma ha sido dise\u00f1ada meticulosamente para garantizar la simplicidad y la facilidad de uso, lo que permite a los usuarios concentrarse de todo coraz\u00f3n en elaborar contenido excepcional en lugar de perder un tiempo precioso navegando a trav\u00e9s de funcionalidades complicadas. Con simple blogs a su disposici\u00f3n, puede compartir sin esfuerzo sus ideas, narrativas y experiencias, y expandir sin esfuerzo su base de lector sin encontrar ning\u00fan obst\u00e1culo vexatado. Independientemente de si usted es un blogger experimentado o un principiante, simple es impecablemente adecuado para satisfacer sus necesidades y aspiraciones \u00fanicas.<\/p>\n<ul>\n<li>Plataforma de blogs f\u00e1cil de usar<\/li>\n<li>Dise\u00f1o limpio y minimalista<\/li>\n<li>Interfaz amigable<\/li>\n<li>Incluye caracter\u00edsticas b\u00e1sicas de blogs como publicar creaci\u00f3n, edici\u00f3n y publicaci\u00f3n<\/li>\n<li>Admite la inserci\u00f3n de im\u00e1genes y videos<\/li>\n<li>Dise\u00f1o de respuesta m\u00f3vil<\/li>\n<li>Caracter\u00edsticas de optimizaci\u00f3n de SEO<\/li>\n<li>Sistema de comentarios<\/li>\n<li>Opciones de intercambio de redes sociales<\/li>\n<li>Temas personalizables<\/li>\n<li>Planes de precios asequibles<\/li>\n<li>Alojamiento confiable y seguro<\/li>\n<\/ul>\n","protected":false},"excerpt":{"rendered":"<p>Simple Blogily es una plataforma de blog notablemente f\u00e1cil de usar e intuitiva que le otorga la conveniencia y la facilidad de crear y administrar su propio blog personalizado. Su interfaz simplista, emparejada con su dise\u00f1o inherentemente instintivo, permite una composici\u00f3n y publicaci\u00f3n de art\u00edculos sin problemas, la incorporaci\u00f3n sin esfuerzo de contenido multimedia, as\u00ed como la participaci\u00f3n del lector sin esfuerzo. La belleza de esta plataforma radica en el hecho de que uno no necesita poseer una amplia experiencia en codificaci\u00f3n o dise\u00f1o web, ya que simples abarca todas las herramientas esenciales necesarias para embarcarse en su viaje de blogs \u00fanico. Independientemente de si usted es un emprendedor que busca establecer una presencia en l\u00ednea para su negocio, un individuo con una inclinaci\u00f3n por los blogs personales o simplemente un individuo que anhela difundir sus pensamientos e ideas a una audiencia m\u00e1s amplia, emerge blogs en blogs a trav\u00e9s de la plataforma por excelencia a trav\u00e9s de la plataforma por excelencia a trav\u00e9s de que su voz puede ser transmitida y escuchada efectivamente. No dude m\u00e1s, comience su juicio complementario hoy y sum\u00e9rjase en la comunidad de bloggers cada vez mayor y vibrante que abarca el mundo.<\/p>\n","protected":false},"featured_media":167489,"comment_status":"open","ping_status":"open","template":"","meta":[],"product_brand":[2378],"product_cat":[1245,1237,1238],"product_tag":[2262],"class_list":{"0":"post-126371","1":"product","2":"type-product","3":"status-publish","4":"has-post-thumbnail","6":"product_brand-superb-themes","7":"product_cat-blog-revista","8":"product_cat-temas","9":"product_cat-wordpress-temas","10":"product_tag-superb-themes","11":"member-discount","12":"discount-restricted","14":"first","15":"instock","16":"sale","17":"downloadable","18":"virtual","19":"sold-individually","20":"purchasable","21":"product-type-simple"},"_links":{"self":[{"href":"https:\/\/gpl-love.com\/es\/wp-json\/wp\/v2\/product\/126371","targetHints":{"allow":["GET"]}}],"collection":[{"href":"https:\/\/gpl-love.com\/es\/wp-json\/wp\/v2\/product"}],"about":[{"href":"https:\/\/gpl-love.com\/es\/wp-json\/wp\/v2\/types\/product"}],"replies":[{"embeddable":true,"href":"https:\/\/gpl-love.com\/es\/wp-json\/wp\/v2\/comments?post=126371"}],"wp:featuredmedia":[{"embeddable":true,"href":"https:\/\/gpl-love.com\/es\/wp-json\/wp\/v2\/media\/167489"}],"wp:attachment":[{"href":"https:\/\/gpl-love.com\/es\/wp-json\/wp\/v2\/media?parent=126371"}],"wp:term":[{"taxonomy":"product_brand","embeddable":true,"href":"https:\/\/gpl-love.com\/es\/wp-json\/wp\/v2\/product_brand?post=126371"},{"taxonomy":"product_cat","embeddable":true,"href":"https:\/\/gpl-love.com\/es\/wp-json\/wp\/v2\/product_cat?post=126371"},{"taxonomy":"product_tag","embeddable":true,"href":"https:\/\/gpl-love.com\/es\/wp-json\/wp\/v2\/product_tag?post=126371"}],"curies":[{"name":"wp","href":"https:\/\/api.w.org\/{rel}","templated":true}]}}