{"id":126370,"date":"2025-02-06T00:00:00","date_gmt":"2025-02-06T05:00:00","guid":{"rendered":"https:\/\/gpl-love.com\/es\/producto\/responsive-blogily\/"},"modified":"2026-04-10T11:23:08","modified_gmt":"2026-04-10T16:23:08","slug":"responsive-blogily","status":"publish","type":"product","link":"https:\/\/gpl-love.com\/es\/producto\/responsive-blogily\/","title":{"rendered":"Responsive Blogily 120.8"},"content":{"rendered":"<h3>Responsive Blogily Caracteristicas<\/h3>\n<p>Responsive Blogly es un producto muy ventajoso dise\u00f1ado espec\u00edficamente para satisfacer las necesidades de los bloggers que buscan garantizar que su contenido mantenga una apariencia est\u00e9ticamente agradable en cualquier dispositivo determinado. A trav\u00e9s de su dise\u00f1o innovador y adaptable, este notable producto garantiza que el dise\u00f1o general del blog se ajuste sin problemas para acomodar los diferentes tama\u00f1os de pantalla de los dispositivos sobre los que se ve. En consecuencia, independientemente de si sus estimados lectores optan por acceder a su blog a trav\u00e9s de una computadora de escritorio convencional, una tableta port\u00e1til o incluso un tel\u00e9fono inteligente de vanguardia, su blog exudar\u00e1 un atractivo visual exquisito al tiempo que facilita simult\u00e1neamente la legibilidad sin esfuerzo. Adem\u00e1s de su dise\u00f1o receptivo inigualable, Responsive Blogly tambi\u00e9n cuenta con una extensa variedad de caracter\u00edsticas meticulosamente elaboradas para ayudar a los bloggers tanto a administrar y promover efectivamente su contenido invaluable. Dichas caracter\u00edsticas notables abarcan una variedad de opciones f\u00e1cilmente personalizables, integraci\u00f3n perfecta con plataformas de redes sociales populares y una variedad de herramientas de optimizaci\u00f3n de motores de b\u00fasqueda invaluables. En consecuencia, se hace evidente de manera transparente que la respuesta es inequ\u00edvocamente inequ\u00edvocamente como una herramienta indispensable para cualquier blogger aspirante o experimentado por igual, dedicado fervientemente a garantizar que su valioso contenido siga siendo accesible y cautivador en todos los dispositivos concebibles.<\/p>\n<ul>\n<li>Responsive Blogly es un poderoso software basado en blogs que es f\u00e1cil de usar.<\/li>\n<li>El software est\u00e1 dise\u00f1ado para ser receptivo y compatible con todos los dispositivos.<\/li>\n<li>Con receptivos blogs, puede crear blogs de calidad profesional de forma r\u00e1pida y f\u00e1cil.<\/li>\n<li>El software le permite personalizar el dise\u00f1o, el dise\u00f1o y las caracter\u00edsticas de su blog.<\/li>\n<li>Viene con una variedad de plantillas y herramientas para ayudarlo a crear un blog que se adapte a sus necesidades.<\/li>\n<li>Responsive Blogly es amigable con SEO, lo que aumenta los esfuerzos de optimizaci\u00f3n de motores de b\u00fasqueda.<\/li>\n<li>El software le permite crear un blog con im\u00e1genes de aspecto profesional, incluidos gr\u00e1ficos e im\u00e1genes personalizados.<\/li>\n<li>Es compatible con las plataformas de redes sociales, lo que permite un f\u00e1cil intercambio y compromiso.<\/li>\n<li>Responsive Blogly tiene una interfaz f\u00e1cil de usar y es personalizable para satisfacer sus necesidades.<\/li>\n<li>Viene con una excelente atenci\u00f3n al cliente y actualizaciones regulares de software.<\/li>\n<\/ul>\n","protected":false},"excerpt":{"rendered":"<p>Responsive Blogly, una plataforma de blogs elegante y contempor\u00e1nea, ha sido meticulosamente elaborada para adaptarse perfectamente a pantallas de todos los tama\u00f1os, desde escritorios convencionales hasta dispositivos m\u00f3viles port\u00e1tiles. La capacidad de respuesta excepcional de su dise\u00f1o asegura que su blog exude la magnificencia en cada dispositivo, lo que facilita el compromiso de los lectores sin esfuerzo independientemente de su ubicaci\u00f3n. Con una gran cantidad de plantillas personalizables, opciones de publicaci\u00f3n automatizadas y an\u00e1lisis sofisticados a su disposici\u00f3n, Input: Responsive Blogly sirve como la soluci\u00f3n por excelencia para los bloggers que aspiran a elevar su contenido a alturas sin precedentes. En consecuencia, ya sea que usted sea un novato aspirante o un virtuoso establecido en el \u00e1mbito de los blogs, la entrada: receptiva abarca blogs de todos los ingredientes esenciales necesarios para forjar un blog resplandeciente y f\u00e1cil de usar que indudablemente cautivar\u00e1 los corazones de sus lectores.<\/p>\n","protected":false},"featured_media":167346,"comment_status":"open","ping_status":"open","template":"","meta":[],"product_brand":[2378],"product_cat":[1267,1237,1238],"product_tag":[2262],"class_list":{"0":"post-126370","1":"product","2":"type-product","3":"status-publish","4":"has-post-thumbnail","6":"product_brand-superb-themes","7":"product_cat-creativo","8":"product_cat-temas","9":"product_cat-wordpress-temas","10":"product_tag-superb-themes","11":"member-discount","12":"discount-restricted","14":"first","15":"instock","16":"sale","17":"downloadable","18":"virtual","19":"sold-individually","20":"purchasable","21":"product-type-simple"},"_links":{"self":[{"href":"https:\/\/gpl-love.com\/es\/wp-json\/wp\/v2\/product\/126370","targetHints":{"allow":["GET"]}}],"collection":[{"href":"https:\/\/gpl-love.com\/es\/wp-json\/wp\/v2\/product"}],"about":[{"href":"https:\/\/gpl-love.com\/es\/wp-json\/wp\/v2\/types\/product"}],"replies":[{"embeddable":true,"href":"https:\/\/gpl-love.com\/es\/wp-json\/wp\/v2\/comments?post=126370"}],"wp:featuredmedia":[{"embeddable":true,"href":"https:\/\/gpl-love.com\/es\/wp-json\/wp\/v2\/media\/167346"}],"wp:attachment":[{"href":"https:\/\/gpl-love.com\/es\/wp-json\/wp\/v2\/media?parent=126370"}],"wp:term":[{"taxonomy":"product_brand","embeddable":true,"href":"https:\/\/gpl-love.com\/es\/wp-json\/wp\/v2\/product_brand?post=126370"},{"taxonomy":"product_cat","embeddable":true,"href":"https:\/\/gpl-love.com\/es\/wp-json\/wp\/v2\/product_cat?post=126370"},{"taxonomy":"product_tag","embeddable":true,"href":"https:\/\/gpl-love.com\/es\/wp-json\/wp\/v2\/product_tag?post=126370"}],"curies":[{"name":"wp","href":"https:\/\/api.w.org\/{rel}","templated":true}]}}