{"id":126368,"date":"2024-06-04T00:00:00","date_gmt":"2024-06-04T05:00:00","guid":{"rendered":"https:\/\/gpl-love.com\/es\/producto\/personal-blogily\/"},"modified":"2026-04-10T11:21:27","modified_gmt":"2026-04-10T16:21:27","slug":"personal-blogily","status":"publish","type":"product","link":"https:\/\/gpl-love.com\/es\/producto\/personal-blogily\/","title":{"rendered":"Personal Blogily 148.7"},"content":{"rendered":"<h3>Personal Blogily Caracteristicas<\/h3>\n<p>Personal Blogly es una plataforma de blogs de vanguardia espec\u00edficamente adaptada para atender a personas que poseen el deseo de fabricar y circular sus propios blogs. Por medio de su blog, a los usuarios se les otorga la capacidad perfecta para forjar y modificar sus entradas personales en el blog, incorporando elementos de medios visuales cautivadores, como im\u00e1genes y videos, que finalmente culminan en la r\u00e1pida difusi\u00f3n de dicho contenido con solo pocos clics. Con una interfaz que no solo es intuitiva, sino que tambi\u00e9n es f\u00e1cil de usar, personal, es un gama de herramientas y caracter\u00edsticas robustas que sirven para facilitar la expansi\u00f3n de los lectores de los usuarios, fomentar el establecimiento de conexiones con su audiencia y mejorar la optimizaci\u00f3n de sus Contenido para aumentar significativamente su visibilidad dentro del vasto reino de los motores de b\u00fasqueda. Independientemente de si uno es un veterano endurecido por la batalla de la blog\u00f3sfera o si se est\u00e1 embarcando en su viaje inaugural, personal no deja piedra sin mover cuando se trata de proporcionar a las personas con todos los requisitos necesarios para impulsar sus blogs a alturas sin precedentes. La pregunta surge as\u00ed: \u00bfpor qu\u00e9 retrasar m\u00e1s? \u00a1No pierda tiempo y aproveche la oportunidad de alistarse en las filas de personal en la actualidad hoy, comenzando as\u00ed el proceso de erigir un blog de calibre profesional incomparable!<\/p>\n<ul>\n<li>Una plataforma de blogs personalizada para personas<\/li>\n<li>Opciones de personalizaci\u00f3n completas para dise\u00f1o y dise\u00f1o<\/li>\n<li>Capacidad para actualizar y publicar contenido f\u00e1cilmente<\/li>\n<li>Opci\u00f3n para conectarse y seguir a otros bloggers<\/li>\n<li>An\u00e1lisis incorporado para rastrear el rendimiento y el compromiso<\/li>\n<li>Hosting seguro y confiable para la tranquilidad<\/li>\n<li>Dise\u00f1o de respuesta m\u00f3vil para blogs accesibles sobre la marcha<\/li>\n<li>Capacidades de autores m\u00faltiples para colaboraciones o publicaciones de invitados<\/li>\n<li>Herramientas de optimizaci\u00f3n de SEO para mejorar la visibilidad y las clasificaciones de b\u00fasqueda<\/li>\n<li>Actualizaciones y soporte regulares para garantizar una experiencia de blogs sin problemas.<\/li>\n<\/ul>\n","protected":false},"excerpt":{"rendered":"<p>Bienvenido a mi blog personal, donde comparto mis pensamientos y experiencias con el mundo. Esta plataforma sirve como una salida para expresar mis ideas y conectarme con personas de ideas afines. Espero que encuentres mi contenido atractivo y estimulante. Si\u00e9ntase libre de dejar comentarios y unirse a la conversaci\u00f3n. \u00a1Gracias por visitar y feliz lectura!<\/p>\n","protected":false},"featured_media":167204,"comment_status":"open","ping_status":"open","template":"","meta":[],"product_brand":[2378],"product_cat":[1267,1237,1238],"product_tag":[2262],"class_list":{"0":"post-126368","1":"product","2":"type-product","3":"status-publish","4":"has-post-thumbnail","6":"product_brand-superb-themes","7":"product_cat-creativo","8":"product_cat-temas","9":"product_cat-wordpress-temas","10":"product_tag-superb-themes","11":"member-discount","12":"discount-restricted","14":"first","15":"instock","16":"sale","17":"downloadable","18":"virtual","19":"sold-individually","20":"purchasable","21":"product-type-simple"},"_links":{"self":[{"href":"https:\/\/gpl-love.com\/es\/wp-json\/wp\/v2\/product\/126368","targetHints":{"allow":["GET"]}}],"collection":[{"href":"https:\/\/gpl-love.com\/es\/wp-json\/wp\/v2\/product"}],"about":[{"href":"https:\/\/gpl-love.com\/es\/wp-json\/wp\/v2\/types\/product"}],"replies":[{"embeddable":true,"href":"https:\/\/gpl-love.com\/es\/wp-json\/wp\/v2\/comments?post=126368"}],"wp:featuredmedia":[{"embeddable":true,"href":"https:\/\/gpl-love.com\/es\/wp-json\/wp\/v2\/media\/167204"}],"wp:attachment":[{"href":"https:\/\/gpl-love.com\/es\/wp-json\/wp\/v2\/media?parent=126368"}],"wp:term":[{"taxonomy":"product_brand","embeddable":true,"href":"https:\/\/gpl-love.com\/es\/wp-json\/wp\/v2\/product_brand?post=126368"},{"taxonomy":"product_cat","embeddable":true,"href":"https:\/\/gpl-love.com\/es\/wp-json\/wp\/v2\/product_cat?post=126368"},{"taxonomy":"product_tag","embeddable":true,"href":"https:\/\/gpl-love.com\/es\/wp-json\/wp\/v2\/product_tag?post=126368"}],"curies":[{"name":"wp","href":"https:\/\/api.w.org\/{rel}","templated":true}]}}