{"id":126367,"date":"2025-02-06T00:00:00","date_gmt":"2025-02-06T05:00:00","guid":{"rendered":"https:\/\/gpl-love.com\/es\/producto\/page-builderly\/"},"modified":"2026-04-10T11:20:42","modified_gmt":"2026-04-10T16:20:42","slug":"page-builderly","status":"publish","type":"product","link":"https:\/\/gpl-love.com\/es\/producto\/page-builderly\/","title":{"rendered":"Page Builderly 112.0"},"content":{"rendered":"<h3>Page Builderly Caracteristicas<\/h3>\n<p>Page Builderly es una herramienta muy robusta e intuitiva que permite a los usuarios crear p\u00e1ginas web visualmente impresionantes y atractivas din\u00e1micamente. Con su interfaz de arrastrar y soltar incre\u00edblemente f\u00e1cil de usar y su amplia gama de widgets personalizables, las personas pueden crear p\u00e1ginas web sin problemas que capturan y reflejen con precisi\u00f3n la esencia de su identidad y estilo de marca \u00fanicos. Ya sea que uno est\u00e9 enfocado en desarrollar p\u00e1ginas de destino cautivadoras, p\u00e1ginas informativas de productos o incluso sitios web completos, Page Builderly sirve como un recurso invaluable que optimiza y optimiza todo el proceso de dise\u00f1o, lo que permite a los usuarios producir contenido muy atractivo y notablemente efectivo. Adem\u00e1s, una de las ventajas m\u00e1s significativas de Page Builderly es su accesibilidad para los usuarios de todos los niveles de habilidad, ya que elimina la necesidad de cualquier experiencia en codificaci\u00f3n, lo que permite a las personas de diversos or\u00edgenes comprometerse con confianza con la herramienta. Al combinar sin problemas una interfaz f\u00e1cil de usar con un conjunto integral de caracter\u00edsticas robustas, Page Builderly, sin duda, se erige como una herramienta indispensable y esencial para cualquier persona que busque elevar sus habilidades y sobresalir en el \u00e1mbito del dise\u00f1o web.<\/p>\n<ul>\n<li>Herramienta de creaci\u00f3n de p\u00e1ginas f\u00e1cil de usar<\/li>\n<li>Permite a los usuarios crear p\u00e1ginas personalizadas sin necesidad de conocimientos de codificaci\u00f3n<\/li>\n<li>Arrastre y suelte la funcionalidad para una f\u00e1cil personalizaci\u00f3n del dise\u00f1o<\/li>\n<li>Incluye una variedad de plantillas para elegir<\/li>\n<li>Se puede utilizar para sitios web, blogs y tiendas de comercio electr\u00f3nico<\/li>\n<li>Compatible con varios sistemas de gesti\u00f3n de contenido como WordPress y Joomla<\/li>\n<li>Vers\u00e1til y puede crear p\u00e1ginas para diferentes dispositivos como escritorio y m\u00f3vil<\/li>\n<li>Puede integrarse con aplicaciones de terceros como herramientas de marketing por correo electr\u00f3nico<\/li>\n<li>Ofrece una vista previa en tiempo real de los cambios realizados en el dise\u00f1o<\/li>\n<li>Proporciona soporte y tutoriales para que los usuarios maximicen sus caracter\u00edsticas.<\/li>\n<\/ul>\n","protected":false},"excerpt":{"rendered":"<p>Page Builderly, una herramienta incre\u00edblemente poderosa, otorga a los usuarios la capacidad de construir sitios web visualmente impresionantes y pulidos profesionalmente, todo sin el requisito de poseer experiencia en codificaci\u00f3n. A trav\u00e9s de su interfaz de arrastrar y soltar f\u00e1cilmente de usuario, las personas pueden modificar sin esfuerzo plantillas de p\u00e1gina predise\u00f1adas o incluso forjar sus propios dise\u00f1os distintos desde cero. Adem\u00e1s, Page Builderly cuenta con una extensa variedad de caracter\u00edsticas y elementos, como texto, im\u00e1genes, botones, formularios, fondos de video y m\u00e1s, para que los usuarios empleen selectivamente. Adem\u00e1s, su dise\u00f1o adaptativo garantiza que sus p\u00e1ginas web se mostrar\u00e1n sin problemas en todos los dispositivos, mientras que el c\u00f3digo optimizado de Optimizaci\u00f3n de motores de b\u00fasqueda (SEO) ayuda a reforzar la visibilidad de su sitio web dentro de los resultados de b\u00fasqueda. Ya sea que uno sea un dise\u00f1ador web novato o experimentado, Page Builderly ofrece una soluci\u00f3n que abarca todo, otorgando las herramientas necesarias para generar p\u00e1ginas web impresionantes e impactantes.<\/p>\n","protected":false},"featured_media":167131,"comment_status":"open","ping_status":"open","template":"","meta":[],"product_brand":[2378],"product_cat":[1267,1237,1238],"product_tag":[2262],"class_list":{"0":"post-126367","1":"product","2":"type-product","3":"status-publish","4":"has-post-thumbnail","6":"product_brand-superb-themes","7":"product_cat-creativo","8":"product_cat-temas","9":"product_cat-wordpress-temas","10":"product_tag-superb-themes","11":"member-discount","12":"discount-restricted","14":"first","15":"instock","16":"sale","17":"downloadable","18":"virtual","19":"sold-individually","20":"purchasable","21":"product-type-simple"},"_links":{"self":[{"href":"https:\/\/gpl-love.com\/es\/wp-json\/wp\/v2\/product\/126367","targetHints":{"allow":["GET"]}}],"collection":[{"href":"https:\/\/gpl-love.com\/es\/wp-json\/wp\/v2\/product"}],"about":[{"href":"https:\/\/gpl-love.com\/es\/wp-json\/wp\/v2\/types\/product"}],"replies":[{"embeddable":true,"href":"https:\/\/gpl-love.com\/es\/wp-json\/wp\/v2\/comments?post=126367"}],"wp:featuredmedia":[{"embeddable":true,"href":"https:\/\/gpl-love.com\/es\/wp-json\/wp\/v2\/media\/167131"}],"wp:attachment":[{"href":"https:\/\/gpl-love.com\/es\/wp-json\/wp\/v2\/media?parent=126367"}],"wp:term":[{"taxonomy":"product_brand","embeddable":true,"href":"https:\/\/gpl-love.com\/es\/wp-json\/wp\/v2\/product_brand?post=126367"},{"taxonomy":"product_cat","embeddable":true,"href":"https:\/\/gpl-love.com\/es\/wp-json\/wp\/v2\/product_cat?post=126367"},{"taxonomy":"product_tag","embeddable":true,"href":"https:\/\/gpl-love.com\/es\/wp-json\/wp\/v2\/product_tag?post=126367"}],"curies":[{"name":"wp","href":"https:\/\/api.w.org\/{rel}","templated":true}]}}