{"id":126366,"date":"2025-02-06T00:00:00","date_gmt":"2025-02-06T05:00:00","guid":{"rendered":"https:\/\/gpl-love.com\/es\/producto\/one-pageily\/"},"modified":"2026-04-10T11:20:19","modified_gmt":"2026-04-10T16:20:19","slug":"one-pageily","status":"publish","type":"product","link":"https:\/\/gpl-love.com\/es\/producto\/one-pageily\/","title":{"rendered":"One Pageily 115.0"},"content":{"rendered":"<h3>One Pageily Caracteristicas<\/h3>\n<p>One Pagilily es una plataforma innovadora en l\u00ednea dise\u00f1ada para racionalizar el intrincado procedimiento de elaboraci\u00f3n de p\u00e1ginas de destino, p\u00e1ginas de ventas y p\u00e1ginas de compras. Aprovechando su interfaz notablemente intuitiva, incluso las personas desprovistas de experiencia en programaci\u00f3n pueden generar sin esfuerzo una p\u00e1gina web visualmente impresionante en unos pocos minutos. Este producto excepcional abarca una extensa variedad de plantillas personalizadas y bloques previamente ensamblados, lo que permite a los usuarios personalizar meticulosamente sus p\u00e1ginas para alinearse con precisi\u00f3n con sus distintas preferencias y requisitos previos. En un esfuerzo encomiable para aumentar el alcance de las empresas, uno tambi\u00e9n ofrece una integraci\u00f3n perfecta con distinguidos servicios de marketing por correo electr\u00f3nico, facilitando as\u00ed la expansi\u00f3n de sus valiosas listas de suscriptores. Al aprovechar las capacidades notables de una p\u00e1gina, los usuarios optimizan efectivamente sus preciosos recursos de tiempo y dinero mientras falsifican sin esfuerzo p\u00e1ginas impecables y de grado profesional que convierten de manera perfecta y efectiva a simples visitantes en clientes leales.<\/p>\n<ul>\n<li>One Pagily es una poderosa herramienta en l\u00ednea para crear sitios web de una sola p\u00e1gina hermosos y de aspecto profesional.<\/li>\n<li>Con una interfaz de arrastrar y soltar f\u00e1cil de usar, crear un sitio web nunca ha sido m\u00e1s f\u00e1cil.<\/li>\n<li>Elija entre una amplia gama de plantillas personalizables o comience desde cero para dar vida a su visi\u00f3n \u00fanica.<\/li>\n<li>Los sitios web de una sola p\u00e1gina nunca han sido m\u00e1s populares, y uno hace que sea f\u00e1cil unirse a la tendencia.<\/li>\n<li>\u00bfNo es un dise\u00f1ador? No hay problemas que las plantillas de Pageily est\u00e9n dise\u00f1adas para ser f\u00e1ciles de usar y personalizar incluso si no tiene experiencia de dise\u00f1o previa.<\/li>\n<li>Con las potentes herramientas y caracter\u00edsticas de una p\u00e1gina, podr\u00e1 crear un sitio web que se vea muy bien en cualquier dispositivo, desde computadoras de escritorio hasta tel\u00e9fonos inteligentes y tabletas.<\/li>\n<li>Ya sea que est\u00e9 buscando lanzar un nuevo producto, promocionar su negocio o simplemente compartir sus ideas con el mundo, una p\u00e1gina es la manera perfecta de comenzar.<\/li>\n<\/ul>\n","protected":false},"excerpt":{"rendered":"<p>One Pagily es una herramienta excepcionalmente robusta y f\u00e1cil de usar meticulosamente elaborada para ayudarlo a generar p\u00e1ginas de destino cautivadoras e impactantes. Su interfaz est\u00e1 dise\u00f1ada intuitivamente, lo que permite una navegaci\u00f3n perfecta y su variedad de plantillas personalizables ofrecen una flexibilidad incomparable. Con una p\u00e1gina a su disposici\u00f3n, tiene la capacidad de concebir y publicar p\u00e1ginas de conversi\u00f3n sin esfuerzo que generar\u00e1 sin esfuerzo la atenci\u00f3n de sus visitantes e impulsar\u00e1 un aumento en las conversiones. Independientemente de si usted es un ne\u00f3fito o un vendedor experimentado, uno sirve como la soluci\u00f3n por excelencia para las personas que buscan reforzar su presencia en l\u00ednea y amplificar sus flujos de ingresos. \u00a1No pierda el tiempo y se embarque en este viaje transformador hoy, lo que permite que su negocio realmente prospere!<\/p>\n","protected":false},"featured_media":167100,"comment_status":"open","ping_status":"open","template":"","meta":[],"product_brand":[2378],"product_cat":[1267,1237,1238],"product_tag":[2262],"class_list":{"0":"post-126366","1":"product","2":"type-product","3":"status-publish","4":"has-post-thumbnail","6":"product_brand-superb-themes","7":"product_cat-creativo","8":"product_cat-temas","9":"product_cat-wordpress-temas","10":"product_tag-superb-themes","11":"member-discount","12":"discount-restricted","14":"first","15":"instock","16":"sale","17":"downloadable","18":"virtual","19":"sold-individually","20":"purchasable","21":"product-type-simple"},"_links":{"self":[{"href":"https:\/\/gpl-love.com\/es\/wp-json\/wp\/v2\/product\/126366","targetHints":{"allow":["GET"]}}],"collection":[{"href":"https:\/\/gpl-love.com\/es\/wp-json\/wp\/v2\/product"}],"about":[{"href":"https:\/\/gpl-love.com\/es\/wp-json\/wp\/v2\/types\/product"}],"replies":[{"embeddable":true,"href":"https:\/\/gpl-love.com\/es\/wp-json\/wp\/v2\/comments?post=126366"}],"wp:featuredmedia":[{"embeddable":true,"href":"https:\/\/gpl-love.com\/es\/wp-json\/wp\/v2\/media\/167100"}],"wp:attachment":[{"href":"https:\/\/gpl-love.com\/es\/wp-json\/wp\/v2\/media?parent=126366"}],"wp:term":[{"taxonomy":"product_brand","embeddable":true,"href":"https:\/\/gpl-love.com\/es\/wp-json\/wp\/v2\/product_brand?post=126366"},{"taxonomy":"product_cat","embeddable":true,"href":"https:\/\/gpl-love.com\/es\/wp-json\/wp\/v2\/product_cat?post=126366"},{"taxonomy":"product_tag","embeddable":true,"href":"https:\/\/gpl-love.com\/es\/wp-json\/wp\/v2\/product_tag?post=126366"}],"curies":[{"name":"wp","href":"https:\/\/api.w.org\/{rel}","templated":true}]}}