{"id":126365,"date":"2025-02-06T00:00:00","date_gmt":"2025-02-06T05:00:00","guid":{"rendered":"https:\/\/gpl-love.com\/es\/producto\/newspaperly\/"},"modified":"2026-04-10T11:18:58","modified_gmt":"2026-04-10T16:18:58","slug":"newspaperly","status":"publish","type":"product","link":"https:\/\/gpl-love.com\/es\/producto\/newspaperly\/","title":{"rendered":"Newspaperly 120.0"},"content":{"rendered":"<h3>Newspaperly Caracteristicas<\/h3>\n<p>El peri\u00f3dico es un agregador de noticias de vanguardia que proporciona una soluci\u00f3n novedosa para las personas que buscan permanecer bien informadas sobre las \u00faltimas noticias y tendencias que abarcan el mundo. A trav\u00e9s de su interfaz f\u00e1cil e instintiva, los usuarios pueden examinar sin esfuerzo una gran cantidad de titulares obtenidos de una amplia gama de puntos de venta, que abarcan corporaciones destacadas de noticias, peri\u00f3dicos locales y blogs populares. Esta plataforma cuenta con alimentos personalizados adaptados a los intereses y preferencias individuales, facilitando la exploraci\u00f3n perfecta de temas novedosos y la conciencia continua de los problemas pertinentes. Si el objetivo de uno es permanecer al tanto de los asuntos actuales, monitorear los patrones de la industria o simplemente obtener diversi\u00f3n, el peri\u00f3dico sirve como el recurso final, ofreciendo todas las herramientas necesarias para garantizar que uno est\u00e9 al tanto de las noticias e informaci\u00f3n m\u00e1s recientes.<\/p>\n<ul>\n<li>Obtenga destacados de noticias personalizados diarios entregados a su bandeja de entrada<\/li>\n<li>Mant\u00e9ngase al d\u00eda sobre las \u00faltimas tendencias y acontecimientos en su industria<\/li>\n<li>Personalice sus preferencias de noticias en funci\u00f3n de sus intereses y h\u00e1bitos de lectura<\/li>\n<li>Acceda f\u00e1cilmente a los art\u00edculos completos a trav\u00e9s de enlaces proporcionados en su correo electr\u00f3nico<\/li>\n<li>Nunca m\u00e1s te pierdas noticias importantes con actualizaciones oportunas y curadas<\/li>\n<li>Tener la comodidad de un peri\u00f3dico diario entregado directamente a su dispositivo digital<\/li>\n<li>Mant\u00e9ngase informado y conocedor sin pasar horas examinando las fuentes de noticias<\/li>\n<li>Tome decisiones informadas y mant\u00e9ngase por delante de la competencia con el peri\u00f3dico.<\/li>\n<\/ul>\n","protected":false},"excerpt":{"rendered":"<p>El peri\u00f3dico es un software innovador e innovador que tiene la capacidad de revolucionar el dominio de los peri\u00f3dicos tradicionales al convertirlos en formatos digitales. A trav\u00e9s de la utilizaci\u00f3n del peri\u00f3dico, las personas reciben la oportunidad excepcional de acceder sin esfuerzo y convenientemente una amplia gama de art\u00edculos de noticias e historias cautivadoras de varios peri\u00f3dicos en todo el mundo, a trav\u00e9s de sus dispositivos digitales. Este software est\u00e1 dise\u00f1ado espec\u00edficamente para ofrecer una experiencia de navegaci\u00f3n impecable e ininterrumpida, facilitando y simplificando el proceso de obtener el conocimiento m\u00e1s actualizado e integral sobre las \u00faltimas noticias y eventos. Adem\u00e1s, el peri\u00f3dico es una plataforma inclusiva y vers\u00e1til que atiende a una variedad diversa de individuos, incluidos estudiantes, profesionales e incluso \u00e1vidos entusiastas de los peri\u00f3dicos que obtienen un inmenso placer al disfrutar del acto de lectura. Por lo tanto, le insto firmemente a aprovechar el momento y embarcarse en este viaje transformador probando peri\u00f3dico ahora, \u00a1ya que promete proporcionarle un encuentro sin precedentes y completamente notable con el mundo de los peri\u00f3dicos digitales!<\/p>\n","protected":false},"featured_media":166982,"comment_status":"open","ping_status":"open","template":"","meta":[],"product_brand":[2378],"product_cat":[1245,1237,1238],"product_tag":[2262],"class_list":{"0":"post-126365","1":"product","2":"type-product","3":"status-publish","4":"has-post-thumbnail","6":"product_brand-superb-themes","7":"product_cat-blog-revista","8":"product_cat-temas","9":"product_cat-wordpress-temas","10":"product_tag-superb-themes","11":"member-discount","12":"discount-restricted","14":"first","15":"instock","16":"sale","17":"downloadable","18":"virtual","19":"sold-individually","20":"purchasable","21":"product-type-simple"},"_links":{"self":[{"href":"https:\/\/gpl-love.com\/es\/wp-json\/wp\/v2\/product\/126365","targetHints":{"allow":["GET"]}}],"collection":[{"href":"https:\/\/gpl-love.com\/es\/wp-json\/wp\/v2\/product"}],"about":[{"href":"https:\/\/gpl-love.com\/es\/wp-json\/wp\/v2\/types\/product"}],"replies":[{"embeddable":true,"href":"https:\/\/gpl-love.com\/es\/wp-json\/wp\/v2\/comments?post=126365"}],"wp:featuredmedia":[{"embeddable":true,"href":"https:\/\/gpl-love.com\/es\/wp-json\/wp\/v2\/media\/166982"}],"wp:attachment":[{"href":"https:\/\/gpl-love.com\/es\/wp-json\/wp\/v2\/media?parent=126365"}],"wp:term":[{"taxonomy":"product_brand","embeddable":true,"href":"https:\/\/gpl-love.com\/es\/wp-json\/wp\/v2\/product_brand?post=126365"},{"taxonomy":"product_cat","embeddable":true,"href":"https:\/\/gpl-love.com\/es\/wp-json\/wp\/v2\/product_cat?post=126365"},{"taxonomy":"product_tag","embeddable":true,"href":"https:\/\/gpl-love.com\/es\/wp-json\/wp\/v2\/product_tag?post=126365"}],"curies":[{"name":"wp","href":"https:\/\/api.w.org\/{rel}","templated":true}]}}