{"id":126363,"date":"2022-05-07T00:00:00","date_gmt":"2022-05-07T05:00:00","guid":{"rendered":"https:\/\/gpl-love.com\/es\/producto\/modern-blogily\/"},"modified":"2026-04-10T11:16:50","modified_gmt":"2026-04-10T16:16:50","slug":"modern-blogily","status":"publish","type":"product","link":"https:\/\/gpl-love.com\/es\/producto\/modern-blogily\/","title":{"rendered":"Modern Blogily 104.4"},"content":{"rendered":"<h3>Modern Blogily Caracteristicas<\/h3>\n<p>Modern Blogily es una plataforma de blogs avanzada y de vanguardia que cuenta con una interfaz perfecta y altamente intuitiva para facilitar sin esfuerzo la publicaci\u00f3n del contenido de los bloggers. La plataforma ofrece una amplia gama de temas y plantillas personalizables, lo que empodera a los bloggers para crear dise\u00f1os de blogs visualmente cautivadores que reflejen aut\u00e9nticamente su identidad de marca distintiva y su estilo personal. Adem\u00e1s, la plataforma est\u00e1 meticulosamente optimizada para la clasificaci\u00f3n de motores de b\u00fasqueda, lo que garantiza una mayor descubrimiento del contenido al ampliar su alcance a una audiencia m\u00e1s amplia. Adem\u00e1s, Modern se integra sin problemas con varias plataformas de redes sociales, lo que permite a los bloggers difundir sin esfuerzo sus publicaciones en m\u00faltiples canales y expandir exponencialmente su presencia en l\u00ednea. La plataforma tambi\u00e9n ofrece servicios de alojamiento incomparables y caracter\u00edsticas de seguridad de \u00faltima generaci\u00f3n, que no solo proporcionan una garant\u00eda s\u00f3lida con respecto a la seguridad y la accesibilidad del contenido de los bloggers, sino que tambi\u00e9n fomentan la m\u00e1xima tranquilidad. Independientemente de si usted es un blogger experimentado con una gran experiencia o un novato que solo se embarca en este emocionante viaje digital, modernamente se erige en el blog como la soluci\u00f3n definitiva que sin duda elevar\u00e1 y revolucionar\u00e1 su experiencia de blogs a alturas incomparables.<\/p>\n<ul>\n<li>Dise\u00f1o limpio y moderno que se adapta a cualquier estilo de blog<\/li>\n<li>F\u00e1cil de usar y personalizar con el panel de opciones intuitivas<\/li>\n<li>M\u00f3vil que responde para garantizar que su blog se vea muy bien en cualquier dispositivo<\/li>\n<li>Admite todos los tipos de blogs principales que incluyen publicaciones de texto, video e imagen<\/li>\n<li>Optimizado para la velocidad y el SEO para atraer m\u00e1s visitantes y mejorar las clasificaciones<\/li>\n<li>Opciones de dise\u00f1o m\u00faltiples para elegir para mostrar su contenido de la mejor manera posible<\/li>\n<li>Integraci\u00f3n de las redes sociales para ayudar a aumentar su presencia en l\u00ednea y llegar a un p\u00fablico m\u00e1s amplio<\/li>\n<li>Sistema de comentarios incorporado para alentar el compromiso y la conversaci\u00f3n con sus lectores<\/li>\n<li>Soporte para complementos populares para mejorar la funcionalidad y las caracter\u00edsticas de su blog<\/li>\n<li>Atenci\u00f3n al cliente 24\/7 para asegurarse de obtener la ayuda que necesita cuando la necesita.<\/li>\n<\/ul>\n","protected":false},"excerpt":{"rendered":"<p>Modern Blogily es un innovador software de dise\u00f1o de blog que permite a los usuarios crear blogs visualmente cautivadores visualmente en cuesti\u00f3n de minutos. Su interfaz optimizada y contempor\u00e1nea revoluciona el proceso de personalizaci\u00f3n del blog, lo que lo hace m\u00e1s accesible que nunca. Independientemente de si cuenta con una experiencia experimentada como blogger o se est\u00e1 embarcando en su primera incursi\u00f3n en la blog\u00f3sfera, modernamente le otorga un amplio variedad de caracter\u00edsticas que abarcan la gama desde plantillas personalizables hasta una interfaz de arrastrar y soltar intuitivamente navegable, Sin mencionar las herramientas de SEO integradas que se incorporan directamente en la plataforma. Edite y publique perfectamente su contenido, incorpore sin problemas im\u00e1genes, videos y archivos de audio en sus publicaciones con absoluta facilidad. Presentando adi\u00f3s a la tediosa tarea de desplazarse infinitamente a trav\u00e9s de una variedad interminable de plantillas, puede darle la bienvenida a un blog que irradia tanto la modernidad como la profesionalidad gracias al poder transformador de la moderna.<\/p>\n","protected":false},"featured_media":166796,"comment_status":"open","ping_status":"open","template":"","meta":[],"product_brand":[2378],"product_cat":[1245,1237,1238],"product_tag":[2262],"class_list":{"0":"post-126363","1":"product","2":"type-product","3":"status-publish","4":"has-post-thumbnail","6":"product_brand-superb-themes","7":"product_cat-blog-revista","8":"product_cat-temas","9":"product_cat-wordpress-temas","10":"product_tag-superb-themes","11":"member-discount","12":"discount-restricted","14":"first","15":"instock","16":"sale","17":"downloadable","18":"virtual","19":"sold-individually","20":"purchasable","21":"product-type-simple"},"_links":{"self":[{"href":"https:\/\/gpl-love.com\/es\/wp-json\/wp\/v2\/product\/126363","targetHints":{"allow":["GET"]}}],"collection":[{"href":"https:\/\/gpl-love.com\/es\/wp-json\/wp\/v2\/product"}],"about":[{"href":"https:\/\/gpl-love.com\/es\/wp-json\/wp\/v2\/types\/product"}],"replies":[{"embeddable":true,"href":"https:\/\/gpl-love.com\/es\/wp-json\/wp\/v2\/comments?post=126363"}],"wp:featuredmedia":[{"embeddable":true,"href":"https:\/\/gpl-love.com\/es\/wp-json\/wp\/v2\/media\/166796"}],"wp:attachment":[{"href":"https:\/\/gpl-love.com\/es\/wp-json\/wp\/v2\/media?parent=126363"}],"wp:term":[{"taxonomy":"product_brand","embeddable":true,"href":"https:\/\/gpl-love.com\/es\/wp-json\/wp\/v2\/product_brand?post=126363"},{"taxonomy":"product_cat","embeddable":true,"href":"https:\/\/gpl-love.com\/es\/wp-json\/wp\/v2\/product_cat?post=126363"},{"taxonomy":"product_tag","embeddable":true,"href":"https:\/\/gpl-love.com\/es\/wp-json\/wp\/v2\/product_tag?post=126363"}],"curies":[{"name":"wp","href":"https:\/\/api.w.org\/{rel}","templated":true}]}}