{"id":126361,"date":"2025-02-06T00:00:00","date_gmt":"2025-02-06T05:00:00","guid":{"rendered":"https:\/\/gpl-love.com\/es\/producto\/landing-pagency\/"},"modified":"2026-03-13T17:23:24","modified_gmt":"2026-03-13T22:23:24","slug":"landing-pagency","status":"publish","type":"product","link":"https:\/\/gpl-love.com\/es\/producto\/landing-pagency\/","title":{"rendered":"Landing Pagency 119.0"},"content":{"rendered":"<h3>Landing Pagency Caracteristicas<\/h3>\n<p>El Pagency de Landing, una herramienta excepcionalmente poderosa, tiene el prop\u00f3sito de crear p\u00e1ginas de destino que no solo son de alta convertencia sino que tambi\u00e9n son capaces de impulsar las ventas y generar clientes potenciales. Logra esto al proporcionar a los usuarios una interfaz intuitiva de arrastrar y soltar, eliminando la necesidad de cualquier conocimiento de codificaci\u00f3n. Esta caracter\u00edstica faculta a los usuarios crear p\u00e1ginas de destino personalizadas sin esfuerzo de acuerdo con sus preferencias. Para garantizar un aspecto profesional y cohesivo, la mezcla de aterrizaje ofrece una amplia gama de plantillas y elementos de dise\u00f1o para elegir, lo que permite a los usuarios mantenerse en la marca. Adem\u00e1s, la plataforma est\u00e1 equipada con an\u00e1lisis robustos y capacidades de prueba A\/B, lo que permite a los usuarios optimizar continuamente sus p\u00e1ginas de destino para el m\u00e1ximo rendimiento. Ya sea que el objetivo es aumentar las ventas, generar clientes potenciales o mejorar la experiencia del usuario de un sitio web, la Pagencia de Landing es una herramienta indispensable para vendedores y propietarios de negocios por igual.<\/p>\n<ul>\n<li>P\u00e1ginas de destino dise\u00f1adas profesionalmente para aumentar las conversiones e impulsar las ventas<\/li>\n<li>Plantillas personalizables para adaptarse a cualquier marca o campa\u00f1a<\/li>\n<li>Funci\u00f3n de prueba A\/B para optimizar las p\u00e1ginas de destino y mejorar los resultados<\/li>\n<li>Integraci\u00f3n con el popular marketing por correo electr\u00f3nico y las herramientas de CRM<\/li>\n<li>An\u00e1lisis robusto e informes para rastrear el rendimiento y el ROI<\/li>\n<li>Dise\u00f1o receptivo para dispositivos m\u00f3viles y de escritorio<\/li>\n<li>Interfaz f\u00e1cil de usar para crear y administrar campa\u00f1as<\/li>\n<li>Equipo de apoyo dedicado para ayudar con cualquier pregunta o problema<\/li>\n<li>Opciones de precios asequibles para empresas de todos los tama\u00f1os<\/li>\n<\/ul>\n","protected":false},"excerpt":{"rendered":"<p>La entrada, una agencia de renombre, ha dise\u00f1ado h\u00e1bilmente una p\u00e1gina de destino est\u00e9ticamente agradable. Nuestro equipo de expertos se especializa en la creaci\u00f3n de p\u00e1ginas de destino que no solo son visualmente atractivas sino tambi\u00e9n altamente efectivas para impulsar el tr\u00e1fico, generar clientes potenciales y, en \u00faltima instancia, aumentar las ventas para su negocio. Tenga la seguridad de que con nuestro amplio conocimiento en el dise\u00f1o de la experiencia del usuario, la redacci\u00f3n persuasiva y el an\u00e1lisis de datos meticuloso, su p\u00e1gina de destino se optimizar\u00e1 meticulosamente para un rendimiento \u00f3ptimo. Da el primer paso para mejorar su presencia en l\u00ednea eligiendo la informaci\u00f3n como su socio de confianza hoy.<\/p>\n","protected":false},"featured_media":166566,"comment_status":"open","ping_status":"open","template":"","meta":[],"product_brand":[2378],"product_cat":[1267,1237,1238],"product_tag":[2262],"class_list":{"0":"post-126361","1":"product","2":"type-product","3":"status-publish","4":"has-post-thumbnail","6":"product_brand-superb-themes","7":"product_cat-creativo","8":"product_cat-temas","9":"product_cat-wordpress-temas","10":"product_tag-superb-themes","11":"member-discount","12":"discount-restricted","14":"first","15":"instock","16":"sale","17":"downloadable","18":"virtual","19":"sold-individually","20":"purchasable","21":"product-type-simple"},"_links":{"self":[{"href":"https:\/\/gpl-love.com\/es\/wp-json\/wp\/v2\/product\/126361","targetHints":{"allow":["GET"]}}],"collection":[{"href":"https:\/\/gpl-love.com\/es\/wp-json\/wp\/v2\/product"}],"about":[{"href":"https:\/\/gpl-love.com\/es\/wp-json\/wp\/v2\/types\/product"}],"replies":[{"embeddable":true,"href":"https:\/\/gpl-love.com\/es\/wp-json\/wp\/v2\/comments?post=126361"}],"wp:featuredmedia":[{"embeddable":true,"href":"https:\/\/gpl-love.com\/es\/wp-json\/wp\/v2\/media\/166566"}],"wp:attachment":[{"href":"https:\/\/gpl-love.com\/es\/wp-json\/wp\/v2\/media?parent=126361"}],"wp:term":[{"taxonomy":"product_brand","embeddable":true,"href":"https:\/\/gpl-love.com\/es\/wp-json\/wp\/v2\/product_brand?post=126361"},{"taxonomy":"product_cat","embeddable":true,"href":"https:\/\/gpl-love.com\/es\/wp-json\/wp\/v2\/product_cat?post=126361"},{"taxonomy":"product_tag","embeddable":true,"href":"https:\/\/gpl-love.com\/es\/wp-json\/wp\/v2\/product_tag?post=126361"}],"curies":[{"name":"wp","href":"https:\/\/api.w.org\/{rel}","templated":true}]}}