{"id":126337,"date":"2025-02-06T00:00:00","date_gmt":"2025-02-06T05:00:00","guid":{"rendered":"https:\/\/gpl-love.com\/es\/producto\/creativeily\/"},"modified":"2026-03-13T17:18:08","modified_gmt":"2026-03-13T22:18:08","slug":"creativeily","status":"publish","type":"product","link":"https:\/\/gpl-love.com\/es\/producto\/creativeily\/","title":{"rendered":"Creativeily 118.0"},"content":{"rendered":"<h3>Creativeily Caracteristicas<\/h3>\n<p>Creationly, con sus poderosas capacidades, sirve como una herramienta formidable que permite a los usuarios aprovechar su potencial creativo y cultivar ideas innovadoras. A trav\u00e9s de su amplia gama de herramientas y caracter\u00edsticas personalizables, este software permite a las personas adaptar su experiencia creativa de acuerdo con sus requisitos y preferencias \u00fanicas. Con una interfaz intuitiva, los usuarios pueden generar y modificar sin esfuerzo textos, im\u00e1genes y gr\u00e1ficos, simplificando as\u00ed el proceso creativo. En particular, el software abarca una extensa colecci\u00f3n de plantillas y preajustes que sirven como catalizadores para encender los esfuerzos creativos. Ya sea dise\u00f1adores gr\u00e1ficos, especialistas en marketing, escritores o personas que buscan una experiencia de creaci\u00f3n de contenido perfecta, creativamente se erige como la soluci\u00f3n por excelencia. Desde dise\u00f1ar un logotipo nuevo hasta elaborar un sitio web atractivo, abarca creativamente las herramientas y caracter\u00edsticas esenciales indispensables para lograr estas tareas con la mayor facilidad y delicadeza.<\/p>\n<ul>\n<li>Mejora la creatividad y la capacidad de ideaci\u00f3n<\/li>\n<li>Aumenta las habilidades de resoluci\u00f3n de problemas<\/li>\n<li>Facilita la lluvia de ideas y pensando fuera de la caja<\/li>\n<li>Fomenta el pensamiento imaginativo y la originalidad<\/li>\n<li>Mejora la productividad y la eficiencia en las tareas creativas<\/li>\n<li>Ayuda a superar bloques creativos y barreras mentales<\/li>\n<li>Mejora las habilidades de comunicaci\u00f3n (escrita y verbal)<\/li>\n<li>Promueve el crecimiento personal y la autoexpresi\u00f3n<\/li>\n<li>Adecuado para individuos y equipos en diversas industrias, incluidos dise\u00f1o, publicidad, marketing y educaci\u00f3n.<\/li>\n<li>Interfaz f\u00e1cil de usar y configuraciones personalizables para una integraci\u00f3n perfecta en la rutina diaria.<\/li>\n<\/ul>\n","protected":false},"excerpt":{"rendered":"<p>\u00a1Experimenta el poder de la innovaci\u00f3n y la creatividad con creatividad! Esta poderosa herramienta no solo es f\u00e1cil de usar, sino que tambi\u00e9n ofrece una variedad de caracter\u00edsticas avanzadas para dar vida a sus ideas digitales. Creationily es la plataforma perfecta para dise\u00f1adores gr\u00e1ficos, artistas independientes o cualquier persona que valora el arte de la comunicaci\u00f3n visual. Este software vers\u00e1til incluye una herramienta de coincidencia de color, una amplia selecci\u00f3n de fuentes y una variedad de plantillas de dise\u00f1o para que su proceso creativo sea m\u00e1s eficiente y agradable. Ya sea que est\u00e9 dise\u00f1ando logotipos, creando ilustraciones impresionantes o desarrollando dise\u00f1os web \u00fanicos, Creationly lo tiene cubierto. Desata su creatividad, mejore sus dise\u00f1os e impresione a sus clientes con creatividad. \u00a1Tu viaje creativo comienza aqu\u00ed!<\/p>\n","protected":false},"featured_media":165677,"comment_status":"open","ping_status":"open","template":"","meta":[],"product_brand":[2378],"product_cat":[1267,1237,1238],"product_tag":[2262],"class_list":{"0":"post-126337","1":"product","2":"type-product","3":"status-publish","4":"has-post-thumbnail","6":"product_brand-superb-themes","7":"product_cat-creativo","8":"product_cat-temas","9":"product_cat-wordpress-temas","10":"product_tag-superb-themes","11":"member-discount","12":"discount-restricted","14":"first","15":"instock","16":"sale","17":"downloadable","18":"virtual","19":"sold-individually","20":"purchasable","21":"product-type-simple"},"_links":{"self":[{"href":"https:\/\/gpl-love.com\/es\/wp-json\/wp\/v2\/product\/126337","targetHints":{"allow":["GET"]}}],"collection":[{"href":"https:\/\/gpl-love.com\/es\/wp-json\/wp\/v2\/product"}],"about":[{"href":"https:\/\/gpl-love.com\/es\/wp-json\/wp\/v2\/types\/product"}],"replies":[{"embeddable":true,"href":"https:\/\/gpl-love.com\/es\/wp-json\/wp\/v2\/comments?post=126337"}],"wp:featuredmedia":[{"embeddable":true,"href":"https:\/\/gpl-love.com\/es\/wp-json\/wp\/v2\/media\/165677"}],"wp:attachment":[{"href":"https:\/\/gpl-love.com\/es\/wp-json\/wp\/v2\/media?parent=126337"}],"wp:term":[{"taxonomy":"product_brand","embeddable":true,"href":"https:\/\/gpl-love.com\/es\/wp-json\/wp\/v2\/product_brand?post=126337"},{"taxonomy":"product_cat","embeddable":true,"href":"https:\/\/gpl-love.com\/es\/wp-json\/wp\/v2\/product_cat?post=126337"},{"taxonomy":"product_tag","embeddable":true,"href":"https:\/\/gpl-love.com\/es\/wp-json\/wp\/v2\/product_tag?post=126337"}],"curies":[{"name":"wp","href":"https:\/\/api.w.org\/{rel}","templated":true}]}}