{"id":126333,"date":"2025-02-06T00:00:00","date_gmt":"2025-02-06T05:00:00","guid":{"rendered":"https:\/\/gpl-love.com\/es\/producto\/businessly\/"},"modified":"2026-03-13T17:17:16","modified_gmt":"2026-03-13T22:17:16","slug":"businessly","status":"publish","type":"product","link":"https:\/\/gpl-love.com\/es\/producto\/businessly\/","title":{"rendered":"Businessly 113.0"},"content":{"rendered":"<h3>Businessly Caracteristicas<\/h3>\n<p>Comercialmente, una herramienta de productividad incre\u00edblemente poderosa ofrece a las empresas la capacidad de administrar sus operaciones con una eficiencia incomparable. Al proporcionar una interfaz altamente intuitiva y una amplia gama de caracter\u00edsticas, optimiza empresariamente todos los aspectos de la gesti\u00f3n empresarial, desde la organizaci\u00f3n de proyectos hasta el seguimiento financiero, facilitando niveles elevados de organizaci\u00f3n y productividad. Independientemente de si su empresa es una nueva empresa floreciente o una corporaci\u00f3n en expansi\u00f3n, lo equipa comercialmente con todas las herramientas necesarias para garantizar operaciones comerciales perfectas, lo que le permite centrarse en los aspectos fundamentales del crecimiento comercial y el servicio al cliente. Por lo tanto, si est\u00e1 en busca de una soluci\u00f3n integral de gesti\u00f3n empresarial con todo incluido, no es necesario mirar m\u00e1s all\u00e1 de las capacidades de los negocios.<\/p>\n<ul>\n<li>Organizar y administrar todos los aspectos de su negocio en un solo lugar<\/li>\n<li>Centralizar la comunicaci\u00f3n y la colaboraci\u00f3n con los miembros del equipo<\/li>\n<li>Seguimiento de proyectos, tareas y plazos para mantener su equipo en camino<\/li>\n<li>Analizar e informar sobre m\u00e9tricas comerciales para tomar decisiones informadas<\/li>\n<li>Automatizar tareas repetitivas para ahorrar tiempo y aumentar la eficiencia<\/li>\n<li>Personalice f\u00e1cilmente los flujos de trabajo y los procesos para que se ajusten a sus necesidades comerciales \u00fanicas<\/li>\n<li>Almacenar y acceder de forma segura a documentos y archivos importantes<\/li>\n<li>Integrar a la perfecci\u00f3n con otras herramientas y software comerciales<\/li>\n<li>Interfaz f\u00e1cil de usar dise\u00f1ada para optimizar las operaciones y reducir el estr\u00e9s<\/li>\n<li>Equipo dedicado de atenci\u00f3n al cliente disponible para ayudar con cualquier problema o pregunta<\/li>\n<\/ul>\n","protected":false},"excerpt":{"rendered":"<p>Businessly es una plataforma din\u00e1mica y orientada a los negocios dise\u00f1ada para optimizar sus flujos de trabajo y maximizar la productividad. Con su robusta tecnolog\u00eda impulsada por IA, empresariamente proporciona una soluci\u00f3n \u00fanica e innovadora para empresas de todos los tama\u00f1os, optimizando los recursos y minimizando los despidos. Es un sistema f\u00e1cil de usar y basado en la nube que garantiza la seguridad de los datos y ofrece an\u00e1lisis en tiempo real para mantenerlo actualizado sobre el rendimiento de su negocio. Su herramienta \u00e1gil de gesti\u00f3n de proyectos fomenta la colaboraci\u00f3n, asegurando que su equipo permanezca conectado y en la pista con sus tareas. Con negocios, experimentar\u00e1 una integraci\u00f3n perfecta de sus operaciones comerciales, lo que la convierte en una herramienta indispensable para el crecimiento y el \u00e9xito. Ingrese al futuro de la gesti\u00f3n empresarial con negocios, donde la eficiencia cumple con la innovaci\u00f3n.<\/p>\n","protected":false},"featured_media":165579,"comment_status":"open","ping_status":"open","template":"","meta":[],"product_brand":[2378],"product_cat":[1307,1237,1238],"product_tag":[2262],"class_list":{"0":"post-126333","1":"product","2":"type-product","3":"status-publish","4":"has-post-thumbnail","6":"product_brand-superb-themes","7":"product_cat-negocio-wordpress-temas","8":"product_cat-temas","9":"product_cat-wordpress-temas","10":"product_tag-superb-themes","11":"member-discount","12":"discount-restricted","14":"first","15":"instock","16":"sale","17":"downloadable","18":"virtual","19":"sold-individually","20":"purchasable","21":"product-type-simple"},"_links":{"self":[{"href":"https:\/\/gpl-love.com\/es\/wp-json\/wp\/v2\/product\/126333","targetHints":{"allow":["GET"]}}],"collection":[{"href":"https:\/\/gpl-love.com\/es\/wp-json\/wp\/v2\/product"}],"about":[{"href":"https:\/\/gpl-love.com\/es\/wp-json\/wp\/v2\/types\/product"}],"replies":[{"embeddable":true,"href":"https:\/\/gpl-love.com\/es\/wp-json\/wp\/v2\/comments?post=126333"}],"wp:featuredmedia":[{"embeddable":true,"href":"https:\/\/gpl-love.com\/es\/wp-json\/wp\/v2\/media\/165579"}],"wp:attachment":[{"href":"https:\/\/gpl-love.com\/es\/wp-json\/wp\/v2\/media?parent=126333"}],"wp:term":[{"taxonomy":"product_brand","embeddable":true,"href":"https:\/\/gpl-love.com\/es\/wp-json\/wp\/v2\/product_brand?post=126333"},{"taxonomy":"product_cat","embeddable":true,"href":"https:\/\/gpl-love.com\/es\/wp-json\/wp\/v2\/product_cat?post=126333"},{"taxonomy":"product_tag","embeddable":true,"href":"https:\/\/gpl-love.com\/es\/wp-json\/wp\/v2\/product_tag?post=126333"}],"curies":[{"name":"wp","href":"https:\/\/api.w.org\/{rel}","templated":true}]}}