{"id":126331,"date":"2025-02-06T00:00:00","date_gmt":"2025-02-06T05:00:00","guid":{"rendered":"https:\/\/gpl-love.com\/es\/producto\/blogrid\/"},"modified":"2026-03-13T17:16:48","modified_gmt":"2026-03-13T22:16:48","slug":"blogrid","status":"publish","type":"product","link":"https:\/\/gpl-love.com\/es\/producto\/blogrid\/","title":{"rendered":"Blogrid 133.0"},"content":{"rendered":"<h3>Blogrid Caracteristicas<\/h3>\n<p>Blogrid es una herramienta incre\u00edblemente poderosa que tiene la capacidad de transformar completamente cualquier blog ordinario en un centro de contenido altamente din\u00e1mico e interactivo. Al utilizar las incre\u00edbles caracter\u00edsticas y la funcionalidad ofrecidas por Blogrid, los bloggers pueden crear dise\u00f1os visualmente cautivadores sin esfuerzo y sin problemas que muestren efectivamente su valioso contenido de una manera que realmente cautiva e involucra a sus lectores, dej\u00e1ndolos anhelantes m\u00e1s. Independientemente de si eres un veterano experimentado en el \u00e1mbito de los blogs o simplemente embarcando en tu emocionante viaje, Blogrid presenta una amplia gama de opciones personalizables que te permiten elaborar un blog que no solo sea \u00fanico, sino que tambi\u00e9n posee un altamente profesional y pulido est\u00e9tico. Adem\u00e1s, gracias a sus capacidades de dise\u00f1o receptivas excepcionales, su blog aparecer\u00e1 sin problemas en todos los dispositivos, garantizando as\u00ed que su audiencia puede acceder convenientemente y disfrutar de su contenido excepcional sin importar d\u00f3nde se encuentren. En consecuencia, si aspiras a llevar tu blog a alturas impresionantes y destacar de la competencia, Blogrid indudablemente representa la soluci\u00f3n perfecta para ti.<\/p>\n<ul>\n<li>Crea autom\u00e1ticamente un hermoso dise\u00f1o de cuadr\u00edcula para las publicaciones de tu blog<\/li>\n<li>Configuraci\u00f3n personalizable para tama\u00f1o de cuadr\u00edcula, tama\u00f1os de imagen y espaciado<\/li>\n<li>Funciona con cualquier plataforma de blogs o constructor de sitios web<\/li>\n<li>No hay habilidades de codificaci\u00f3n necesarias para la interfaz f\u00e1cil y f\u00e1cil de usar<\/li>\n<li>Dise\u00f1o receptivo para una visualizaci\u00f3n \u00f3ptima en todos los dispositivos<\/li>\n<li>Actualice r\u00e1pida y f\u00e1cilmente el dise\u00f1o de su cuadr\u00edcula con nuevas publicaciones o contenido<\/li>\n<li>Experiencia de usuario mejorada para sus lectores con visualizaci\u00f3n visualmente atractiva de su contenido<\/li>\n<li>Aumentar la participaci\u00f3n y las tasas de clics con una presentaci\u00f3n llamativa de las publicaciones de su blog<\/li>\n<\/ul>\n","protected":false},"excerpt":{"rendered":"<p>Blogrid es una plataforma f\u00e1cil de usar que ofrece una experiencia de blogs incomparable. Es perfecto para principiantes y escritores experimentados, lo que le permite crear, administrar y compartir su contenido \u00fanico con facilidad. Las caracter\u00edsticas clave incluyen un editor vers\u00e1til, herramientas de optimizaci\u00f3n de SEO y una gama de hermosas plantillas para elegir. Con Blogrid, puede personalizar f\u00e1cilmente su blog para que coincida con su estilo y necesidades, y alcanzar efectivamente su p\u00fablico objetivo. Ya sea que est\u00e9 buscando compartir su viaje personal, promover su negocio o discutir sus temas favoritos, Blogrid proporciona las herramientas que necesita para que su voz se escuche. Experimente los beneficios de un proceso de blogs optimizado, mejor visibilidad en l\u00ednea y una pr\u00f3spera comunidad de otros bloggers. Comience su viaje de blogs con Blogrid hoy.<\/p>\n","protected":false},"featured_media":165494,"comment_status":"open","ping_status":"open","template":"","meta":[],"product_brand":[2378],"product_cat":[1245,1237,1238],"product_tag":[2262],"class_list":{"0":"post-126331","1":"product","2":"type-product","3":"status-publish","4":"has-post-thumbnail","6":"product_brand-superb-themes","7":"product_cat-blog-revista","8":"product_cat-temas","9":"product_cat-wordpress-temas","10":"product_tag-superb-themes","11":"member-discount","12":"discount-restricted","14":"first","15":"instock","16":"sale","17":"downloadable","18":"virtual","19":"sold-individually","20":"purchasable","21":"product-type-simple"},"_links":{"self":[{"href":"https:\/\/gpl-love.com\/es\/wp-json\/wp\/v2\/product\/126331","targetHints":{"allow":["GET"]}}],"collection":[{"href":"https:\/\/gpl-love.com\/es\/wp-json\/wp\/v2\/product"}],"about":[{"href":"https:\/\/gpl-love.com\/es\/wp-json\/wp\/v2\/types\/product"}],"replies":[{"embeddable":true,"href":"https:\/\/gpl-love.com\/es\/wp-json\/wp\/v2\/comments?post=126331"}],"wp:featuredmedia":[{"embeddable":true,"href":"https:\/\/gpl-love.com\/es\/wp-json\/wp\/v2\/media\/165494"}],"wp:attachment":[{"href":"https:\/\/gpl-love.com\/es\/wp-json\/wp\/v2\/media?parent=126331"}],"wp:term":[{"taxonomy":"product_brand","embeddable":true,"href":"https:\/\/gpl-love.com\/es\/wp-json\/wp\/v2\/product_brand?post=126331"},{"taxonomy":"product_cat","embeddable":true,"href":"https:\/\/gpl-love.com\/es\/wp-json\/wp\/v2\/product_cat?post=126331"},{"taxonomy":"product_tag","embeddable":true,"href":"https:\/\/gpl-love.com\/es\/wp-json\/wp\/v2\/product_tag?post=126331"}],"curies":[{"name":"wp","href":"https:\/\/api.w.org\/{rel}","templated":true}]}}