{"id":126329,"date":"2025-02-06T00:00:00","date_gmt":"2025-02-06T05:00:00","guid":{"rendered":"https:\/\/gpl-love.com\/es\/producto\/bloggist\/"},"modified":"2026-03-13T17:16:47","modified_gmt":"2026-03-13T22:16:47","slug":"bloggist","status":"publish","type":"product","link":"https:\/\/gpl-love.com\/es\/producto\/bloggist\/","title":{"rendered":"Bloggist 141.0"},"content":{"rendered":"<h3>Bloggist Caracteristicas<\/h3>\n<p>Bloggist es una plataforma revolucionaria e innovadora que ha sido ideada ingeniosamente para ayudar a los blogueros a generar sin esfuerzo contenido de primer nivel y espl\u00e9ndido. Esta notable plataforma equipa a los escritores con una gama integral de herramientas indispensables y recursos invaluables, lo que los empodera para concebir y elaborar publicaciones de blog verdaderamente cautivadoras y cautivadoras que innvenientemente cautivan y cautivan a su p\u00fablico objetivo. Adem\u00e1s, Bloggist cuenta con una interfaz notablemente f\u00e1cil de usar, lo que hace que el proceso de escritura, edici\u00f3n y publicaci\u00f3n de art\u00edculos sea una brisa absoluta para los bloggers. Adem\u00e1s, esta plataforma de vanguardia abarca una variedad de caracter\u00edsticas que ayudan eficazmente a los escritores a optimizar su contenido para los motores de b\u00fasqueda y promover efectivamente sus blogs en varias plataformas de redes sociales. En consecuencia, con la ayuda de Bloggist, los escritores pueden dedicarse de todo coraz\u00f3n a la ardua tarea de crear contenido sobresaliente, completamente sin aliviar por cualquier inquietud o aprensi\u00f3n con respecto a los intrincados tecnicismos y matices del mundo de los blogs. En esencia, Bloggist representa un desarrollo sin precedentes y que cambia el juego que sin duda revolucionar\u00e1 la vida de los bloggers, impulsando sus esfuerzos de escritura a alturas de excelencia y brillantez sin precedentes.<\/p>\n<ul>\n<li>Una plataforma de blogs integral que permite a los usuarios crear y administrar sus propios blogs de manera f\u00e1cil y eficiente.<\/li>\n<li>Caracter\u00edsticas avanzadas como plantillas personalizables, optimizaci\u00f3n de SEO e integraci\u00f3n de redes sociales que mejoran la experiencia general del usuario.<\/li>\n<li>Una interfaz f\u00e1cil de usar que facilita a los bloggers de todos los niveles de experiencia crear y publicar contenido.<\/li>\n<li>Herramientas detalladas de an\u00e1lisis e informes que proporcionan informaci\u00f3n valiosa sobre la participaci\u00f3n de la audiencia y el rendimiento del blog.<\/li>\n<li>Caracter\u00edsticas robustas de comentarios e interacci\u00f3n que facilitan la construcci\u00f3n y el compromiso de la comunidad.<\/li>\n<li>Opciones de suscripci\u00f3n flexibles que satisfacen las necesidades de bloggers de todos los tama\u00f1os y presupuestos.<\/li>\n<li>Atenci\u00f3n al cliente receptiva y foros de usuarios que aseguran una experiencia sin problemas y sin problemas.<\/li>\n<\/ul>\n","protected":false},"excerpt":{"rendered":"<p>Bloggist es una plataforma innovadora dise\u00f1ada para bloggers aficionados y experimentados. Ofrece una gran cantidad de caracter\u00edsticas como gesti\u00f3n de contenido intuitivo, optimizaci\u00f3n de SEO e integraci\u00f3n de redes sociales. Con Bloggist, puede administrar f\u00e1cilmente el contenido de su blog, asegurando que est\u00e9 organizado y f\u00e1cilmente accesible para su audiencia. Nuestra plataforma tambi\u00e9n proporciona herramientas avanzadas de optimizaci\u00f3n de SEO, ayudando a su blog a clasificarse m\u00e1s en los resultados de los motores de b\u00fasqueda y atraer m\u00e1s tr\u00e1fico. Adem\u00e1s, Bloggist se integra sin problemas con varias plataformas de redes sociales, lo que le permite llegar a un p\u00fablico m\u00e1s amplio e interactuar con ellas de manera efectiva. Ya sea que reci\u00e9n est\u00e9 comenzando o sea un blogger experimentado, Bloggist ofrece una soluci\u00f3n robusta y f\u00e1cil de usar para mejorar su experiencia de blogging y expandir su presencia digital.<\/p>\n","protected":false},"featured_media":165493,"comment_status":"open","ping_status":"open","template":"","meta":[],"product_brand":[2378],"product_cat":[1245,1237,1238],"product_tag":[2262],"class_list":{"0":"post-126329","1":"product","2":"type-product","3":"status-publish","4":"has-post-thumbnail","6":"product_brand-superb-themes","7":"product_cat-blog-revista","8":"product_cat-temas","9":"product_cat-wordpress-temas","10":"product_tag-superb-themes","11":"member-discount","12":"discount-restricted","14":"first","15":"instock","16":"sale","17":"downloadable","18":"virtual","19":"sold-individually","20":"purchasable","21":"product-type-simple"},"_links":{"self":[{"href":"https:\/\/gpl-love.com\/es\/wp-json\/wp\/v2\/product\/126329","targetHints":{"allow":["GET"]}}],"collection":[{"href":"https:\/\/gpl-love.com\/es\/wp-json\/wp\/v2\/product"}],"about":[{"href":"https:\/\/gpl-love.com\/es\/wp-json\/wp\/v2\/types\/product"}],"replies":[{"embeddable":true,"href":"https:\/\/gpl-love.com\/es\/wp-json\/wp\/v2\/comments?post=126329"}],"wp:featuredmedia":[{"embeddable":true,"href":"https:\/\/gpl-love.com\/es\/wp-json\/wp\/v2\/media\/165493"}],"wp:attachment":[{"href":"https:\/\/gpl-love.com\/es\/wp-json\/wp\/v2\/media?parent=126329"}],"wp:term":[{"taxonomy":"product_brand","embeddable":true,"href":"https:\/\/gpl-love.com\/es\/wp-json\/wp\/v2\/product_brand?post=126329"},{"taxonomy":"product_cat","embeddable":true,"href":"https:\/\/gpl-love.com\/es\/wp-json\/wp\/v2\/product_cat?post=126329"},{"taxonomy":"product_tag","embeddable":true,"href":"https:\/\/gpl-love.com\/es\/wp-json\/wp\/v2\/product_tag?post=126329"}],"curies":[{"name":"wp","href":"https:\/\/api.w.org\/{rel}","templated":true}]}}