{"id":126327,"date":"2025-02-06T00:00:00","date_gmt":"2025-02-06T05:00:00","guid":{"rendered":"https:\/\/gpl-love.com\/es\/producto\/blogfeedly\/"},"modified":"2026-03-13T17:16:46","modified_gmt":"2026-03-13T22:16:46","slug":"blogfeedly","status":"publish","type":"product","link":"https:\/\/gpl-love.com\/es\/producto\/blogfeedly\/","title":{"rendered":"Blog Feedly 123.7"},"content":{"rendered":"<h3>Blog Feedly Caracteristicas<\/h3>\n<p>Blog Feedly, un agregador de contenido basado en la web, ofrece a los usuarios la capacidad de recopilar y leer art\u00edculos de sus blogs y sitios web preferidos dentro de una sola ubicaci\u00f3n. Su interfaz est\u00e1 dise\u00f1ada para ser f\u00e1cil de usar, lo que permite a las personas organizar su contenido en varias categor\u00edas y etiquetas, facilitando as\u00ed el f\u00e1cil acceso. Adem\u00e1s, la plataforma proporciona recomendaciones personalizadas basadas en el historial de lectura de un usuario y las preferencias. Adem\u00e1s, Blog Feedly cuenta con capacidades de integraci\u00f3n con una variedad de aplicaciones y servicios adicionales, incluidas plataformas de redes sociales, herramientas de productividad y lectores de RSS. Al proporcionar una soluci\u00f3n conveniente para mantenerse al tanto del \u00faltimo contenido de Internet, Blog Feedly se ha convertido en una herramienta esencial para bloggers, creadores de contenido y lectores \u00e1vidos por igual.<\/p>\n<ul>\n<li>Mant\u00e9ngase al d\u00eda con sus blogs y sitios web favoritos<\/li>\n<li>Recibir res\u00famenes diarios o semanales de nuevo contenido<\/li>\n<li>Descubrir y suscribirse f\u00e1cilmente a nuevos blogs<\/li>\n<li>Administre eficientemente todos sus alimentos en una plataforma<\/li>\n<li>Personalice su experiencia de alimentaci\u00f3n con recomendaciones de contenido personalizadas<\/li>\n<li>Organice sus alimentos en categor\u00edas para facilitar el acceso<\/li>\n<li>Comparta f\u00e1cilmente art\u00edculos y publicaciones con sus redes sociales<\/li>\n<li>Acceda a sus feeds desde cualquier dispositivo, en cualquier lugar, en cualquier momento<\/li>\n<\/ul>\n","protected":false},"excerpt":{"rendered":"<p>Blog Feedly es una plataforma premium dise\u00f1ada para optimizar su experiencia de lectura en l\u00ednea. Esta aplicaci\u00f3n innovadora le permite organizar, leer y compartir el contenido de sus blogs favoritos, sitios de noticias, podcasts y canales de YouTube, todo en un solo lugar. Equipado con una interfaz f\u00e1cil de usar, Blog Feedly proporciona una forma perfecta de mantenerse actualizado con las \u00faltimas publicaciones de sus fuentes en l\u00ednea favoritas. Es una herramienta imprescindible para todos los entusiastas del contenido digital que valoran la eficiencia y la simplicidad. Con Blog Feedly, puede personalizar su feed para adaptarse a sus intereses, asegurando una experiencia de lectura personalizada. Adem\u00e1s, ofrece una excelente plataforma para descubrir contenido nuevo e interactuar con otros usuarios. Mant\u00e9ngase informado, mant\u00e9ngase conectado y simplifique su lectura en l\u00ednea con Blog Feedly.<\/p>\n","protected":false},"featured_media":165492,"comment_status":"open","ping_status":"open","template":"","meta":[],"product_brand":[2378],"product_cat":[1245,1237,1238],"product_tag":[2262],"class_list":{"0":"post-126327","1":"product","2":"type-product","3":"status-publish","4":"has-post-thumbnail","6":"product_brand-superb-themes","7":"product_cat-blog-revista","8":"product_cat-temas","9":"product_cat-wordpress-temas","10":"product_tag-superb-themes","11":"member-discount","12":"discount-restricted","14":"first","15":"instock","16":"sale","17":"downloadable","18":"virtual","19":"sold-individually","20":"purchasable","21":"product-type-simple"},"_links":{"self":[{"href":"https:\/\/gpl-love.com\/es\/wp-json\/wp\/v2\/product\/126327","targetHints":{"allow":["GET"]}}],"collection":[{"href":"https:\/\/gpl-love.com\/es\/wp-json\/wp\/v2\/product"}],"about":[{"href":"https:\/\/gpl-love.com\/es\/wp-json\/wp\/v2\/types\/product"}],"replies":[{"embeddable":true,"href":"https:\/\/gpl-love.com\/es\/wp-json\/wp\/v2\/comments?post=126327"}],"wp:featuredmedia":[{"embeddable":true,"href":"https:\/\/gpl-love.com\/es\/wp-json\/wp\/v2\/media\/165492"}],"wp:attachment":[{"href":"https:\/\/gpl-love.com\/es\/wp-json\/wp\/v2\/media?parent=126327"}],"wp:term":[{"taxonomy":"product_brand","embeddable":true,"href":"https:\/\/gpl-love.com\/es\/wp-json\/wp\/v2\/product_brand?post=126327"},{"taxonomy":"product_cat","embeddable":true,"href":"https:\/\/gpl-love.com\/es\/wp-json\/wp\/v2\/product_cat?post=126327"},{"taxonomy":"product_tag","embeddable":true,"href":"https:\/\/gpl-love.com\/es\/wp-json\/wp\/v2\/product_tag?post=126327"}],"curies":[{"name":"wp","href":"https:\/\/api.w.org\/{rel}","templated":true}]}}