{"id":126325,"date":"2026-01-23T00:00:00","date_gmt":"2026-01-23T05:00:00","guid":{"rendered":"https:\/\/gpl-love.com\/es\/producto\/gravity-forms-mollie\/"},"modified":"2026-03-09T07:39:59","modified_gmt":"2026-03-09T12:39:59","slug":"gravity-forms-mollie","status":"publish","type":"product","link":"https:\/\/gpl-love.com\/es\/producto\/gravity-forms-mollie\/","title":{"rendered":"Gravity Forms Mollie 1.8.0"},"content":{"rendered":"<h3>Gravity Forms Mollie Caracteristicas<\/h3>\n<p>Gravity Forms Mollie es un complemento de procesamiento de pagos muy robusto y poderoso que sirve como un puente efectivo entre los formularios de gravedad y la pasarela de pago de Mollie. Esta integraci\u00f3n perfecta con su sitio de WordPress le proporciona un medio sin esfuerzo para aceptar pagos de sus estimados clientes, ofreci\u00e9ndoles una amplia gama de m\u00e9todos de pago que incluyen ideal, tarjeta de cr\u00e9dito y PayPal. Con la funcionalidad incomparable de los formularios de gravedad Mollie, no solo puede establecer y administrar los formularios de pago sin esfuerzo, sino que tambi\u00e9n puede personalizar sin esfuerzo las opciones de pago para alinearse con sus requisitos comerciales \u00fanicos. Adem\u00e1s, este complemento excepcional le permite monitorear las transacciones de pago en tiempo real, otorg\u00e1ndole ideas incomparables y controlar este aspecto crucial de sus operaciones comerciales.<\/p>\n<p>Adem\u00e1s, las caracter\u00edsticas excepcionales de las formas de gravedad Mollie se extienden m\u00e1s all\u00e1 de lo b\u00e1sico, ofreci\u00e9ndole capacidades avanzadas como suscripciones, pagos recurrentes y reembolsos. Estas caracter\u00edsticas poderosas sirven para optimizar sus procesos de pago, eliminando complejidades innecesarias y brindando a sus clientes una experiencia de compra sin problemas y sin problemas. Independientemente de la naturaleza de su negocio en l\u00ednea, ya sea una tienda de comercio electr\u00f3nico, un sitio de membres\u00eda o incluso una campa\u00f1a de recaudaci\u00f3n de fondos de caridad, Gravity Forms Mollie se considera como la soluci\u00f3n definitiva para abordar todas sus necesidades de procesamiento de pagos.<\/p>\n<ul>\n<li>Integraci\u00f3n perfecta de los formularios de gravedad y la pasarela de pago de Mollie<\/li>\n<li>Acepte pagos a trav\u00e9s de tarjetas de cr\u00e9dito principales y m\u00e9todos de pago populares como Ideal, Bancontact y Sofort<\/li>\n<li>Creaci\u00f3n autom\u00e1tica de transacciones de Mollie al env\u00edo del formulario<\/li>\n<li>Correos electr\u00f3nicos de confirmaci\u00f3n de pago personalizables a clientes y propietarios de sitios<\/li>\n<li>Capacidad para crear y administrar formularios de pago ilimitados<\/li>\n<li>Procesamiento de pago seguro y seguro con las funciones de protecci\u00f3n de fraude avanzada de Mollie<\/li>\n<li>Configuraci\u00f3n y configuraci\u00f3n f\u00e1ciles de usar con documentaci\u00f3n y soporte claros de los equipos de formularios de Mollie y Gravity<\/li>\n<li>Compatible con las \u00faltimas versiones de WordPress and Gravity Forms<\/li>\n<li>Planes de precios flexibles para satisfacer diversas necesidades comerciales<\/li>\n<li>Procesamiento de reembolso sin problemas y manejo de devoluci\u00f3n de cargo a trav\u00e9s del tablero de Mollie<\/li>\n<\/ul>\n","protected":false},"excerpt":{"rendered":"<p>La funcionalidad de las formas de gravedad Mollie, una caracter\u00edstica adicional, reside en su capacidad para integrar sin problemas la pasarela de pago de Mollie con la plataforma de formularios de gravedad ampliamente utilizada. Al incorporar esta integraci\u00f3n, los usuarios est\u00e1n facultados para recaudar sin esfuerzo pagos a trav\u00e9s de m\u00faltiples v\u00edas, incluidas, entre otros, tarjetas de cr\u00e9dito\/d\u00e9bito, PayPal y Apple Pay, todos directamente a trav\u00e9s de sus formularios. Esta integraci\u00f3n ofrece a los usuarios la conveniencia de crear y personalizar los formularios de pago con gran facilidad, simplificando as\u00ed el proceso de venta de productos, aceptar donaciones o recibir pagos por los servicios prestados. Adem\u00e1s, este complemento otorga a los usuarios acceso a informaci\u00f3n integral de pago y les proporciona un tablero f\u00e1cil de usar, que a su vez facilita la gesti\u00f3n eficiente de las transacciones. \u00a1No dude en embarcarse en su viaje con las formas de gravedad Mollie hoy y experimentar la competencia a nivel profesional que aporta a la mesa cuando se trata de la aceptaci\u00f3n del pago!<\/p>\n","protected":false},"featured_media":166318,"comment_status":"open","ping_status":"open","template":"","meta":[],"product_brand":[2469],"product_cat":[1278,1206,1211],"product_tag":[1300],"class_list":{"0":"post-126325","1":"product","2":"type-product","3":"status-publish","4":"has-post-thumbnail","6":"product_brand-gravityforms","7":"product_cat-pago","8":"product_cat-plugins","9":"product_cat-wordpress-plugins","10":"product_tag-gravityforms","11":"member-discount","12":"discount-restricted","14":"first","15":"instock","16":"sale","17":"downloadable","18":"virtual","19":"sold-individually","20":"purchasable","21":"product-type-simple"},"_links":{"self":[{"href":"https:\/\/gpl-love.com\/es\/wp-json\/wp\/v2\/product\/126325","targetHints":{"allow":["GET"]}}],"collection":[{"href":"https:\/\/gpl-love.com\/es\/wp-json\/wp\/v2\/product"}],"about":[{"href":"https:\/\/gpl-love.com\/es\/wp-json\/wp\/v2\/types\/product"}],"replies":[{"embeddable":true,"href":"https:\/\/gpl-love.com\/es\/wp-json\/wp\/v2\/comments?post=126325"}],"wp:featuredmedia":[{"embeddable":true,"href":"https:\/\/gpl-love.com\/es\/wp-json\/wp\/v2\/media\/166318"}],"wp:attachment":[{"href":"https:\/\/gpl-love.com\/es\/wp-json\/wp\/v2\/media?parent=126325"}],"wp:term":[{"taxonomy":"product_brand","embeddable":true,"href":"https:\/\/gpl-love.com\/es\/wp-json\/wp\/v2\/product_brand?post=126325"},{"taxonomy":"product_cat","embeddable":true,"href":"https:\/\/gpl-love.com\/es\/wp-json\/wp\/v2\/product_cat?post=126325"},{"taxonomy":"product_tag","embeddable":true,"href":"https:\/\/gpl-love.com\/es\/wp-json\/wp\/v2\/product_tag?post=126325"}],"curies":[{"name":"wp","href":"https:\/\/api.w.org\/{rel}","templated":true}]}}