{"id":126225,"date":"2025-11-02T00:00:00","date_gmt":"2025-11-02T05:00:00","guid":{"rendered":"https:\/\/gpl-love.com\/es\/producto\/support-board-chat-and-help-desk\/"},"modified":"2026-03-09T08:11:13","modified_gmt":"2026-03-09T13:11:13","slug":"support-board-chat-and-help-desk","status":"publish","type":"product","link":"https:\/\/gpl-love.com\/es\/producto\/support-board-chat-and-help-desk\/","title":{"rendered":"Support Board Chat And Help Desk 3.8.6"},"content":{"rendered":"<h3>Support Board Chat And Help Desk Caracteristicas<\/h3>\n<p>La mesa de chat y ayuda de la junta de soporte ofrece una soluci\u00f3n integral para la gesti\u00f3n eficiente de las consultas de los clientes y la provisi\u00f3n de asistencia inmediata en su sitio web. Al emplear esta herramienta, tiene la capacidad de incorporar sin problemas un chatbot en su sitio, que posee la capacidad de abordar r\u00e1pidamente las consultas de los clientes en tiempo real. Adem\u00e1s, tambi\u00e9n posee la capacidad de brindar m\u00e1s asistencia personalizada a sus clientes a trav\u00e9s de la utilizaci\u00f3n de un sistema de boletos de mesa de ayuda dedicado. El software en s\u00ed es f\u00e1cil de usar y posee la capacidad de integrarse con numerosas plataformas, lo que lo convierte en una opci\u00f3n excepcional para empresas de diferentes tama\u00f1os. La mesa de chat y ayuda de la Junta de Apoyo le permite monitorear y evaluar las interacciones del cliente, lo que le otorg\u00f3 acceso a ideas invaluables relacionadas con el comportamiento y las preferencias del cliente. En conclusi\u00f3n, este producto representa una opci\u00f3n sobresaliente para las empresas con el objetivo de optimizar sus operaciones de atenci\u00f3n al cliente y aumentar los niveles generales de satisfacci\u00f3n del cliente.<\/p>\n<ul>\n<li>Permite el soporte en tiempo real a trav\u00e9s del chat<\/li>\n<li>Proporciona una ubicaci\u00f3n central para consultas de clientes<\/li>\n<li>Ayuda a mejorar la satisfacci\u00f3n del cliente al proporcionar respuestas oportunas<\/li>\n<li>Se integra con los sistemas existentes<\/li>\n<li>Rastrea consultas de clientes e historial de soporte<\/li>\n<li>Proporciona una forma eficiente de manejar los boletos de soporte<\/li>\n<li>F\u00e1cilmente escalable para acomodar las crecientes necesidades comerciales<\/li>\n<li>Ahorra tiempo valioso organizando consultas y boletos de apoyo en un solo lugar<\/li>\n<li>Aumenta la productividad al permitir que m\u00faltiples agentes brinden soporte simult\u00e1neamente<\/li>\n<li>Ofrece una interfaz f\u00e1cil de usar tanto para clientes como para agentes.<\/li>\n<\/ul>\n","protected":false},"excerpt":{"rendered":"<p>El chat y la mesa de ayuda de la Junta de Soporte de Input es una soluci\u00f3n integral y multifac\u00e9tica que atiende a las empresas que se esfuerzan por ofrecer atenci\u00f3n al cliente incomparable. Al ofrecer una combinaci\u00f3n de funcionalidad de chat en vivo y una mesa de ayuda integrada sin problemas, este notable producto facilita interacciones personalizadas y r\u00e1pidas con sus valiosos clientes. En particular, la interfaz de chat no solo es f\u00e1cil de usar, sino que tambi\u00e9n es totalmente personalizable para alinearse con su marca y preferencias \u00fanicas. Adem\u00e1s, la funci\u00f3n de la mesa de ayuda le permite manejar eficiente y efectivamente las consultas de soporte, asegurando la gesti\u00f3n suave y simplificada de las solicitudes de los clientes. Despedirse de los sistemas de soporte fragmentados e ineficaces, y agradezca c\u00e1lidamente las capacidades transformadoras de la entrada.<\/p>\n","protected":false},"featured_media":167664,"comment_status":"open","ping_status":"open","template":"","meta":[],"product_brand":[2339],"product_cat":[1214,1206,1211],"product_tag":[1256],"class_list":{"0":"post-126225","1":"product","2":"type-product","3":"status-publish","4":"has-post-thumbnail","6":"product_brand-codecanyon","7":"product_cat-personalizacion","8":"product_cat-plugins","9":"product_cat-wordpress-plugins","10":"product_tag-codecanyon","11":"member-discount","12":"discount-restricted","14":"first","15":"instock","16":"sale","17":"downloadable","18":"virtual","19":"sold-individually","20":"purchasable","21":"product-type-simple"},"_links":{"self":[{"href":"https:\/\/gpl-love.com\/es\/wp-json\/wp\/v2\/product\/126225","targetHints":{"allow":["GET"]}}],"collection":[{"href":"https:\/\/gpl-love.com\/es\/wp-json\/wp\/v2\/product"}],"about":[{"href":"https:\/\/gpl-love.com\/es\/wp-json\/wp\/v2\/types\/product"}],"replies":[{"embeddable":true,"href":"https:\/\/gpl-love.com\/es\/wp-json\/wp\/v2\/comments?post=126225"}],"wp:featuredmedia":[{"embeddable":true,"href":"https:\/\/gpl-love.com\/es\/wp-json\/wp\/v2\/media\/167664"}],"wp:attachment":[{"href":"https:\/\/gpl-love.com\/es\/wp-json\/wp\/v2\/media?parent=126225"}],"wp:term":[{"taxonomy":"product_brand","embeddable":true,"href":"https:\/\/gpl-love.com\/es\/wp-json\/wp\/v2\/product_brand?post=126225"},{"taxonomy":"product_cat","embeddable":true,"href":"https:\/\/gpl-love.com\/es\/wp-json\/wp\/v2\/product_cat?post=126225"},{"taxonomy":"product_tag","embeddable":true,"href":"https:\/\/gpl-love.com\/es\/wp-json\/wp\/v2\/product_tag?post=126225"}],"curies":[{"name":"wp","href":"https:\/\/api.w.org\/{rel}","templated":true}]}}