{"id":126114,"date":"2026-04-08T00:00:00","date_gmt":"2026-04-08T05:00:00","guid":{"rendered":"https:\/\/gpl-love.com\/es\/producto\/shopmagic-slack\/"},"modified":"2026-04-10T11:24:44","modified_gmt":"2026-04-10T16:24:44","slug":"shopmagic-slack","status":"publish","type":"product","link":"https:\/\/gpl-love.com\/es\/producto\/shopmagic-slack\/","title":{"rendered":"ShopMagic Slack 1.5.27"},"content":{"rendered":"<h3>ShopMagic Slack Caracteristicas<\/h3>\n<p>ShopMagic Slack es una herramienta inmensamente robusta y potente que ofrece a sus usuarios una integraci\u00f3n perfecta entre su tienda de comercio electr\u00f3nico y su espacio de trabajo Slack, facilitando as\u00ed la comunicaci\u00f3n oportuna y altamente eficiente entre los equipos, adem\u00e1s de endurgarlos con la capacidad de monitorear y rastrear meticulosamente las \u00f3rdenes, Mantente un ojo atento a los niveles de inventario y reciba alertas de inmediato para eventos cr\u00edticos. Al aprovechar las impresionantes capacidades de ShopMagic Slack, los usuarios pueden administrar sin esfuerzo y efectivamente su tienda desde una ubicaci\u00f3n centralizada, optimizar efectivamente su flujo de trabajo y, en \u00faltima instancia, elevar y mejorar su experiencia de comercio electr\u00f3nico general hasta alturas sin precedentes. Ya sea la ardua tarea de documentar meticulosamente y realizar un seguimiento de las consultas de los clientes, el monitoreo constante y el an\u00e1lisis de las m\u00e9tricas de ventas, o el esfuerzo por permanecer perpetuamente al tanto de los niveles de inventario y las fluctuaciones, ShopMagic Slack representa la soluci\u00f3n definitiva y definitiva para todas las empresas de comercio electr\u00f3nico que buscan para optimizar su eficiencia y efectividad operativa.<\/p>\n<ul>\n<li>Comunicaci\u00f3n eficiente entre su tienda de comercio electr\u00f3nico y su equipo a trav\u00e9s de Slack<\/li>\n<li>Notificaciones autom\u00e1ticas de nuevos pedidos, actualizaciones de productos y consultas de los clientes para evitar cualquier retraso en los pedidos de procesamiento<\/li>\n<li>Rastreo de pedidos en tiempo real y actualizaciones de estado de pedido para mantenerlo a usted y a su equipo al tanto de las cosas<\/li>\n<li>Acceso a la informaci\u00f3n del cliente y los detalles del pedido dentro de Slack para proporcionar un mejor servicio al cliente<\/li>\n<li>Configuraci\u00f3n de notificaci\u00f3n personalizable para satisfacer las necesidades y preferencias de su equipo<\/li>\n<li>Instalaci\u00f3n f\u00e1cil e interfaz f\u00e1cil de usar para una integraci\u00f3n perfecta en su flujo de trabajo<\/li>\n<li>Precios asequibles con planes flexibles basados \u200b\u200ben el tama\u00f1o de su equipo y tienda.<\/li>\n<\/ul>\n","protected":false},"excerpt":{"rendered":"<p>ShopMagic Slack es una herramienta de productividad altamente eficiente y efectiva que integra perfectamente su tienda Shopify con la plataforma de mensajer\u00eda de equipo ampliamente popular conocida como Slack. Al utilizar las incre\u00edbles capacidades de ShopMagic Slack, tendr\u00e1 la capacidad invaluable de recibir notificaciones instant\u00e1neas en tiempo real relacionados con eventos cruciales como pedidos, productos, inventario y una variedad de otros acontecimientos significativos dentro de su estimada tienda Shopify, todas que se transmitir\u00e1 convenientemente directamente a sus canales de holgura designados. Adem\u00e1s, la inmensa conveniencia de Shopmagic Slack se extiende m\u00e1s all\u00e1 de las meras capacidades de notificaci\u00f3n, ya que tambi\u00e9n le permite ejecutar sin esfuerzo una mir\u00edada de acciones esenciales, incluidas, entre otros, la creaci\u00f3n de pedidos y la modificaci\u00f3n de productos, todos realizados directamente de la comodidad y la comodidad y Accesibilidad de Slack a trav\u00e9s de la utilizaci\u00f3n de comandos no complicados. A trav\u00e9s de esta notable amalgama de caracter\u00edsticas, ShopMagic Slack le ahorra efectivamente cantidades de tiempo sustanciales y mejora significativamente la colaboraci\u00f3n dentro de su equipo dedicado, ya que cada miembro puede permanecer completamente informado y tomar las medidas necesarias sin tener que dejar los confines de los confines de . Adem\u00e1s, la gran facilidad de uso y la naturaleza personalizable de ShopMagic Slack lo convierte en una necesidad absoluta para cualquier propietario astuto de la tienda de Shopify que tenga la intenci\u00f3n de racionalizar su intrincado flujo de trabajo y permanecer perpetuamente por delante de su floreciente negocio.<\/p>\n","protected":false},"featured_media":167481,"comment_status":"open","ping_status":"open","template":"","meta":[],"product_brand":[2560],"product_cat":[1207,1225,1206],"product_tag":[2185],"class_list":{"0":"post-126114","1":"product","2":"type-product","3":"status-publish","4":"has-post-thumbnail","6":"product_brand-shop-magic","7":"product_cat-comercio-electronico-plugins","8":"product_cat-marketing","9":"product_cat-plugins","10":"product_tag-shop-magic","11":"member-discount","12":"discount-restricted","14":"first","15":"instock","16":"sale","17":"downloadable","18":"virtual","19":"sold-individually","20":"purchasable","21":"product-type-simple"},"_links":{"self":[{"href":"https:\/\/gpl-love.com\/es\/wp-json\/wp\/v2\/product\/126114","targetHints":{"allow":["GET"]}}],"collection":[{"href":"https:\/\/gpl-love.com\/es\/wp-json\/wp\/v2\/product"}],"about":[{"href":"https:\/\/gpl-love.com\/es\/wp-json\/wp\/v2\/types\/product"}],"replies":[{"embeddable":true,"href":"https:\/\/gpl-love.com\/es\/wp-json\/wp\/v2\/comments?post=126114"}],"wp:featuredmedia":[{"embeddable":true,"href":"https:\/\/gpl-love.com\/es\/wp-json\/wp\/v2\/media\/167481"}],"wp:attachment":[{"href":"https:\/\/gpl-love.com\/es\/wp-json\/wp\/v2\/media?parent=126114"}],"wp:term":[{"taxonomy":"product_brand","embeddable":true,"href":"https:\/\/gpl-love.com\/es\/wp-json\/wp\/v2\/product_brand?post=126114"},{"taxonomy":"product_cat","embeddable":true,"href":"https:\/\/gpl-love.com\/es\/wp-json\/wp\/v2\/product_cat?post=126114"},{"taxonomy":"product_tag","embeddable":true,"href":"https:\/\/gpl-love.com\/es\/wp-json\/wp\/v2\/product_tag?post=126114"}],"curies":[{"name":"wp","href":"https:\/\/api.w.org\/{rel}","templated":true}]}}