{"id":126112,"date":"2026-04-08T00:00:00","date_gmt":"2026-04-08T05:00:00","guid":{"rendered":"https:\/\/gpl-love.com\/es\/producto\/shopmagic-review-requests\/"},"modified":"2026-04-10T11:24:43","modified_gmt":"2026-04-10T16:24:43","slug":"shopmagic-review-requests","status":"publish","type":"product","link":"https:\/\/gpl-love.com\/es\/producto\/shopmagic-review-requests\/","title":{"rendered":"ShopMagic Review Requests 2.7.28"},"content":{"rendered":"<h3>ShopMagic Review Requests Caracteristicas<\/h3>\n<p>ShopMagic Review Solicitaciones es una herramienta inmensamente poderosa que optimiza efectivamente todo el proceso de recopilaci\u00f3n de comentarios y revisiones de los clientes para su estimada tienda en l\u00ednea. Esta notable herramienta cuenta con una interfaz incre\u00edblemente f\u00e1cil de usar, lo que le permite automatizar sin esfuerzo y sin problemas todo el proceso de solicitud de revisi\u00f3n. Al hacerlo, puede ahorrar cantidades sustanciales de tiempo y esfuerzo preciosos, todo mientras aumenta significativamente la participaci\u00f3n del cliente y fomenta la inquebrantable lealtad al cliente. Una vez que active las solicitudes excepcionales de revisi\u00f3n ShopMagic, tenga la seguridad de que enviar\u00e1 debidamente las solicitudes de correo electr\u00f3nico personalizadas a sus estimados clientes, lo que las impulsar\u00e1 de manera efectiva y persuasiva a dejar generosamente una revisi\u00f3n exhaustiva en su sitio web excepcional o incluso en varios sitios de revisi\u00f3n de terceros. Esta caracter\u00edstica incomparable, sin duda, le faculta sin esfuerzo para acumular comentarios de los clientes invaluables. En \u00faltima instancia, este comentarios invaluables le permitir\u00e1 realizar mejoras esenciales e impactantes en sus estimados productos y servicios, al tiempo que exalta su estimada reputaci\u00f3n en l\u00ednea a alturas sin precedentes. En consecuencia, est\u00e1 inequ\u00edvocamente claro que las solicitudes de revisi\u00f3n de ShopMagic son una necesidad absoluta para cualquier tienda en l\u00ednea astuta que desee mejorar incesantemente la satisfacci\u00f3n del cliente y, posteriormente, la catapulta al alza ganancias a alturas incomparables.<\/p>\n<ul>\n<li>Ayuda a las empresas a automatizar y optimizar su proceso de solicitud de revisi\u00f3n<\/li>\n<li>Permite enviar solicitudes de revisi\u00f3n personalizadas a los clientes<\/li>\n<li>Proporciona una plataforma centralizada para que las empresas monitoreen y administren sus revisiones.<\/li>\n<li>Se integra con plataformas de revisi\u00f3n populares como Google Reviews y Yelp<\/li>\n<li>Incluye plantillas de correo electr\u00f3nico personalizables y opciones de programaci\u00f3n<\/li>\n<li>Ofrece m\u00e9tricas y an\u00e1lisis de rendimiento para rastrear la participaci\u00f3n de la revisi\u00f3n y mejorar la satisfacci\u00f3n del cliente<\/li>\n<li>Ahorra tiempo y esfuerzo a las empresas al automatizar todo el proceso de gesti\u00f3n de revisi\u00f3n<\/li>\n<li>Aumenta la probabilidad de revisiones positivas y lealtad del cliente<\/li>\n<li>Mejora la reputaci\u00f3n de la marca y la presencia en l\u00ednea con un aumento de las revisiones positivas.<\/li>\n<\/ul>\n","protected":false},"excerpt":{"rendered":"<p>Las solicitudes de revisi\u00f3n de ShopMagic es una herramienta altamente eficiente y efectiva que ofrece inmensos beneficios en t\u00e9rminos de mejorar y elevar su reputaci\u00f3n en l\u00ednea. Logra esto al automatizar todo el proceso de solicitar revisiones de sus estimados clientes. Al utilizar ShopMagic, puede enviar sin esfuerzo solicitudes de revisi\u00f3n personalizadas a cada cliente individual, teniendo en cuenta su historial de compras \u00fanico. En consecuencia, este enfoque aumenta significativamente la probabilidad de recibir comentarios positivos de ellos. Adem\u00e1s, esta invaluable herramienta se integra perfectamente con plataformas de revisi\u00f3n de renombre como Google My Business, Yelp y TrustPilot. Esta integraci\u00f3n perfecta le permite monitorear, administrar y administrar r\u00e1pidamente todas las revisiones que recibe, todas dentro de una sola ubicaci\u00f3n centralizada. A la luz de estas caracter\u00edsticas notables, se hace evidente que las solicitudes de revisi\u00f3n de ShopMagic es un recurso indispensable y esencial para cualquier negocio que aspira a mejorar su reputaci\u00f3n en l\u00ednea y, en \u00faltima instancia, atraer una base de clientes m\u00e1s grande y m\u00e1s diversa.<\/p>\n","protected":false},"featured_media":167480,"comment_status":"open","ping_status":"open","template":"","meta":[],"product_brand":[2560],"product_cat":[1207,1225,1206],"product_tag":[2185],"class_list":{"0":"post-126112","1":"product","2":"type-product","3":"status-publish","4":"has-post-thumbnail","6":"product_brand-shop-magic","7":"product_cat-comercio-electronico-plugins","8":"product_cat-marketing","9":"product_cat-plugins","10":"product_tag-shop-magic","11":"member-discount","12":"discount-restricted","14":"first","15":"instock","16":"sale","17":"downloadable","18":"virtual","19":"sold-individually","20":"purchasable","21":"product-type-simple"},"_links":{"self":[{"href":"https:\/\/gpl-love.com\/es\/wp-json\/wp\/v2\/product\/126112","targetHints":{"allow":["GET"]}}],"collection":[{"href":"https:\/\/gpl-love.com\/es\/wp-json\/wp\/v2\/product"}],"about":[{"href":"https:\/\/gpl-love.com\/es\/wp-json\/wp\/v2\/types\/product"}],"replies":[{"embeddable":true,"href":"https:\/\/gpl-love.com\/es\/wp-json\/wp\/v2\/comments?post=126112"}],"wp:featuredmedia":[{"embeddable":true,"href":"https:\/\/gpl-love.com\/es\/wp-json\/wp\/v2\/media\/167480"}],"wp:attachment":[{"href":"https:\/\/gpl-love.com\/es\/wp-json\/wp\/v2\/media?parent=126112"}],"wp:term":[{"taxonomy":"product_brand","embeddable":true,"href":"https:\/\/gpl-love.com\/es\/wp-json\/wp\/v2\/product_brand?post=126112"},{"taxonomy":"product_cat","embeddable":true,"href":"https:\/\/gpl-love.com\/es\/wp-json\/wp\/v2\/product_cat?post=126112"},{"taxonomy":"product_tag","embeddable":true,"href":"https:\/\/gpl-love.com\/es\/wp-json\/wp\/v2\/product_tag?post=126112"}],"curies":[{"name":"wp","href":"https:\/\/api.w.org\/{rel}","templated":true}]}}