{"id":126110,"date":"2026-04-08T00:00:00","date_gmt":"2026-04-08T05:00:00","guid":{"rendered":"https:\/\/gpl-love.com\/es\/producto\/shopmagic-manual-actions\/"},"modified":"2026-04-10T11:24:41","modified_gmt":"2026-04-10T16:24:41","slug":"shopmagic-manual-actions","status":"publish","type":"product","link":"https:\/\/gpl-love.com\/es\/producto\/shopmagic-manual-actions\/","title":{"rendered":"ShopMagic Manual Actions, 1.7.27"},"content":{"rendered":"<h3>ShopMagic Manual Actions, Caracteristicas<\/h3>\n<p>La herramienta ShopMagic Manual Actions es una herramienta incre\u00edblemente potente y eficiente que otorga a los usuarios la capacidad de automatizar y racionalizar las tareas tediosas y repetitivas dentro de su tienda de comercio electr\u00f3nico. Al utilizar esta herramienta, los usuarios pueden crear sin esfuerzo acciones manuales personalizadas que optimicen efectivamente su proceso de trabajo y, posteriormente, les ahorren una cantidad sustancial de tiempo valioso. Si la tarea en cuesti\u00f3n implica la actualizaci\u00f3n de los estados de pedido, la cancelaci\u00f3n de pedidos o el env\u00edo de correos electr\u00f3nicos personalizados, acciones manuales de tiendas demuestra ser una soluci\u00f3n que lo abarca todo. Esta herramienta no solo es excepcionalmente f\u00e1cil de navegar y operar, sino que tambi\u00e9n cuenta con una interfaz f\u00e1cil de usar que atiende a personas de todos los niveles de habilidad, ya sean principiantes o usuarios avanzados. Con una amplia gama de caracter\u00edsticas y una gran cantidad de opciones de personalizaci\u00f3n para elegir, las acciones manuales de Shopmagic se destacan inequ\u00edvocamente como una herramienta indispensable para cualquier propietario de la tienda de comercio electr\u00f3nico que anhele mejorar su productividad y optimizar su proceso de trabajo.<\/p>\n<ul>\n<li>Herramienta f\u00e1cil de usar para automatizar acciones manuales en su tienda en l\u00ednea<\/li>\n<li>Ahorra tiempo y reduce los errores al racionalizar las tareas repetitivas<\/li>\n<li>Ofrece una amplia gama de acciones, como procesamiento de pedidos, gesti\u00f3n de clientes y gesti\u00f3n de inventario.<\/li>\n<li>Se integra con plataformas populares de comercio electr\u00f3nico como Shopify y WooCommerce<\/li>\n<li>Personalizable para adaptarse a sus necesidades comerciales \u00fanicas<\/li>\n<li>Proporciona registros y notificaciones detalladas para mantenerlo informado de todas las acciones tomadas<\/li>\n<li>No se requiere codificaci\u00f3n o experiencia t\u00e9cnica para usar la herramienta<\/li>\n<li>Planes de precios asequibles para adaptarse a cualquier presupuesto<\/li>\n<li>Excelente soporte al cliente y actualizaciones regulares para garantizar un funcionamiento sin problemas<\/li>\n<li>Aumenta la productividad y mejora la satisfacci\u00f3n del cliente al garantizar el procesamiento oportuno y preciso de los pedidos y solicitudes.<\/li>\n<\/ul>\n","protected":false},"excerpt":{"rendered":"<p>El software Manual Actions ShopMagic es una herramienta excepcional que permite a los propietarios de tiendas administrar y automatizar eficientemente todos los aspectos de su tienda en l\u00ednea. Con su interfaz notablemente f\u00e1cil de usar, este software le otorga la capacidad de racionalizar sin esfuerzo y automatizar tareas mon\u00f3tonas y repetitivas, que abarca, entre otros, la gesti\u00f3n de inventario, el procesamiento de pedidos y las relaciones con los clientes. Esta herramienta inmensamente influyente ha sido meticulosamente elaborada no solo para acelerar estos procesos, sino tambi\u00e9n para conservar su valioso tiempo y esfuerzo, lo que le permite desviar su atenci\u00f3n sin divisi\u00f3n para expandir y florecer su negocio. No pierda tiempo y comience su utilizaci\u00f3n de acciones manuales de Shopmagic hoy en d\u00eda, para desbloquear y desatar el potencial ilimitado que alberga su tienda en l\u00ednea.<\/p>\n","protected":false},"featured_media":167478,"comment_status":"open","ping_status":"open","template":"","meta":[],"product_brand":[2560],"product_cat":[1207,1225,1206],"product_tag":[2185],"class_list":{"0":"post-126110","1":"product","2":"type-product","3":"status-publish","4":"has-post-thumbnail","6":"product_brand-shop-magic","7":"product_cat-comercio-electronico-plugins","8":"product_cat-marketing","9":"product_cat-plugins","10":"product_tag-shop-magic","11":"member-discount","12":"discount-restricted","14":"first","15":"instock","16":"sale","17":"downloadable","18":"virtual","19":"sold-individually","20":"purchasable","21":"product-type-simple"},"_links":{"self":[{"href":"https:\/\/gpl-love.com\/es\/wp-json\/wp\/v2\/product\/126110","targetHints":{"allow":["GET"]}}],"collection":[{"href":"https:\/\/gpl-love.com\/es\/wp-json\/wp\/v2\/product"}],"about":[{"href":"https:\/\/gpl-love.com\/es\/wp-json\/wp\/v2\/types\/product"}],"replies":[{"embeddable":true,"href":"https:\/\/gpl-love.com\/es\/wp-json\/wp\/v2\/comments?post=126110"}],"wp:featuredmedia":[{"embeddable":true,"href":"https:\/\/gpl-love.com\/es\/wp-json\/wp\/v2\/media\/167478"}],"wp:attachment":[{"href":"https:\/\/gpl-love.com\/es\/wp-json\/wp\/v2\/media?parent=126110"}],"wp:term":[{"taxonomy":"product_brand","embeddable":true,"href":"https:\/\/gpl-love.com\/es\/wp-json\/wp\/v2\/product_brand?post=126110"},{"taxonomy":"product_cat","embeddable":true,"href":"https:\/\/gpl-love.com\/es\/wp-json\/wp\/v2\/product_cat?post=126110"},{"taxonomy":"product_tag","embeddable":true,"href":"https:\/\/gpl-love.com\/es\/wp-json\/wp\/v2\/product_tag?post=126110"}],"curies":[{"name":"wp","href":"https:\/\/api.w.org\/{rel}","templated":true}]}}