{"id":126106,"date":"2026-04-08T00:00:00","date_gmt":"2026-04-08T05:00:00","guid":{"rendered":"https:\/\/gpl-love.com\/es\/producto\/shopmagic-para-woocommerce-memberships\/"},"modified":"2026-04-10T11:24:39","modified_gmt":"2026-04-10T16:24:39","slug":"shopmagic-para-woocommerce-memberships","status":"publish","type":"product","link":"https:\/\/gpl-love.com\/es\/producto\/shopmagic-para-woocommerce-memberships\/","title":{"rendered":"ShopMagic para WooCommerce Memberships 1.5.30"},"content":{"rendered":"<h3>ShopMagic para WooCommerce Memberships Caracteristicas<\/h3>\n<p>ShopMagic for WooCommerce Memberships es una herramienta incre\u00edblemente robusta y rica en funciones que ofrece una gesti\u00f3n perfecta y eficiente de las membres\u00edas de su tienda en l\u00ednea. Al aprovechar el poder de este complemento, obtiene la capacidad de crear y administrar sin esfuerzo las membres\u00edas, configurar correos electr\u00f3nicos y notificaciones automatizadas, e incluso extender descuentos exclusivos a sus estimados miembros. Lo que realmente distingue a ShopMagic es su capacidad para monitorear y rastrear sin esfuerzo las actividades de sus miembros, lo que le permite proporcionarles un apoyo altamente personalizado e incomparable. Independientemente de si se especializa en la venta de productos f\u00edsicos, descargas digitales o servicios de suscripci\u00f3n, la indispensabilidad de ShopMagic para las membres\u00edas de WooCommerce no puede ser exagerada para ning\u00fan propietario de la tienda en l\u00ednea exigente y astuto con un ferviente deseo de fomentar una base de clientes leales y devotas.<\/p>\n<ul>\n<li>Integrar sin problemas con el complemento de membres\u00edas de WooCommerce<\/li>\n<li>Crear roles de membres\u00eda personalizados y asignar capacidades espec\u00edficas a los miembros<\/li>\n<li>Configurar niveles de membres\u00eda escalonados con diferentes acceso o precios<\/li>\n<li>Ofrecer contenido exclusivo, productos o descuentos solo a los miembros<\/li>\n<li>Renovar o expirar autom\u00e1ticamente las membres\u00edas en funci\u00f3n de los criterios definidos<\/li>\n<li>Genere informes detallados sobre los datos y los ingresos de la membres\u00eda<\/li>\n<li>Personalizar los formularios de registro y renovaci\u00f3n de membres\u00eda para adaptarse a su marca<\/li>\n<li>Proporcionar a los miembros p\u00e1ginas de cuentas personalizadas para administrar su estado de membres\u00eda y detalles<\/li>\n<li>Aumentar la lealtad y los ingresos del cliente al incentivar los registros de la membres\u00eda<\/li>\n<li>Reciba soporte dedicado y actualizaciones continuas del equipo ShopMagic<\/li>\n<\/ul>\n","protected":false},"excerpt":{"rendered":"<p>ShopMagic for WooCommerce Memberships es una herramienta robusta y multifac\u00e9tica que mejora y eleva significativamente su experiencia general de membres\u00eda de WooCommerce. Al integrar perfectamente este complemento en su sistema, obtiene la incre\u00edble ventaja de automatizar las tareas que de otro modo llevar\u00edan mucho tiempo asociadas con la gesti\u00f3n de la membres\u00eda. Desde incorporar sin esfuerzo a los nuevos miembros hasta renovar las membres\u00edas sin problemas e incluso actualizar a la perfecci\u00f3n a los miembros a niveles m\u00e1s altos, Shopmagic atiende a todas sus necesidades de membres\u00eda. Una de las caracter\u00edsticas destacadas de ShopMagic es su capacidad para crear mensajes altamente personalizados y a medida para cada tipo distinto de membres\u00eda dentro de su plataforma WooCommerce. Atr\u00e1s quedaron los d\u00edas de mensajes gen\u00e9ricos que no resuenan con sus valiosos miembros. Con ShopMagic, ahora puede crear mensajes a medida sin esfuerzo que hablen directamente de las necesidades y preferencias \u00fanicas de cada nivel de membres\u00eda individual.<\/p>\n","protected":false},"featured_media":167476,"comment_status":"open","ping_status":"closed","template":"","meta":[],"product_brand":[2560],"product_cat":[1207,1225,1206],"product_tag":[2185],"class_list":{"0":"post-126106","1":"product","2":"type-product","3":"status-publish","4":"has-post-thumbnail","6":"product_brand-shop-magic","7":"product_cat-comercio-electronico-plugins","8":"product_cat-marketing","9":"product_cat-plugins","10":"product_tag-shop-magic","11":"member-discount","12":"discount-restricted","14":"first","15":"instock","16":"sale","17":"downloadable","18":"virtual","19":"sold-individually","20":"purchasable","21":"product-type-simple"},"_links":{"self":[{"href":"https:\/\/gpl-love.com\/es\/wp-json\/wp\/v2\/product\/126106","targetHints":{"allow":["GET"]}}],"collection":[{"href":"https:\/\/gpl-love.com\/es\/wp-json\/wp\/v2\/product"}],"about":[{"href":"https:\/\/gpl-love.com\/es\/wp-json\/wp\/v2\/types\/product"}],"replies":[{"embeddable":true,"href":"https:\/\/gpl-love.com\/es\/wp-json\/wp\/v2\/comments?post=126106"}],"wp:featuredmedia":[{"embeddable":true,"href":"https:\/\/gpl-love.com\/es\/wp-json\/wp\/v2\/media\/167476"}],"wp:attachment":[{"href":"https:\/\/gpl-love.com\/es\/wp-json\/wp\/v2\/media?parent=126106"}],"wp:term":[{"taxonomy":"product_brand","embeddable":true,"href":"https:\/\/gpl-love.com\/es\/wp-json\/wp\/v2\/product_brand?post=126106"},{"taxonomy":"product_cat","embeddable":true,"href":"https:\/\/gpl-love.com\/es\/wp-json\/wp\/v2\/product_cat?post=126106"},{"taxonomy":"product_tag","embeddable":true,"href":"https:\/\/gpl-love.com\/es\/wp-json\/wp\/v2\/product_tag?post=126106"}],"curies":[{"name":"wp","href":"https:\/\/api.w.org\/{rel}","templated":true}]}}