{"id":126104,"date":"2026-04-08T00:00:00","date_gmt":"2026-04-08T05:00:00","guid":{"rendered":"https:\/\/gpl-love.com\/es\/producto\/shopmagic-para-woocommerce-bookings\/"},"modified":"2026-04-10T11:24:38","modified_gmt":"2026-04-10T16:24:38","slug":"shopmagic-para-woocommerce-bookings","status":"publish","type":"product","link":"https:\/\/gpl-love.com\/es\/producto\/shopmagic-para-woocommerce-bookings\/","title":{"rendered":"ShopMagic para WooCommerce Bookings 1.2.24"},"content":{"rendered":"<h3>ShopMagic para WooCommerce Bookings Caracteristicas<\/h3>\n<p>ShopMagic for WooCommerce Bookings es un complemento indispensable que es absolutamente crucial para cualquier negocio que busque optimizar y optimizar su proceso de reserva de manera efectiva. Al aprovechar el poder de este complemento excepcional, los clientes est\u00e1n facultados para programar citas sin esfuerzo, verificar la disponibilidad en tiempo real sin esfuerzo y realizar pagos en l\u00ednea sin problemas con la mayor comodidad. La interfaz excepcionalmente f\u00e1cil de usar de este complemento facilita a las empresas para administrar eficientemente sus reservas y rastrear diligentemente su inventario con la mayor precisi\u00f3n y efectividad. Adem\u00e1s, este complemento tambi\u00e9n ofrece recordatorios automatizados y pol\u00edticas de cancelaci\u00f3n, lo que garantiza que los clientes siempre est\u00e9n impecablemente informados y las empresas pueden eludir sin esfuerzo la ocurrencia de cualquier cita perdida. Adem\u00e1s, las empresas tambi\u00e9n se les proporciona la invaluable flexibilidad de personalizar su sistema de reserva \u00fanico para adaptarlo con precisi\u00f3n a sus requisitos espec\u00edficos e integrarlo sin esfuerzo en su sitio web existente de una manera perfecta y armoniosa. A fin de cuentas, queda muy claro que ShopMagic for WooCommerce Bookings es una soluci\u00f3n absolutamente notable e inigualable que est\u00e1 impecablemente preparada para satisfacer las diversas necesidades de cualquier negocio que se esfuerce por simplificar su intrincado proceso de reserva y proporcionar a sus clientes estimados de todo el estado una verdadera problemas. -En experiencia libre e inmensamente satisfactoria.<\/p>\n<ul>\n<li>Aumenta los ingresos y la confianza del cliente con opciones de pago y reserva en l\u00ednea f\u00e1ciles<\/li>\n<li>Se integra sin problemas con WooCommerce para un proceso de pago suave<\/li>\n<li>Agiliza la gesti\u00f3n de su reserva con un tablero f\u00e1cil de usar<\/li>\n<li>Automatizar notificaciones de correo electr\u00f3nico y recordatorios para mantener informados a los clientes<\/li>\n<li>Ofrece formularios de reserva personalizables para satisfacer las necesidades \u00fanicas de su negocio<\/li>\n<li>Proporciona informes detallados y an\u00e1lisis para rastrear las reservas y el crecimiento de los ingresos<\/li>\n<li>Admite m\u00faltiples idiomas y monedas para una base global de clientes<\/li>\n<li>Ofrece apoyo dedicado de un equipo de expertos en WooCommerce<\/li>\n<li>Actualizaciones regulares y nuevas funciones para continuar mejorando la funcionalidad del complemento.<\/li>\n<\/ul>\n","protected":false},"excerpt":{"rendered":"<p>ShopMagic for WooCommerce Bookings es un complemento incre\u00edblemente vers\u00e1til y altamente eficiente que mejora y eleva significativamente la experiencia general de reserva en su plataforma de comercio electr\u00f3nico. Esta notable herramienta faculta a sus estimados clientes para reservar varias citas, eventos, clases y una gran cantidad de otras ofertas, mientras facilitan y aceleran sin problemas su administraci\u00f3n de reservas, miembros del personal, as\u00ed como recursos cruciales. El complemento est\u00e1 cuidadosamente dise\u00f1ado con una variedad de formularios de reserva personalizables, vistas de calendario meticulosamente seleccionadas, notificaciones de correo electr\u00f3nico integrales y recordatorios estrat\u00e9gicamente cronometrados, todos meticulosamente integrados para facilitar y fomentar la comunicaci\u00f3n sin interrupciones, efectivas y simplificadas entre usted y sus clientes estimados. Con ShopMagic para las reservas de WooCommerce, el arduo y a menudo engorroso proceso de administrar las reservas se simplifica sin esfuerzo tanto para sus estimados clientes como para usted. Por lo tanto, este complemento excepcional le permite desviar de manera efectiva su valioso tiempo, energ\u00eda y recursos hacia la mejora y el refinamiento de otros aspectos fundamentales dentro de su floreciente empresa comercial.<\/p>\n","protected":false},"featured_media":167475,"comment_status":"open","ping_status":"open","template":"","meta":[],"product_brand":[2560],"product_cat":[1207,1225,1206],"product_tag":[2185],"class_list":{"0":"post-126104","1":"product","2":"type-product","3":"status-publish","4":"has-post-thumbnail","6":"product_brand-shop-magic","7":"product_cat-comercio-electronico-plugins","8":"product_cat-marketing","9":"product_cat-plugins","10":"product_tag-shop-magic","11":"member-discount","12":"discount-restricted","14":"first","15":"instock","16":"sale","17":"downloadable","18":"virtual","19":"sold-individually","20":"purchasable","21":"product-type-simple"},"_links":{"self":[{"href":"https:\/\/gpl-love.com\/es\/wp-json\/wp\/v2\/product\/126104","targetHints":{"allow":["GET"]}}],"collection":[{"href":"https:\/\/gpl-love.com\/es\/wp-json\/wp\/v2\/product"}],"about":[{"href":"https:\/\/gpl-love.com\/es\/wp-json\/wp\/v2\/types\/product"}],"replies":[{"embeddable":true,"href":"https:\/\/gpl-love.com\/es\/wp-json\/wp\/v2\/comments?post=126104"}],"wp:featuredmedia":[{"embeddable":true,"href":"https:\/\/gpl-love.com\/es\/wp-json\/wp\/v2\/media\/167475"}],"wp:attachment":[{"href":"https:\/\/gpl-love.com\/es\/wp-json\/wp\/v2\/media?parent=126104"}],"wp:term":[{"taxonomy":"product_brand","embeddable":true,"href":"https:\/\/gpl-love.com\/es\/wp-json\/wp\/v2\/product_brand?post=126104"},{"taxonomy":"product_cat","embeddable":true,"href":"https:\/\/gpl-love.com\/es\/wp-json\/wp\/v2\/product_cat?post=126104"},{"taxonomy":"product_tag","embeddable":true,"href":"https:\/\/gpl-love.com\/es\/wp-json\/wp\/v2\/product_tag?post=126104"}],"curies":[{"name":"wp","href":"https:\/\/api.w.org\/{rel}","templated":true}]}}