{"id":126100,"date":"2026-04-08T00:00:00","date_gmt":"2026-04-08T05:00:00","guid":{"rendered":"https:\/\/gpl-love.com\/es\/producto\/shopmagic-delayed-actions\/"},"modified":"2026-04-10T11:24:37","modified_gmt":"2026-04-10T16:24:37","slug":"shopmagic-delayed-actions","status":"publish","type":"product","link":"https:\/\/gpl-love.com\/es\/producto\/shopmagic-delayed-actions\/","title":{"rendered":"ShopMagic Delayed Actions 3.1.25"},"content":{"rendered":"<h3>ShopMagic Delayed Actions Caracteristicas<\/h3>\n<p>Las acciones retrasadas de ShopMagic, una herramienta muy robusta, se ha creado meticulosamente para ayudar a los propietarios de tiendas en l\u00ednea a automatizar y optimizar sus flujos de trabajo, lo que garantiza una mayor eficiencia y productividad. Esta herramienta extraordinaria faculta a los usuarios para crear sin esfuerzo una amplia gama de acciones y desencadenantes, que pueden ejecutarse en momentos precisos y en circunstancias espec\u00edficas. Estos abarcan tareas esenciales, como enviar correos electr\u00f3nicos de seguimiento, generar facturas, actualizar el inventario y mucho m\u00e1s. Al autom\u00e1tico autom\u00e1ticamente estos procesos cr\u00edticos, se ahorra tiempo valioso, se minimizan los posibles errores y los clientes tienen garantizado una experiencia de compra perfecta e inigualable. Ya sea que supervise una peque\u00f1a boutique o administre una tienda en l\u00ednea a gran escala, las acciones retrasadas de ShopMagic sirven como la mejor soluci\u00f3n, revolucionando las operaciones y reforzando las perspectivas financieras.<\/p>\n<ul>\n<li>Automatice los procesos de su taller utilizando acciones retrasadas<\/li>\n<li>Asegure las respuestas oportunas de los clientes incluso cuando est\u00e9 fuera de l\u00ednea<\/li>\n<li>Ahorre tiempo y mejore la eficiencia con seguimientos y notificaciones automatizadas<\/li>\n<li>Personalizar la experiencia de compra de sus clientes con correos electr\u00f3nicos y mensajes personalizados<\/li>\n<li>Reducir las tasas de abandono del carrito con correos electr\u00f3nicos y recordatorios de abandono espec\u00edficos<\/li>\n<li>Integrar f\u00e1cilmente con plataformas populares de comercio electr\u00f3nico como WooCommerce, Shopify y descargas digitales f\u00e1ciles<\/li>\n<li>Utilizar la l\u00f3gica condicional para activar acciones basadas en condiciones o variables espec\u00edficas<\/li>\n<li>Obtenga informaci\u00f3n valiosa sobre el comportamiento del cliente con informes detallados y an\u00e1lisis<\/li>\n<li>Alegar su atenci\u00f3n al cliente automatizando tareas y consultas de rutina<\/li>\n<li>Mejorar la satisfacci\u00f3n y la lealtad del cliente con respuestas oportunas y comunicaciones personalizadas.<\/li>\n<\/ul>\n","protected":false},"excerpt":{"rendered":"<p>ShopMagic Deletaded Actions es una aplicaci\u00f3n incre\u00edblemente robusta y rica en caracter\u00edsticas que ha sido meticulosamente dise\u00f1ada para el prop\u00f3sito expl\u00edcito de satisfacer las necesidades y requisitos de los propietarios de tiendas en l\u00ednea que albergan un deseo de automatamente y sin esfuerzo automatamente sus esfuerzos de ventas y marketing. A trav\u00e9s de la utilizaci\u00f3n de su interfaz f\u00e1cil e intuitiva, f\u00e1cil de usar, a las personas se les otorga la oportunidad de configurar y establecer convenientemente acciones automatizadas que se iniciar\u00e1n e implementar\u00e1n de manera inmediata y autom\u00e1ticamente despu\u00e9s del transcurrido de un tramo predeterminado y espec\u00edfico, por lo que Permitiendo el env\u00edo r\u00e1pido y sin problemas y la transmisi\u00f3n de correos electr\u00f3nicos de carros abandonados o incluso la generaci\u00f3n y difusi\u00f3n de c\u00f3digos de descuento a clientes potenciales que, durante un per\u00edodo de tiempo cierto y designado, no han consumado con \u00e9xito una compra o transacci\u00f3n. Esta aplicaci\u00f3n de software es innegable e inequ\u00edvocamente ideal y muy ventajosa para cualquier individuo o entidad que busca racionalizar y optimizar sus procesos y procedimientos operativos, lo que finalmente aumenta y mejora la experiencia del cliente en general y que lo abarca todo. Por lo tanto, \u00bfpor qu\u00e9 retrasar m\u00e1s? \u00a1Proceda a descargue e instale r\u00e1pidamente y instale acciones retrasadas de ShopMagic hoy e inmediatamente comience y participe en la mir\u00edada y diversas ventajas y beneficios que la automatizaci\u00f3n tiene para ofrecer!<\/p>\n","protected":false},"featured_media":167473,"comment_status":"open","ping_status":"open","template":"","meta":[],"product_brand":[2560],"product_cat":[1207,1225,1206],"product_tag":[2185],"class_list":{"0":"post-126100","1":"product","2":"type-product","3":"status-publish","4":"has-post-thumbnail","6":"product_brand-shop-magic","7":"product_cat-comercio-electronico-plugins","8":"product_cat-marketing","9":"product_cat-plugins","10":"product_tag-shop-magic","11":"member-discount","12":"discount-restricted","14":"first","15":"instock","16":"sale","17":"downloadable","18":"virtual","19":"sold-individually","20":"purchasable","21":"product-type-simple"},"_links":{"self":[{"href":"https:\/\/gpl-love.com\/es\/wp-json\/wp\/v2\/product\/126100","targetHints":{"allow":["GET"]}}],"collection":[{"href":"https:\/\/gpl-love.com\/es\/wp-json\/wp\/v2\/product"}],"about":[{"href":"https:\/\/gpl-love.com\/es\/wp-json\/wp\/v2\/types\/product"}],"replies":[{"embeddable":true,"href":"https:\/\/gpl-love.com\/es\/wp-json\/wp\/v2\/comments?post=126100"}],"wp:featuredmedia":[{"embeddable":true,"href":"https:\/\/gpl-love.com\/es\/wp-json\/wp\/v2\/media\/167473"}],"wp:attachment":[{"href":"https:\/\/gpl-love.com\/es\/wp-json\/wp\/v2\/media?parent=126100"}],"wp:term":[{"taxonomy":"product_brand","embeddable":true,"href":"https:\/\/gpl-love.com\/es\/wp-json\/wp\/v2\/product_brand?post=126100"},{"taxonomy":"product_cat","embeddable":true,"href":"https:\/\/gpl-love.com\/es\/wp-json\/wp\/v2\/product_cat?post=126100"},{"taxonomy":"product_tag","embeddable":true,"href":"https:\/\/gpl-love.com\/es\/wp-json\/wp\/v2\/product_tag?post=126100"}],"curies":[{"name":"wp","href":"https:\/\/api.w.org\/{rel}","templated":true}]}}