{"id":126098,"date":"2026-03-08T00:00:00","date_gmt":"2026-03-08T05:00:00","guid":{"rendered":"https:\/\/gpl-love.com\/es\/producto\/shopmagic-customer-coupons\/"},"modified":"2026-04-10T11:24:36","modified_gmt":"2026-04-10T16:24:36","slug":"shopmagic-customer-coupons","status":"publish","type":"product","link":"https:\/\/gpl-love.com\/es\/producto\/shopmagic-customer-coupons\/","title":{"rendered":"ShopMagic Customer Coupons 2.3.1"},"content":{"rendered":"<h3>ShopMagic Customer Coupons Caracteristicas<\/h3>\n<p>ShopMagic Customer Coupons es una herramienta incre\u00edblemente robusta y altamente efectiva que est\u00e1 espec\u00edficamente dise\u00f1ada para ayudar a las empresas a elevar su nivel de lealtad y participaci\u00f3n del cliente. El incre\u00edble poder de este software radica en su capacidad para permitir que las empresas generen y personalizan sin problemas una amplia gama de cupones y descuentos que se adaptan espec\u00edficamente para satisfacer las necesidades y requisitos individuales de sus clientes, lo que se puede redimir sin esfuerzo en l\u00ednea o en l\u00ednea o en el almac\u00e9n. Adem\u00e1s, es importante tener en cuenta que este notable software es capaz de ayudar no solo a las empresas a atraer y atraer a los clientes nuevos, sino tambi\u00e9n a retener y fomentar con \u00e9xito su base de clientes existente. Una de las caracter\u00edsticas clave que realmente distingue a los cupones de los clientes de ShopMagic de otro software similar es su facilidad de uso inherente, lo que permite a las empresas personalizar sin esfuerzo sus cupones para adaptarse a sus objetivos y objetivos de marketing individuales. Adem\u00e1s, este software excepcional tambi\u00e9n ofrece a las empresas la invaluable oportunidad de monitorear y rastrear de cerca el rendimiento de sus cupones, al tiempo que obtiene una comprensi\u00f3n integral y profunda de los patrones de comportamiento de sus clientes. Esta informaci\u00f3n tiene un valor inmenso, ya que permite a las empresas obtener informaci\u00f3n invaluable sobre sus estrategias de marketing, lo que finalmente les permite optimizar su enfoque para impulsar niveles a\u00fan mayores de crecimiento de los ingresos. En \u00faltima instancia, los cupones de los clientes de ShopMagic representan una oportunidad incomparable para que las empresas realmente cultiven y fomenten relaciones significativas y duraderas con sus clientes, al tiempo que impulsan simult\u00e1neamente niveles profundos de crecimiento de ingresos.<\/p>\n<ul>\n<li>Aumenta la lealtad del cliente recompens\u00e1ndolos con cupones para sus compras<\/li>\n<li>F\u00e1cil integraci\u00f3n con su plataforma de comercio electr\u00f3nico existente<\/li>\n<li>Opciones de cup\u00f3n personalizables que incluyen un porcentaje de descuento o un monto en d\u00f3lares de descuento<\/li>\n<li>Genera autom\u00e1ticamente c\u00f3digos de cup\u00f3n \u00fanicos para cada cliente<\/li>\n<li>An\u00e1lisis para rastrear el uso y la efectividad del cup\u00f3n<\/li>\n<li>Fomenta las compras y referencias repetidas de clientes satisfechos<\/li>\n<li>Mejora la experiencia y la satisfacci\u00f3n del cliente al proporcionarles un valor agregado<\/li>\n<li>Opciones flexibles para distribuir cupones, incluido el correo electr\u00f3nico o directamente en su sitio web<\/li>\n<li>Se puede utilizar como herramienta de marketing para atraer nuevos clientes con ofertas promocionales<\/li>\n<li>Ahorra tiempo y esfuerzo en comparaci\u00f3n con la creaci\u00f3n y distribuci\u00f3n de cupones manualmente<\/li>\n<\/ul>\n","protected":false},"excerpt":{"rendered":"<p>Con la implementaci\u00f3n de cupones de clientes de ShopMagic, los clientes pueden participar en la satisfacci\u00f3n de descuentos exclusivos y ahorros sustanciales en sus compras. Todo lo que necesitan hacer es ingresar sin esfuerzo el c\u00f3digo de cup\u00f3n designado durante el proceso de pago y el testigo a medida que se acumulan sus ahorros. D\u00e9jate despedir de la tedio de buscar incansablemente para cupones y adoptar una experiencia de compra que sea perfectamente eficiente. Los cupones de los clientes de ShopMagic sirven sin lugar a dudas como un medio impecable no solo para alentar el patrocinio repetido sino tambi\u00e9n para cultivar la lealtad inquebrantable del cliente. No dude en darles un giro hoy y personalmente presenciar la multitud de ventajas que presentan.<\/p>\n","protected":false},"featured_media":167472,"comment_status":"open","ping_status":"open","template":"","meta":[],"product_brand":[2560],"product_cat":[1207,1225,1206],"product_tag":[2185],"class_list":{"0":"post-126098","1":"product","2":"type-product","3":"status-publish","4":"has-post-thumbnail","6":"product_brand-shop-magic","7":"product_cat-comercio-electronico-plugins","8":"product_cat-marketing","9":"product_cat-plugins","10":"product_tag-shop-magic","11":"member-discount","12":"discount-restricted","14":"first","15":"instock","16":"sale","17":"downloadable","18":"virtual","19":"sold-individually","20":"purchasable","21":"product-type-simple"},"_links":{"self":[{"href":"https:\/\/gpl-love.com\/es\/wp-json\/wp\/v2\/product\/126098","targetHints":{"allow":["GET"]}}],"collection":[{"href":"https:\/\/gpl-love.com\/es\/wp-json\/wp\/v2\/product"}],"about":[{"href":"https:\/\/gpl-love.com\/es\/wp-json\/wp\/v2\/types\/product"}],"replies":[{"embeddable":true,"href":"https:\/\/gpl-love.com\/es\/wp-json\/wp\/v2\/comments?post=126098"}],"wp:featuredmedia":[{"embeddable":true,"href":"https:\/\/gpl-love.com\/es\/wp-json\/wp\/v2\/media\/167472"}],"wp:attachment":[{"href":"https:\/\/gpl-love.com\/es\/wp-json\/wp\/v2\/media?parent=126098"}],"wp:term":[{"taxonomy":"product_brand","embeddable":true,"href":"https:\/\/gpl-love.com\/es\/wp-json\/wp\/v2\/product_brand?post=126098"},{"taxonomy":"product_cat","embeddable":true,"href":"https:\/\/gpl-love.com\/es\/wp-json\/wp\/v2\/product_cat?post=126098"},{"taxonomy":"product_tag","embeddable":true,"href":"https:\/\/gpl-love.com\/es\/wp-json\/wp\/v2\/product_tag?post=126098"}],"curies":[{"name":"wp","href":"https:\/\/api.w.org\/{rel}","templated":true}]}}