{"id":126096,"date":"2022-05-01T00:00:00","date_gmt":"2022-05-01T05:00:00","guid":{"rendered":"https:\/\/gpl-love.com\/es\/producto\/seller-wordpress-theme\/"},"modified":"2026-04-10T11:24:20","modified_gmt":"2026-04-10T16:24:20","slug":"seller-wordpress-theme","status":"publish","type":"product","link":"https:\/\/gpl-love.com\/es\/producto\/seller-wordpress-theme\/","title":{"rendered":"Seller WordPress Theme 4.0.4"},"content":{"rendered":"<h3>Seller WordPress Theme Caracteristicas<\/h3>\n<p>El tema del vendedor de WordPress se presenta como una soluci\u00f3n altamente adecuada y \u00f3ptima para las personas en busca de establecer una tienda en l\u00ednea profesional y atractiva. Con su naturaleza receptiva y f\u00e1cil de usar, este tema se integra perfectamente con WooCommerce, la plataforma de comercio electr\u00f3nico dominante para WordPress. Empaquetado con una variedad de caracter\u00edsticas, este tema le permite mostrar efectivamente sus productos. Su dise\u00f1o limpio y contempor\u00e1neo mejora a\u00fan m\u00e1s la profesionalidad y la confiabilidad de su tienda. Adem\u00e1s, el tema cuenta con un notable nivel de personalizaci\u00f3n, lo que le permite adaptar cada aspecto de su tienda para alinearse con sus requisitos \u00fanicos. Adem\u00e1s, prioriza la velocidad y el rendimiento, asegurando los tiempos de carga r\u00e1pidos y la mayor participaci\u00f3n del cliente. Por lo tanto, si su objetivo es expandir las ventas de su producto, el tema del vendedor de WordPress, sin duda, garantiza una consideraci\u00f3n seria.<\/p>\n<ul>\n<li>Tema de WordPress dise\u00f1ado profesionalmente para vendedores en l\u00ednea<\/li>\n<li>Optimizado para ventas con dise\u00f1o y caracter\u00edsticas centradas en la conversi\u00f3n<\/li>\n<li>Incluye listados y categor\u00edas de productos f\u00e1ciles de usar<\/li>\n<li>Permite a los clientes navegar, buscar y filtrar productos con facilidad<\/li>\n<li>Integraci\u00f3n perfecta con pasarelas de pago populares y soluciones de env\u00edo<\/li>\n<li>Dise\u00f1o totalmente receptivo para navegaci\u00f3n \u00f3ptima en todos los dispositivos<\/li>\n<li>Secciones de encabezado, pie de p\u00e1gina y p\u00e1gina de inicio personalizables para exhibir ofertas y promociones especiales<\/li>\n<li>Sistema de revisiones y calificaciones de clientes incorporados para aumentar la credibilidad y la confianza<\/li>\n<li>Documentaci\u00f3n integral y atenci\u00f3n al cliente de primer nivel.<\/li>\n<\/ul>\n","protected":false},"excerpt":{"rendered":"<p>Para las personas que buscan presentar sus productos de una manera sofisticada y contempor\u00e1nea, el tema de WordPress del vendedor de insumos sirve como una soluci\u00f3n impecable. Este tema ofrece la notable capacidad de personalizar dise\u00f1os, esquemas de color y fuentes, asegurando as\u00ed que est\u00e9 totalmente adaptado para cumplir con los requisitos de cualquier vendedor en l\u00ednea. Adem\u00e1s, el dise\u00f1o receptivo garantiza que su tienda aparecer\u00e1 visualmente en cualquier dispositivo, mientras que la interfaz f\u00e1cil de usar facilita la administraci\u00f3n de inventario sin esfuerzo. Adem\u00e1s, este tema incorpora la optimizaci\u00f3n de SEO incorporada, lo que garantiza que sus productos reciban el reconocimiento que merecen leg\u00edtimamente. \u00a1No dude por m\u00e1s tiempo, adquiere el tema de WordPress del vendedor de insumos hoy y comience el proceso de maximizar su potencial para las ventas en l\u00ednea!<\/p>\n","protected":false},"featured_media":167448,"comment_status":"open","ping_status":"open","template":"","meta":[],"product_brand":[2363],"product_cat":[1263,1264,1237],"product_tag":[2224],"class_list":{"0":"post-126096","1":"product","2":"type-product","3":"status-publish","4":"has-post-thumbnail","6":"product_brand-visualmodo","7":"product_cat-comercio-electronico-temas","8":"product_cat-negocio","9":"product_cat-temas","10":"product_tag-visualmodo","11":"member-discount","12":"discount-restricted","14":"first","15":"instock","16":"sale","17":"downloadable","18":"virtual","19":"sold-individually","20":"purchasable","21":"product-type-simple"},"_links":{"self":[{"href":"https:\/\/gpl-love.com\/es\/wp-json\/wp\/v2\/product\/126096","targetHints":{"allow":["GET"]}}],"collection":[{"href":"https:\/\/gpl-love.com\/es\/wp-json\/wp\/v2\/product"}],"about":[{"href":"https:\/\/gpl-love.com\/es\/wp-json\/wp\/v2\/types\/product"}],"replies":[{"embeddable":true,"href":"https:\/\/gpl-love.com\/es\/wp-json\/wp\/v2\/comments?post=126096"}],"wp:featuredmedia":[{"embeddable":true,"href":"https:\/\/gpl-love.com\/es\/wp-json\/wp\/v2\/media\/167448"}],"wp:attachment":[{"href":"https:\/\/gpl-love.com\/es\/wp-json\/wp\/v2\/media?parent=126096"}],"wp:term":[{"taxonomy":"product_brand","embeddable":true,"href":"https:\/\/gpl-love.com\/es\/wp-json\/wp\/v2\/product_brand?post=126096"},{"taxonomy":"product_cat","embeddable":true,"href":"https:\/\/gpl-love.com\/es\/wp-json\/wp\/v2\/product_cat?post=126096"},{"taxonomy":"product_tag","embeddable":true,"href":"https:\/\/gpl-love.com\/es\/wp-json\/wp\/v2\/product_tag?post=126096"}],"curies":[{"name":"wp","href":"https:\/\/api.w.org\/{rel}","templated":true}]}}