{"id":126094,"date":"2022-05-01T00:00:00","date_gmt":"2022-05-01T05:00:00","guid":{"rendered":"https:\/\/gpl-love.com\/es\/producto\/rare-wordpress-theme\/"},"modified":"2026-04-10T11:22:49","modified_gmt":"2026-04-10T16:22:49","slug":"rare-wordpress-theme","status":"publish","type":"product","link":"https:\/\/gpl-love.com\/es\/producto\/rare-wordpress-theme\/","title":{"rendered":"Rare WordPress Theme 4.0.4"},"content":{"rendered":"<h3>Rare WordPress Theme Caracteristicas<\/h3>\n<p>El raro tema de WordPress es un tema de primer nivel que ha sido meticulosamente elaborado para elevar el atractivo visual y la funcionalidad de su sitio web de WordPress. Con un dise\u00f1o elegante y contempor\u00e1neo, este tema excepcional ofrece una experiencia \u00fanica y que llame la atenci\u00f3n para sus estimados usuarios. Adem\u00e1s, este tema es totalmente receptivo y meticulosamente optimizado para una variedad de dispositivos, lo que garantiza que su sitio web mantenga su apariencia impresionante en pantallas de todos los tama\u00f1os. Adem\u00e1s de su notable est\u00e9tica, el raro tema de WordPress tambi\u00e9n ofrece una gran cantidad de caracter\u00edsticas y opciones de personalizaci\u00f3n que le dejar\u00e1n a perder la opci\u00f3n. M\u00faltiples opciones de dise\u00f1o, widgets personalizados y opciones de temas avanzados son solo algunas de las golosinas que vienen inclinadas con este tema sobresaliente. Ya sea que sea un propietario de un negocio, un profesional creativo que busque mostrar su cartera o un blogger apasionado en busca de una presencia en l\u00ednea destacada, el raro tema de WordPress es un cambio de juego absoluto para usted. Adem\u00e1s, gracias a su interfaz de usuario intuitiva y su proceso de instalaci\u00f3n sin problemas, tendr\u00e1 su sitio web en funcionamiento con una rapidez inigualable.<\/p>\n<ul>\n<li>Un tema de WordPress elegante y moderno con un dise\u00f1o \u00fanico y raro que har\u00e1 que su sitio web se destaque del resto<\/li>\n<li>F\u00e1cil de personalizar y usar, incluso para aquellos con poca o ninguna experiencia de codificaci\u00f3n<\/li>\n<li>Viene con una variedad de plantillas, dise\u00f1os y dise\u00f1os de p\u00e1ginas prefabricados<\/li>\n<li>Optimizado para velocidades de carga r\u00e1pidas y optimizaci\u00f3n de motores de b\u00fasqueda (SEO)<\/li>\n<li>Responsable para dispositivos m\u00f3viles, asegurando que su sitio web se vea genial en todos los dispositivos<\/li>\n<li>Construido con los \u00faltimos est\u00e1ndares de codificaci\u00f3n HTML5 y CSS3<\/li>\n<li>Se integra a la perfecci\u00f3n con complementos populares como WooCommerce y el Formulario de contacto 7<\/li>\n<li>Incluye una amplia documentaci\u00f3n y apoyo de los desarrolladores<\/li>\n<\/ul>\n","protected":false},"excerpt":{"rendered":"<p>Nos complace presentarle el tema de WordPress raro excepcional y excepcional, un dise\u00f1o sofisticado y de vanguardia, exquisitamente adecuado para la exposici\u00f3n y exhibici\u00f3n de sus esfuerzos art\u00edsticos o esfuerzos profesionales. Este notable tema cuenta con un dise\u00f1o totalmente adaptable y receptivo, lo que le permite adaptarlo a sus necesidades y preferencias espec\u00edficas. Adem\u00e1s, ofrece una amplia selecci\u00f3n de plantillas predise\u00f1adas, que le brinda una variedad de opciones para elegir, lo que le permite personalizar su sitio web en un grado infinito. La interfaz simplificada, junto con sus caracter\u00edsticas f\u00e1ciles de usar, garantiza que el proceso de crear un sitio web visualmente llamativo y cautivador se convierta en una experiencia sin esfuerzo y sin problemas. Abrace la oportunidad incomparable para mejorar su presencia en l\u00ednea y actualizar su sitio web incorporando el extraordinario tema raro de WordPress.<\/p>\n","protected":false},"featured_media":167313,"comment_status":"open","ping_status":"open","template":"","meta":[],"product_brand":[2363],"product_cat":[1267,1237,1238],"product_tag":[2224],"class_list":{"0":"post-126094","1":"product","2":"type-product","3":"status-publish","4":"has-post-thumbnail","6":"product_brand-visualmodo","7":"product_cat-creativo","8":"product_cat-temas","9":"product_cat-wordpress-temas","10":"product_tag-visualmodo","11":"member-discount","12":"discount-restricted","14":"first","15":"instock","16":"sale","17":"downloadable","18":"virtual","19":"sold-individually","20":"purchasable","21":"product-type-simple"},"_links":{"self":[{"href":"https:\/\/gpl-love.com\/es\/wp-json\/wp\/v2\/product\/126094","targetHints":{"allow":["GET"]}}],"collection":[{"href":"https:\/\/gpl-love.com\/es\/wp-json\/wp\/v2\/product"}],"about":[{"href":"https:\/\/gpl-love.com\/es\/wp-json\/wp\/v2\/types\/product"}],"replies":[{"embeddable":true,"href":"https:\/\/gpl-love.com\/es\/wp-json\/wp\/v2\/comments?post=126094"}],"wp:featuredmedia":[{"embeddable":true,"href":"https:\/\/gpl-love.com\/es\/wp-json\/wp\/v2\/media\/167313"}],"wp:attachment":[{"href":"https:\/\/gpl-love.com\/es\/wp-json\/wp\/v2\/media?parent=126094"}],"wp:term":[{"taxonomy":"product_brand","embeddable":true,"href":"https:\/\/gpl-love.com\/es\/wp-json\/wp\/v2\/product_brand?post=126094"},{"taxonomy":"product_cat","embeddable":true,"href":"https:\/\/gpl-love.com\/es\/wp-json\/wp\/v2\/product_cat?post=126094"},{"taxonomy":"product_tag","embeddable":true,"href":"https:\/\/gpl-love.com\/es\/wp-json\/wp\/v2\/product_tag?post=126094"}],"curies":[{"name":"wp","href":"https:\/\/api.w.org\/{rel}","templated":true}]}}