{"id":126092,"date":"2022-05-01T00:00:00","date_gmt":"2022-05-01T05:00:00","guid":{"rendered":"https:\/\/gpl-love.com\/es\/producto\/peak-wordpress-theme\/"},"modified":"2026-04-10T11:21:21","modified_gmt":"2026-04-10T16:21:21","slug":"peak-wordpress-theme","status":"publish","type":"product","link":"https:\/\/gpl-love.com\/es\/producto\/peak-wordpress-theme\/","title":{"rendered":"Peak WordPress Theme 4.0.4"},"content":{"rendered":"<h3>Peak WordPress Theme Caracteristicas<\/h3>\n<p>El tema m\u00e1ximo de WordPress, que es una alternativa contempor\u00e1nea y sofisticada para cualquier tipo de sitio web, se presenta como una soluci\u00f3n ideal debido a su dise\u00f1o inmaculado, atributos personalizables y adaptabilidad m\u00f3vil, que atiende sin esfuerzo a las necesidades de empresas, blogueros y creativos. Este tema abarca una amplia gama de dise\u00f1os y widgets, lo que permite a los usuarios personalizar su sitio web de acuerdo con sus requisitos distintivos. Adem\u00e1s, el tema m\u00e1ximo de WordPress se integra armoniosamente con complementos populares, facilitando as\u00ed la incorporaci\u00f3n perfecta de funcionalidades codiciadas como la integraci\u00f3n de las redes sociales y la destreza de comercio electr\u00f3nico. Independientemente de si se est\u00e1 embarcando en su viaje en l\u00ednea o que busca rejuvenecer su presencia virtual existente, el tema Peak WordPress surge como una opci\u00f3n ejemplar que garantiza una interfaz elegante y f\u00e1cil de usar.<\/p>\n<ul>\n<li>Dise\u00f1o moderno y limpio que es totalmente receptivo<\/li>\n<li>Construido con los \u00faltimos est\u00e1ndares de codificaci\u00f3n para un rendimiento \u00f3ptimo<\/li>\n<li>Opciones de personalizaci\u00f3n avanzada para adaptar el tema a su marca<\/li>\n<li>Incluye una variedad de dise\u00f1os y plantillas predise\u00f1ados para diferentes tipos de contenido.<\/li>\n<li>Compatible con complementos populares de WordPress para una funcionalidad adicional<\/li>\n<li>Interfaz f\u00e1cil de usar para una f\u00e1cil navegaci\u00f3n y gesti\u00f3n del contenido<\/li>\n<li>Optimizaci\u00f3n de SEO incorporada para una mejor clasificaci\u00f3n de motores de b\u00fasqueda<\/li>\n<li>Actualizaciones y soporte regulares para garantizar la m\u00e1xima funcionalidad y rendimiento<\/li>\n<li>Ideal para bloggers, empresas y cualquier persona que busque una presencia en l\u00ednea profesional y visualmente atractiva.<\/li>\n<\/ul>\n","protected":false},"excerpt":{"rendered":"<p>El tema m\u00e1ximo de WordPress, una elecci\u00f3n exquisita y contempor\u00e1nea, satisface las necesidades de los bloggers, empresarios e individuos art\u00edsticos que aspiran a mejorar su impronta virtual. Con un dise\u00f1o minimalista y una gran cantidad de opciones de personalizaci\u00f3n, Peak le permite exhibir su contenido y establecer su marca con la m\u00e1xima sofisticaci\u00f3n y profesionalismo. Adem\u00e1s, este tema es exquisitamente receptivo, garantizando una experiencia visualmente impresionante y perfecta en todos los dispositivos. Independientemente de si se est\u00e1 embarcando en una nueva empresa digital o est\u00e1 buscando vigorizar su plataforma en l\u00ednea existente, tenga la seguridad de que el pico proporcionar\u00e1 la soluci\u00f3n \u00f3ptima.<\/p>\n","protected":false},"featured_media":167178,"comment_status":"open","ping_status":"open","template":"","meta":[],"product_brand":[2363],"product_cat":[1267,1237,1238],"product_tag":[2224],"class_list":{"0":"post-126092","1":"product","2":"type-product","3":"status-publish","4":"has-post-thumbnail","6":"product_brand-visualmodo","7":"product_cat-creativo","8":"product_cat-temas","9":"product_cat-wordpress-temas","10":"product_tag-visualmodo","11":"member-discount","12":"discount-restricted","14":"first","15":"instock","16":"sale","17":"downloadable","18":"virtual","19":"sold-individually","20":"purchasable","21":"product-type-simple"},"_links":{"self":[{"href":"https:\/\/gpl-love.com\/es\/wp-json\/wp\/v2\/product\/126092","targetHints":{"allow":["GET"]}}],"collection":[{"href":"https:\/\/gpl-love.com\/es\/wp-json\/wp\/v2\/product"}],"about":[{"href":"https:\/\/gpl-love.com\/es\/wp-json\/wp\/v2\/types\/product"}],"replies":[{"embeddable":true,"href":"https:\/\/gpl-love.com\/es\/wp-json\/wp\/v2\/comments?post=126092"}],"wp:featuredmedia":[{"embeddable":true,"href":"https:\/\/gpl-love.com\/es\/wp-json\/wp\/v2\/media\/167178"}],"wp:attachment":[{"href":"https:\/\/gpl-love.com\/es\/wp-json\/wp\/v2\/media?parent=126092"}],"wp:term":[{"taxonomy":"product_brand","embeddable":true,"href":"https:\/\/gpl-love.com\/es\/wp-json\/wp\/v2\/product_brand?post=126092"},{"taxonomy":"product_cat","embeddable":true,"href":"https:\/\/gpl-love.com\/es\/wp-json\/wp\/v2\/product_cat?post=126092"},{"taxonomy":"product_tag","embeddable":true,"href":"https:\/\/gpl-love.com\/es\/wp-json\/wp\/v2\/product_tag?post=126092"}],"curies":[{"name":"wp","href":"https:\/\/api.w.org\/{rel}","templated":true}]}}