{"id":126090,"date":"2022-05-01T00:00:00","date_gmt":"2022-05-01T05:00:00","guid":{"rendered":"https:\/\/gpl-love.com\/es\/producto\/nectar-wordpress-theme\/"},"modified":"2026-04-10T11:18:39","modified_gmt":"2026-04-10T16:18:39","slug":"nectar-wordpress-theme","status":"publish","type":"product","link":"https:\/\/gpl-love.com\/es\/producto\/nectar-wordpress-theme\/","title":{"rendered":"Nectar WordPress Theme 3.0.4"},"content":{"rendered":"<h3>Nectar WordPress Theme Caracteristicas<\/h3>\n<p>El tema Nectar WordPress, reconocido por su versatilidad e interfaz f\u00e1cil de usar, proporciona a los propietarios de sitios web una amplia gama de opciones de personalizaci\u00f3n. Con un dise\u00f1o elegante y contempor\u00e1neo que se adapta perfectamente a todos los dispositivos, este tema garantiza una capacidad de respuesta \u00f3ptima. Adem\u00e1s, su creador de p\u00e1ginas de arrastrar y soltar permite a los usuarios crear sitios web distintivos y pulidos sin esfuerzo, todos sin requerir ninguna experiencia de codificaci\u00f3n. Enfatizando la conveniencia, el tema abarca a\u00fan m\u00e1s una variedad diversa de plantillas y dise\u00f1os predeterminados, facilitando una iniciaci\u00f3n sin esfuerzo del proceso de dise\u00f1o del sitio web. Expandiendo su notable flexibilidad, el tema Nectar WordPress abarca encabezados y pies de p\u00e1gina personalizables, m\u00faltiples dise\u00f1os de blog y opciones de cartera, que atiende a una amplia gama de preferencias. Colectivamente, estas caracter\u00edsticas hacen que este tema sea una opci\u00f3n ejemplar para las personas en busca de un enfoque simplificado y eficiente para fabricar r\u00e1pidamente un sitio web est\u00e9ticamente agradable.<\/p>\n<ul>\n<li>Tema de WordPress altamente personalizable<\/li>\n<li>Dise\u00f1ado para bloggers, creativos y propietarios de peque\u00f1as empresas<\/li>\n<li>Proporciona m\u00faltiples opciones de dise\u00f1o para cada p\u00e1gina\/publicaci\u00f3n<\/li>\n<li>Incluye una variedad de tipos de publicaciones, que incluyen video, galer\u00eda y audio.<\/li>\n<li>Se integra con complementos populares de WordPress, como WooCommerce y el Formulario de contacto 7<\/li>\n<li>Construido con un dise\u00f1o receptivo, asegurando una experiencia de visualizaci\u00f3n \u00f3ptima en todos los dispositivos<\/li>\n<li>Ofrece opciones de personalizaci\u00f3n f\u00e1cil de usar para logotipo, fuentes, colores y m\u00e1s<\/li>\n<li>Incluye m\u00faltiples estilos de encabezado y opciones de men\u00fa<\/li>\n<li>Compatible con el editor de Gutenberg<\/li>\n<li>Optimizado para SEO<\/li>\n<li>Proporciona un c\u00f3digo extensible con ganchos incorporados para desarrolladores<\/li>\n<li>Ofrece soporte r\u00e1pido y confiable a trav\u00e9s del sitio web del desarrollador.<\/li>\n<\/ul>\n","protected":false},"excerpt":{"rendered":"<p>El tema de Nectar WordPress, con su dise\u00f1o elegante y moderno, atiende a una amplia gama de usuarios, incluidos aquellos que buscan establecer una presencia en l\u00ednea personal o profesional. Este tema ofrece una variedad de caracter\u00edsticas personalizables que permiten a los usuarios crear un sitio web distinto y destacado, distingui\u00e9ndose de la competencia. Equipado con un dise\u00f1o receptivo, plantillas predise\u00f1adas y una colecci\u00f3n diversa de widgets, la personalizaci\u00f3n del sitio se vuelve sin esfuerzo y sin problemas. Independientemente de si uno se identifica como blogger, emprendedor o freelancer, el tema de Nectar WordPress se presenta como una opci\u00f3n ideal para las personas en busca de una soluci\u00f3n exquisita y altamente funcional de construcci\u00f3n de sitios web.<\/p>\n","protected":false},"featured_media":166954,"comment_status":"open","ping_status":"open","template":"","meta":[],"product_brand":[2363],"product_cat":[1267,1237,1238],"product_tag":[2224],"class_list":{"0":"post-126090","1":"product","2":"type-product","3":"status-publish","4":"has-post-thumbnail","6":"product_brand-visualmodo","7":"product_cat-creativo","8":"product_cat-temas","9":"product_cat-wordpress-temas","10":"product_tag-visualmodo","11":"member-discount","12":"discount-restricted","14":"first","15":"instock","16":"sale","17":"downloadable","18":"virtual","19":"sold-individually","20":"purchasable","21":"product-type-simple"},"_links":{"self":[{"href":"https:\/\/gpl-love.com\/es\/wp-json\/wp\/v2\/product\/126090","targetHints":{"allow":["GET"]}}],"collection":[{"href":"https:\/\/gpl-love.com\/es\/wp-json\/wp\/v2\/product"}],"about":[{"href":"https:\/\/gpl-love.com\/es\/wp-json\/wp\/v2\/types\/product"}],"replies":[{"embeddable":true,"href":"https:\/\/gpl-love.com\/es\/wp-json\/wp\/v2\/comments?post=126090"}],"wp:featuredmedia":[{"embeddable":true,"href":"https:\/\/gpl-love.com\/es\/wp-json\/wp\/v2\/media\/166954"}],"wp:attachment":[{"href":"https:\/\/gpl-love.com\/es\/wp-json\/wp\/v2\/media?parent=126090"}],"wp:term":[{"taxonomy":"product_brand","embeddable":true,"href":"https:\/\/gpl-love.com\/es\/wp-json\/wp\/v2\/product_brand?post=126090"},{"taxonomy":"product_cat","embeddable":true,"href":"https:\/\/gpl-love.com\/es\/wp-json\/wp\/v2\/product_cat?post=126090"},{"taxonomy":"product_tag","embeddable":true,"href":"https:\/\/gpl-love.com\/es\/wp-json\/wp\/v2\/product_tag?post=126090"}],"curies":[{"name":"wp","href":"https:\/\/api.w.org\/{rel}","templated":true}]}}