{"id":126086,"date":"2022-05-01T00:00:00","date_gmt":"2022-05-01T05:00:00","guid":{"rendered":"https:\/\/gpl-love.com\/es\/producto\/marvel-wordpress-theme\/"},"modified":"2026-03-13T17:24:10","modified_gmt":"2026-03-13T22:24:10","slug":"marvel-wordpress-theme","status":"publish","type":"product","link":"https:\/\/gpl-love.com\/es\/producto\/marvel-wordpress-theme\/","title":{"rendered":"Marvel WordPress Theme 1.1.1"},"content":{"rendered":"<h3>Marvel WordPress Theme Caracteristicas<\/h3>\n<p>El tema Marvel WordPress, un tema incre\u00edblemente vers\u00e1til y rico en funciones, es el ep\u00edtome de la perfecci\u00f3n cuando se trata de crear sitios web visualmente impresionantes. Con una extensa gama de opciones de personalizaci\u00f3n, este tema faculta a los usuarios adaptar meticulosamente la est\u00e9tica y la sensaci\u00f3n de su sitio web para satisfacer sus requisitos \u00fanicos y espec\u00edficos. Adem\u00e1s, este tema extraordinario no solo abarca la amistad m\u00f3vil, sino que tambi\u00e9n optimiza la optimizaci\u00f3n del motor de b\u00fasqueda, lo que garantiza que su sitio web siga siendo accesible y visible para un p\u00fablico m\u00e1s amplio. Al no detenerse all\u00ed, el tema Marvel WordPress viene totalmente equipado con una selecci\u00f3n diversa de dise\u00f1os y plantillas preconstruidos meticulosamente elaborados, lo que facilita as\u00ed un comienzo sin costuras y sin esfuerzo para el viaje de dise\u00f1o de su sitio web. Para amplificar a\u00fan m\u00e1s la conveniencia y la eficiencia de la creaci\u00f3n de sitios web, este tema incorpora un constructor de p\u00e1ginas de arrastrar y soltar intuitivamente f\u00e1cil de usar, lo que hace que el proceso de dise\u00f1ar p\u00e1ginas y secciones personalizadas sea una brisa absoluta. Como si eso no fuera suficiente, este tema notable recibe actualizaciones regulares, enriquecidas con caracter\u00edsticas y mejoras novedosas, asegurando as\u00ed que su sitio web permanezca perpetuamente actualizado con las tendencias en constante evoluci\u00f3n y las tecnolog\u00edas de vanguardia. En general, el tema de Marvel WordPress, sin duda, es una opci\u00f3n impecable para cualquier persona que busque forjar un sitio web verdaderamente espl\u00e9ndido y altamente funcional.<\/p>\n<ul>\n<li>Tema de WordPress bellamente dise\u00f1ado inspirado en Marvel Comics<\/li>\n<li>Totalmente receptivo y amigable para m\u00f3viles<\/li>\n<li>Viene con plantillas de p\u00e1gina predise\u00f1adas para una f\u00e1cil personalizaci\u00f3n<\/li>\n<li>Integrado con WooCommerce para una f\u00e1cil venta en l\u00ednea de mercanc\u00edas<\/li>\n<li>Compatible con complementos populares de WordPress<\/li>\n<li>Constructor de p\u00e1gina de arrastre y suelto f\u00e1cil de usar<\/li>\n<li>SEO optimizado para una mejor visibilidad del motor de b\u00fasqueda<\/li>\n<li>Actualizaciones gratuitas de por vida y soporte dedicado de los desarrolladores<\/li>\n<li>Incluye contenido de demostraci\u00f3n para que su sitio se ejecute r\u00e1pidamente<\/li>\n<li>Velocidades de carga r\u00e1pida para una experiencia de usuario perfecta<\/li>\n<li>M\u00faltiples opciones de color y fondos personalizables para marca personalizada.<\/li>\n<\/ul>\n","protected":false},"excerpt":{"rendered":"<p>Perm\u00edteme presentarle el extraordinario tema de Marvel WordPress, un tema magistralmente dise\u00f1ado y extremadamente adaptable que es una encarnaci\u00f3n absoluta de la perfecci\u00f3n para los sitios web centrados en el encantador mundo de los c\u00f3mics o superh\u00e9roes. Este tema cuenta con una variedad de diversos dise\u00f1os de p\u00e1gina de inicio que est\u00e1n obligados a cautivar a su audiencia, adem\u00e1s de una amplia gama de opciones de color personalizables que le permitir\u00e1n dise\u00f1ar un sitio web que sea realmente \u00fanico en su tipo. Adem\u00e1s, equipado con un poderoso constructor de p\u00e1ginas, el tema de Marvel WordPress le otorga la capacidad incomparable para dise\u00f1ar un sitio web que no solo se destaque entre la multitud sino que tambi\u00e9n cae y caza y hipnotiza a sus visitantes. No importa si usted es el propietario de un establecimiento de c\u00f3mics, un miembro devoto de una comunidad de fan\u00e1ticos o un \u00e1vido blogger, para el tema Marvel WordPress es la pareja perfecta que se combinar\u00e1 perfectamente con su presencia en l\u00ednea. Por lo tanto, le corresponde elevar la calidad de su sitio web y desatar el superh\u00e9roe latente que reside dentro de usted, al aprovechar el notable tema de Marvel WordPress.<\/p>\n","protected":false},"featured_media":166699,"comment_status":"open","ping_status":"open","template":"","meta":[],"product_brand":[2363],"product_cat":[1267,1237,1238],"product_tag":[2224],"class_list":{"0":"post-126086","1":"product","2":"type-product","3":"status-publish","4":"has-post-thumbnail","6":"product_brand-visualmodo","7":"product_cat-creativo","8":"product_cat-temas","9":"product_cat-wordpress-temas","10":"product_tag-visualmodo","11":"member-discount","12":"discount-restricted","14":"first","15":"instock","16":"sale","17":"downloadable","18":"virtual","19":"sold-individually","20":"purchasable","21":"product-type-simple"},"_links":{"self":[{"href":"https:\/\/gpl-love.com\/es\/wp-json\/wp\/v2\/product\/126086","targetHints":{"allow":["GET"]}}],"collection":[{"href":"https:\/\/gpl-love.com\/es\/wp-json\/wp\/v2\/product"}],"about":[{"href":"https:\/\/gpl-love.com\/es\/wp-json\/wp\/v2\/types\/product"}],"replies":[{"embeddable":true,"href":"https:\/\/gpl-love.com\/es\/wp-json\/wp\/v2\/comments?post=126086"}],"wp:featuredmedia":[{"embeddable":true,"href":"https:\/\/gpl-love.com\/es\/wp-json\/wp\/v2\/media\/166699"}],"wp:attachment":[{"href":"https:\/\/gpl-love.com\/es\/wp-json\/wp\/v2\/media?parent=126086"}],"wp:term":[{"taxonomy":"product_brand","embeddable":true,"href":"https:\/\/gpl-love.com\/es\/wp-json\/wp\/v2\/product_brand?post=126086"},{"taxonomy":"product_cat","embeddable":true,"href":"https:\/\/gpl-love.com\/es\/wp-json\/wp\/v2\/product_cat?post=126086"},{"taxonomy":"product_tag","embeddable":true,"href":"https:\/\/gpl-love.com\/es\/wp-json\/wp\/v2\/product_tag?post=126086"}],"curies":[{"name":"wp","href":"https:\/\/api.w.org\/{rel}","templated":true}]}}