{"id":126082,"date":"2022-05-01T00:00:00","date_gmt":"2022-05-01T05:00:00","guid":{"rendered":"https:\/\/gpl-love.com\/es\/producto\/gym-wordpress-theme\/"},"modified":"2026-03-13T17:21:58","modified_gmt":"2026-03-13T22:21:58","slug":"gym-wordpress-theme","status":"publish","type":"product","link":"https:\/\/gpl-love.com\/es\/producto\/gym-wordpress-theme\/","title":{"rendered":"Gym WordPress Theme 11.0.4"},"content":{"rendered":"<h3>Gym WordPress Theme Caracteristicas<\/h3>\n<p>El tema de WordPress del gimnasio es un tema inmensamente vers\u00e1til y excepcionalmente potente que ha sido meticulosamente elaborado con la intenci\u00f3n expl\u00edcita de atender los requisitos \u00fanicos de los gimnasios, centros de fitness, entrenadores personales y todas las dem\u00e1s empresas que caen bajo el paraguas de esta industria. Con una extensa gama de dise\u00f1os y plantillas predise\u00f1ados, este tema ofrece un nivel incomparable de flexibilidad y adaptabilidad, lo que permite a los usuarios adaptar sin esfuerzo su sitio web para alinearse sin problemas con sus necesidades y preferencias individualizadas. Adem\u00e1s, este tema es totalmente receptivo y exhibe una compatibilidad \u00f3ptima con todos los dispositivos m\u00f3viles, lo que garantiza que su sitio web exude un aura de perfecci\u00f3n impresionante, independientemente de la plataforma tecnol\u00f3gica desde la que se accede. Adem\u00e1s, el tema incorpora una variedad de caracter\u00edsticas de vanguardia, incluidos los horarios de clases, los calendarios de eventos y los formularios de reserva en l\u00ednea, todos los cuales se han integrado estrat\u00e9gicamente para facilitar el proceso sin esfuerzo y acelerado de programar clases o citas, capacitando a los visitantes para reservar convenientemente reservar convenientemente. estos servicios directamente desde su sitio web. Adem\u00e1s, este tema se ha optimizado meticulosamente para la optimizaci\u00f3n de motores de b\u00fasqueda, asegurando que su sitio web sea f\u00e1cil y f\u00e1cil de descubrir con todos los principales motores de b\u00fasqueda, lo que aumenta exponencialmente la probabilidad de que su demograf\u00eda objetivo localice con \u00e9xito y expeditantemente su sitio web cuando realice b\u00fasquedas org\u00e1nicas. Al elegir aprovechar las capacidades notables del tema de WordPress del gimnasio, podr\u00e1 crear una presencia en l\u00ednea visualmente impresionante e incre\u00edblemente inmersiva para su estimado gimnasio o negocio de fitness, una que dejar\u00e1 una impresi\u00f3n indeleble a todos los que dan testimonio de su magnificencia. .<\/p>\n<ul>\n<li>Dise\u00f1o profesional que atrae a los entusiastas del gimnasio y el fitness<\/li>\n<li>Dise\u00f1o totalmente receptivo y amigable para m\u00f3viles<\/li>\n<li>Opciones de personalizaci\u00f3n f\u00e1ciles con el constructor de p\u00e1ginas de arrastre y suelto incorporado<\/li>\n<li>Integraci\u00f3n con complementos de fitness populares como WooCommerce, Formulario de contacto 7 y Slider Revolution<\/li>\n<li>Secciones dedicadas para exhibir servicios de gimnasia, programas, entrenadores y testimonios<\/li>\n<li>Soporte para horarios de clases, reservas y pagos con integraci\u00f3n perfecta<\/li>\n<li>SEO optimizado para una mejor visibilidad en l\u00ednea y clasificaciones de b\u00fasqueda m\u00e1s altas<\/li>\n<li>Velocidad de carga r\u00e1pida y optimizaci\u00f3n de rendimiento para mejorar la experiencia del usuario<\/li>\n<li>Funci\u00f3n de importaci\u00f3n de demostraci\u00f3n de un solo clic para una configuraci\u00f3n y configuraci\u00f3n r\u00e1pida<\/li>\n<li>Documentaci\u00f3n integral y suministro de atenci\u00f3n al cliente para cualquier consulta o problema.<\/li>\n<\/ul>\n","protected":false},"excerpt":{"rendered":"<p>El tema de WordPress de Input Gym ofrece una soluci\u00f3n que abarca todo para las personas que buscan establecer un sitio web cautivador de fitness o gimnasio. Este tema cuenta con un dise\u00f1o receptivo que se adapta perfectamente a cualquier dispositivo, asegurando una experiencia de usuario \u00f3ptima en todos los \u00e1mbitos. En particular, viene equipado con varias caracter\u00edsticas, como clases de acondicionamiento f\u00edsico integrado, perfiles integrales de entrenador, gesti\u00f3n eficiente del horario y capacidades de integraci\u00f3n de comercio electr\u00f3nico sin interrupciones. \u00bfLa mejor parte? No necesita ninguna experiencia de codificaci\u00f3n para aprovechar estas funcionalidades y crear un sitio web visualmente llamativo. Gracias a su constructor de p\u00e1ginas de arrastrar y soltar f\u00e1cilmente de usar, el tema de WordPress de Input Gym facilita la personalizaci\u00f3n sin esfuerzo, por lo que es la opci\u00f3n para aquellos que buscan un proceso de creaci\u00f3n de sitios web sin problemas. Al aprovechar el poder de este tema de vanguardia, puede exhibir sin esfuerzo su gimnasio o gimnasio, atrayendo a una clientela m\u00e1s grande para interactuar con su negocio.<\/p>\n","protected":false},"featured_media":166400,"comment_status":"open","ping_status":"open","template":"","meta":[],"product_brand":[2363],"product_cat":[1267,1237,1238],"product_tag":[2224],"class_list":{"0":"post-126082","1":"product","2":"type-product","3":"status-publish","4":"has-post-thumbnail","6":"product_brand-visualmodo","7":"product_cat-creativo","8":"product_cat-temas","9":"product_cat-wordpress-temas","10":"product_tag-visualmodo","11":"member-discount","12":"discount-restricted","14":"first","15":"instock","16":"sale","17":"downloadable","18":"virtual","19":"sold-individually","20":"purchasable","21":"product-type-simple"},"_links":{"self":[{"href":"https:\/\/gpl-love.com\/es\/wp-json\/wp\/v2\/product\/126082","targetHints":{"allow":["GET"]}}],"collection":[{"href":"https:\/\/gpl-love.com\/es\/wp-json\/wp\/v2\/product"}],"about":[{"href":"https:\/\/gpl-love.com\/es\/wp-json\/wp\/v2\/types\/product"}],"replies":[{"embeddable":true,"href":"https:\/\/gpl-love.com\/es\/wp-json\/wp\/v2\/comments?post=126082"}],"wp:featuredmedia":[{"embeddable":true,"href":"https:\/\/gpl-love.com\/es\/wp-json\/wp\/v2\/media\/166400"}],"wp:attachment":[{"href":"https:\/\/gpl-love.com\/es\/wp-json\/wp\/v2\/media?parent=126082"}],"wp:term":[{"taxonomy":"product_brand","embeddable":true,"href":"https:\/\/gpl-love.com\/es\/wp-json\/wp\/v2\/product_brand?post=126082"},{"taxonomy":"product_cat","embeddable":true,"href":"https:\/\/gpl-love.com\/es\/wp-json\/wp\/v2\/product_cat?post=126082"},{"taxonomy":"product_tag","embeddable":true,"href":"https:\/\/gpl-love.com\/es\/wp-json\/wp\/v2\/product_tag?post=126082"}],"curies":[{"name":"wp","href":"https:\/\/api.w.org\/{rel}","templated":true}]}}