{"id":126074,"date":"2022-05-01T00:00:00","date_gmt":"2022-05-01T05:00:00","guid":{"rendered":"https:\/\/gpl-love.com\/es\/producto\/beyond-wordpress-theme\/"},"modified":"2026-03-13T17:16:33","modified_gmt":"2026-03-13T22:16:33","slug":"beyond-wordpress-theme","status":"publish","type":"product","link":"https:\/\/gpl-love.com\/es\/producto\/beyond-wordpress-theme\/","title":{"rendered":"Beyond WordPress Theme 4.0.4"},"content":{"rendered":"<h3>Beyond WordPress Theme Caracteristicas<\/h3>\n<p>El tema Beyond WordPress es un tema de alta calidad que tiene como objetivo mejorar tanto la funcionalidad como la est\u00e9tica de su sitio web. Su dise\u00f1o elegante y moderno lo convierte en una opci\u00f3n ideal para varios usuarios, incluidas empresas, creativos y bloggers. Este tema ofrece una amplia gama de caracter\u00edsticas notables, como un dise\u00f1o receptivo que garantiza que su sitio web sea visualmente atractivo en todos los dispositivos. Adem\u00e1s, le permite personalizar los esquemas de color para adaptarse a sus preferencias e incluye varios widgets y c\u00f3digos cortos para mayor comodidad. El enfoque principal del tema Beyond WordPress es la experiencia del usuario, asegurando que crear un sitio web de aspecto profesional que involucre y convierta de manera efectiva a los visitantes es un proceso sin problemas. Ya sea que tenga la intenci\u00f3n de mostrar su cartera, vender productos en l\u00ednea o simplemente crear un blog cautivador, el tema Beyond WordPress abarca todos los elementos necesarios para construir un sitio web excepcional que se destaca sin esfuerzo del resto.<\/p>\n<ul>\n<li>Dise\u00f1o moderno y profesional<\/li>\n<li>Totalmente receptivo y amigable para m\u00f3viles<\/li>\n<li>P\u00e1gina de inicio personalizable con control deslizante de ancho completo y opciones de dise\u00f1o m\u00faltiples<\/li>\n<li>Cartera personalizable con varias opciones de visualizaci\u00f3n<\/li>\n<li>Opciones de dise\u00f1o de blog personalizables<\/li>\n<li>Iconos de redes sociales integrados<\/li>\n<li>SEO optimizado para una mejor clasificaci\u00f3n del motor de b\u00fasqueda<\/li>\n<li>Importaci\u00f3n de demostraci\u00f3n de un solo clic para una f\u00e1cil configuraci\u00f3n<\/li>\n<li>WooCommerce compatible para la funcionalidad de comercio electr\u00f3nico<\/li>\n<li>Atenci\u00f3n al cliente r\u00e1pida y confiable<\/li>\n<\/ul>\n","protected":false},"excerpt":{"rendered":"<p>Experimente el potencial ilimitado del tema Beyond WordPress. Este tema din\u00e1mico e innovador ofrece una plataforma vers\u00e1til para cualquier tipo de sitio web, desde blogs personales hasta sitios comerciales profesionales. Beyond da vida a su contenido con sus impresionantes im\u00e1genes, dise\u00f1o receptivo e interfaz de usuario intuitiva. Ofrece una integraci\u00f3n perfecta con WordPress, asegurando una operaci\u00f3n y mantenimiento suaves. Sus caracter\u00edsticas ricas incluyen dise\u00f1os personalizables, optimizaci\u00f3n de SEO y una variedad de complementos para mejorar la experiencia del usuario. Las medidas de seguridad mejoradas del tema mantienen su sitio web seguro y seguro. Con el tema Beyond WordPress, puede crear sin esfuerzo una presencia en l\u00ednea sorprendente que captura su marca y visi\u00f3n \u00fanicas. Experimente la libertad y flexibilidad de un tema que va m\u00e1s all\u00e1 de sus expectativas.<\/p>\n","protected":false},"featured_media":165475,"comment_status":"open","ping_status":"open","template":"","meta":[],"product_brand":[2363],"product_cat":[1267,1237,1238],"product_tag":[2224],"class_list":{"0":"post-126074","1":"product","2":"type-product","3":"status-publish","4":"has-post-thumbnail","6":"product_brand-visualmodo","7":"product_cat-creativo","8":"product_cat-temas","9":"product_cat-wordpress-temas","10":"product_tag-visualmodo","11":"member-discount","12":"discount-restricted","14":"first","15":"instock","16":"sale","17":"downloadable","18":"virtual","19":"sold-individually","20":"purchasable","21":"product-type-simple"},"_links":{"self":[{"href":"https:\/\/gpl-love.com\/es\/wp-json\/wp\/v2\/product\/126074","targetHints":{"allow":["GET"]}}],"collection":[{"href":"https:\/\/gpl-love.com\/es\/wp-json\/wp\/v2\/product"}],"about":[{"href":"https:\/\/gpl-love.com\/es\/wp-json\/wp\/v2\/types\/product"}],"replies":[{"embeddable":true,"href":"https:\/\/gpl-love.com\/es\/wp-json\/wp\/v2\/comments?post=126074"}],"wp:featuredmedia":[{"embeddable":true,"href":"https:\/\/gpl-love.com\/es\/wp-json\/wp\/v2\/media\/165475"}],"wp:attachment":[{"href":"https:\/\/gpl-love.com\/es\/wp-json\/wp\/v2\/media?parent=126074"}],"wp:term":[{"taxonomy":"product_brand","embeddable":true,"href":"https:\/\/gpl-love.com\/es\/wp-json\/wp\/v2\/product_brand?post=126074"},{"taxonomy":"product_cat","embeddable":true,"href":"https:\/\/gpl-love.com\/es\/wp-json\/wp\/v2\/product_cat?post=126074"},{"taxonomy":"product_tag","embeddable":true,"href":"https:\/\/gpl-love.com\/es\/wp-json\/wp\/v2\/product_tag?post=126074"}],"curies":[{"name":"wp","href":"https:\/\/api.w.org\/{rel}","templated":true}]}}