{"id":126072,"date":"2022-05-01T00:00:00","date_gmt":"2022-05-01T05:00:00","guid":{"rendered":"https:\/\/gpl-love.com\/es\/producto\/architect-wordpress-theme\/"},"modified":"2026-03-13T17:15:52","modified_gmt":"2026-03-13T22:15:52","slug":"architect-wordpress-theme","status":"publish","type":"product","link":"https:\/\/gpl-love.com\/es\/producto\/architect-wordpress-theme\/","title":{"rendered":"Architect WordPress Theme 3.0.4"},"content":{"rendered":"<h3>Architect WordPress Theme Caracteristicas<\/h3>\n<p>El tema del arquitecto WordPress cuenta con una gran cantidad de opciones personalizables y una est\u00e9tica pulida, lo que lo convierte en una opci\u00f3n ideal para arquitectos, dise\u00f1adores de interiores y otras personas imaginativas dentro de la industria creativa. Con una variedad de plantillas predise\u00f1adas y dise\u00f1os de p\u00e1ginas, este tema facilita la visualizaci\u00f3n sin esfuerzo de su trabajo y servicios de manera est\u00e9ticamente cautivadora. Adem\u00e1s, este tema se ha optimizado meticulosamente para los motores de b\u00fasqueda, lo que garantiza que la posible clientela pueda descubrir sin esfuerzo su presencia en l\u00ednea. Ya sea que aspire a desarrollar un sitio web sofisticado para su negocio o simplemente desee exhibir su destreza en Internet, el tema Architect WordPress se considera una selecci\u00f3n excepcional.<\/p>\n<ul>\n<li>Dise\u00f1ado espec\u00edficamente para los arquitectos, este tema de WordPress ofrece un aspecto elegante y profesional que atraer\u00e1 inmediatamente la atenci\u00f3n de los clientes potenciales.<\/li>\n<li>El tema viene con una gama de plantillas predise\u00f1adas, lo que le brinda la flexibilidad de crear un sitio web que refleje su marca y est\u00e9tica espec\u00edficas.<\/li>\n<li>El tema es totalmente receptivo, por lo que se ver\u00e1 muy bien en cualquier dispositivo o tama\u00f1o de pantalla, desde computadoras de escritorio hasta tel\u00e9fonos inteligentes.<\/li>\n<li>Viene con \u00edconos de redes sociales integrados, lo que le permite conectarse f\u00e1cilmente con su audiencia y compartir su trabajo con el mundo.<\/li>\n<li>Los formularios de contacto incorporados facilitan que los clientes se pongan en contacto, y el tema es compatible con una variedad de otros complementos populares, incluido WooCommerce para las ventas en l\u00ednea.<\/li>\n<li>El poderoso panel de opciones de backend le permite personalizar todo, desde el esquema de color hasta la tipograf\u00eda, asegurando que su sitio web refleje perfectamente su marca.<\/li>\n<li>El tema est\u00e1 altamente optimizado para los motores de b\u00fasqueda, ayudando a aumentar la visibilidad de su sitio web y atraer a m\u00e1s clientes potenciales.<\/li>\n<li>Las actualizaciones regulares y el soporte de primer nivel de los desarrolladores experimentados detr\u00e1s de este tema aseguran que su sitio web siempre se mantenga actualizado y funcione sin problemas.<\/li>\n<\/ul>\n","protected":false},"excerpt":{"rendered":"<p>Descubra nuestro tema de WordPress vers\u00e1til arquitecto, dise\u00f1ado espec\u00edficamente para profesionales en la industria arquitect\u00f3nica. Este tema \u00fanico ofrece un dise\u00f1o elegante y una variedad de caracter\u00edsticas robustas que son perfectas para exhibir sus proyectos y servicios de arquitectura. Con este tema, puede personalizar f\u00e1cilmente su sitio web con dise\u00f1os profesionales, im\u00e1genes de alta calidad y efectos visuales din\u00e1micos para resaltar sus dise\u00f1os y conceptos arquitect\u00f3nicos. Este tema de WordPress tambi\u00e9n responde, asegurando que su sitio web se vea impecable en cualquier dispositivo. Adem\u00e1s, es amigable para mejorar su visibilidad en l\u00ednea. Abrace hoy el poder del tema del arquitecto WordPress y eleva su negocio de arquitectura a nuevas alturas. Experimente una interfaz f\u00e1cil de usar, una navegaci\u00f3n perfecta y una serie de opciones de personalizaci\u00f3n que le impresionar\u00e1n tanto a usted como a los visitantes de su sitio.<\/p>\n","protected":false},"featured_media":165390,"comment_status":"open","ping_status":"open","template":"","meta":[],"product_brand":[2363],"product_cat":[1267,1237,1238],"product_tag":[2224],"class_list":{"0":"post-126072","1":"product","2":"type-product","3":"status-publish","4":"has-post-thumbnail","6":"product_brand-visualmodo","7":"product_cat-creativo","8":"product_cat-temas","9":"product_cat-wordpress-temas","10":"product_tag-visualmodo","11":"member-discount","12":"discount-restricted","14":"first","15":"instock","16":"sale","17":"downloadable","18":"virtual","19":"sold-individually","20":"purchasable","21":"product-type-simple"},"_links":{"self":[{"href":"https:\/\/gpl-love.com\/es\/wp-json\/wp\/v2\/product\/126072","targetHints":{"allow":["GET"]}}],"collection":[{"href":"https:\/\/gpl-love.com\/es\/wp-json\/wp\/v2\/product"}],"about":[{"href":"https:\/\/gpl-love.com\/es\/wp-json\/wp\/v2\/types\/product"}],"replies":[{"embeddable":true,"href":"https:\/\/gpl-love.com\/es\/wp-json\/wp\/v2\/comments?post=126072"}],"wp:featuredmedia":[{"embeddable":true,"href":"https:\/\/gpl-love.com\/es\/wp-json\/wp\/v2\/media\/165390"}],"wp:attachment":[{"href":"https:\/\/gpl-love.com\/es\/wp-json\/wp\/v2\/media?parent=126072"}],"wp:term":[{"taxonomy":"product_brand","embeddable":true,"href":"https:\/\/gpl-love.com\/es\/wp-json\/wp\/v2\/product_brand?post=126072"},{"taxonomy":"product_cat","embeddable":true,"href":"https:\/\/gpl-love.com\/es\/wp-json\/wp\/v2\/product_cat?post=126072"},{"taxonomy":"product_tag","embeddable":true,"href":"https:\/\/gpl-love.com\/es\/wp-json\/wp\/v2\/product_tag?post=126072"}],"curies":[{"name":"wp","href":"https:\/\/api.w.org\/{rel}","templated":true}]}}