{"id":125642,"date":"2026-02-24T00:00:00","date_gmt":"2026-02-24T05:00:00","guid":{"rendered":"https:\/\/gpl-love.com\/es\/producto\/advanced-flat-rate-shipping-method-para-woocommerce\/"},"modified":"2026-03-09T07:16:33","modified_gmt":"2026-03-09T12:16:33","slug":"advanced-flat-rate-shipping-method-para-woocommerce","status":"publish","type":"product","link":"https:\/\/gpl-love.com\/es\/producto\/advanced-flat-rate-shipping-method-para-woocommerce\/","title":{"rendered":"Advanced Flat Rate Shipping Method para WooCommerce 4.7.10"},"content":{"rendered":"<h3>Advanced Flat Rate Shipping Method para WooCommerce Caracteristicas<\/h3>\n<p>El m\u00e9todo de env\u00edo de tarifa plana avanzada para WooCommerce es una extensi\u00f3n inmensamente robusta que otorga a los comerciantes la capacidad de configurar sin esfuerzo m\u00e9todos de env\u00edo personalizados basados \u200b\u200ben una multitud de factores. Esta extensi\u00f3n le permite establecer alternativas de env\u00edo de tarifa plana para productos, categor\u00edas y zonas de env\u00edo distintas, al tiempo que permite la creaci\u00f3n de reglas basadas en el peso, el precio y la cantidad. Adem\u00e1s, esta extensi\u00f3n proporciona opciones avanzadas para el c\u00e1lculo de los costos de env\u00edo, que abarca precios escalonados, tarifas de manejo y una gran cantidad de otras caracter\u00edsticas. Adem\u00e1s, cuenta con un soporte integral para los mercados de m\u00faltiples proveedores, lo que lo convierte en una selecci\u00f3n ejemplar para empresas que comprenden m\u00faltiples vendedores. Dada su interfaz f\u00e1cil de usar y su configuraci\u00f3n altamente adaptable, el m\u00e9todo de env\u00edo de tarifa plana avanzada para WooCommerce es una herramienta indispensable para cualquier emporio virtual que busque optimizar sus procedimientos de env\u00edo y mejorar la experiencia general del cliente.<\/p>\n<ul>\n<li>Proporciona opciones avanzadas de env\u00edo de tarifa plana para sitios web de WooCommerce<\/li>\n<li>Permite a los usuarios configurar m\u00faltiples m\u00e9todos de env\u00edo de tarifa plana basados \u200b\u200ben diferentes criterios<\/li>\n<li>Los criterios pueden incluir categor\u00edas de destino, total, peso o producto<\/li>\n<li>Tiene una interfaz simple y f\u00e1cil de usar para configurar m\u00e9todos de env\u00edo<\/li>\n<li>Ofrece documentaci\u00f3n detallada y soporte para los usuarios<\/li>\n<li>Ayuda a las empresas a ofrecer opciones de env\u00edo flexibles y precisas para sus clientes.<\/li>\n<li>Puede mejorar la satisfacci\u00f3n general del cliente y aumentar las ventas al ofrecer costos de env\u00edo justos y transparentes<\/li>\n<li>Es compatible con una amplia gama de extensiones y temas de WooCommerce<\/li>\n<li>Se puede personalizar para adaptarse a las necesidades comerciales individuales y las preferencias de env\u00edo<\/li>\n<li>Ofrece ahorros de costos potenciales para las empresas al eliminar la necesidad de extensiones o servicios de env\u00edo de terceros.<\/li>\n<\/ul>\n","protected":false},"excerpt":{"rendered":"<p>El m\u00e9todo de env\u00edo de tarifa plana avanzada para WooCommerce es un complemento robusto que ofrece una plataforma f\u00e1cil de usar para integrar un sistema de env\u00edo de tarifa plana dentro de las tiendas en l\u00ednea. Este complemento robusto de WooCommerce proporciona una multitud de alternativas de precios para WooCommerce, lo que lo convierte en una herramienta flexible para configurar regulaciones de env\u00edo personalizables.<\/p>\n<p>La caracter\u00edstica \u00fanica del complemento permite a los usuarios establecer tarifas de env\u00edo en funci\u00f3n del peso, el total del pedido y la categor\u00eda de productos. Esta caracter\u00edstica trae una flexibilidad mejorada en el env\u00edo de WooCommerce y una precisi\u00f3n inigualable en los gastos de env\u00edo.<\/p>\n<p>La adaptabilidad del complemento garantiza que calcular los cargos de env\u00edo con WooCommerce sea conveniente y preciso. Adem\u00e1s, este complemento WooCommerce de alto calibre permite a los usuarios optimizar sus procedimientos de env\u00edo con WooCommerce, lo que resulta en una experiencia de compra de WooCommerce sin problemas para sus clientes.<\/p>\n<p>En resumen, el m\u00e9todo de env\u00edo de tarifa plana avanzada para WooCommerce es un complemento notable que no solo ofrece un sistema de env\u00edo de tarifa plana para tiendas en l\u00ednea, sino que tambi\u00e9n proporciona un complemento de WooCommerce f\u00e1cil de usar para flexibilidad y precisi\u00f3n.<\/p>\n","protected":false},"featured_media":165302,"comment_status":"open","ping_status":"open","template":"","meta":[],"product_brand":[2344],"product_cat":[1207,1248,1206],"product_tag":[1423],"class_list":{"0":"post-125642","1":"product","2":"type-product","3":"status-publish","4":"has-post-thumbnail","6":"product_brand-woocommerce","7":"product_cat-comercio-electronico-plugins","8":"product_cat-personalizacion-comercio-electronico-plugins","9":"product_cat-plugins","10":"product_tag-woocommerce","11":"member-discount","12":"discount-restricted","14":"first","15":"instock","16":"sale","17":"downloadable","18":"virtual","19":"sold-individually","20":"purchasable","21":"product-type-simple"},"_links":{"self":[{"href":"https:\/\/gpl-love.com\/es\/wp-json\/wp\/v2\/product\/125642","targetHints":{"allow":["GET"]}}],"collection":[{"href":"https:\/\/gpl-love.com\/es\/wp-json\/wp\/v2\/product"}],"about":[{"href":"https:\/\/gpl-love.com\/es\/wp-json\/wp\/v2\/types\/product"}],"replies":[{"embeddable":true,"href":"https:\/\/gpl-love.com\/es\/wp-json\/wp\/v2\/comments?post=125642"}],"wp:featuredmedia":[{"embeddable":true,"href":"https:\/\/gpl-love.com\/es\/wp-json\/wp\/v2\/media\/165302"}],"wp:attachment":[{"href":"https:\/\/gpl-love.com\/es\/wp-json\/wp\/v2\/media?parent=125642"}],"wp:term":[{"taxonomy":"product_brand","embeddable":true,"href":"https:\/\/gpl-love.com\/es\/wp-json\/wp\/v2\/product_brand?post=125642"},{"taxonomy":"product_cat","embeddable":true,"href":"https:\/\/gpl-love.com\/es\/wp-json\/wp\/v2\/product_cat?post=125642"},{"taxonomy":"product_tag","embeddable":true,"href":"https:\/\/gpl-love.com\/es\/wp-json\/wp\/v2\/product_tag?post=125642"}],"curies":[{"name":"wp","href":"https:\/\/api.w.org\/{rel}","templated":true}]}}