{"id":125640,"date":"2025-10-13T00:00:00","date_gmt":"2025-10-13T05:00:00","guid":{"rendered":"https:\/\/gpl-love.com\/es\/producto\/papr-news-magazine\/"},"modified":"2026-03-13T17:27:14","modified_gmt":"2026-03-13T22:27:14","slug":"papr-news-magazine","status":"publish","type":"product","link":"https:\/\/gpl-love.com\/es\/producto\/papr-news-magazine\/","title":{"rendered":"Papr News Magazine 1.5.3"},"content":{"rendered":"<h3>Papr News Magazine Caracteristicas<\/h3>\n<p>La revista PAPR News, una publicaci\u00f3n integral e informativa, atiende a una amplia audiencia presentando noticias actuales y cautivadores de art\u00edculos procedentes de varios or\u00edgenes. Con una perspectiva global al tiempo que incorpora narraciones locales, la revista PAPR News se enorgullece de su diversa gama de temas, asegurando que los lectores tengan una gran cantidad de temas para seleccionar. El contenido de la revista se beneficia de la curaci\u00f3n meticulosa de un equipo de periodistas experimentados que ofrecen un an\u00e1lisis profundo y comentarios perceptivos sobre eventos en curso. Adem\u00e1s, cada problema est\u00e1 adornado con im\u00e1genes visualmente impresionantes y p\u00e1ginas cuidadosamente establecidas, aumentando la experiencia general de lectura. Adem\u00e1s, con su accesibilidad digital, la revista acomoda a los lectores que est\u00e1n constantemente en movimiento, otorg\u00e1ndoles acceso sin esfuerzo. En esencia, la revista PAPR News se erige como una fuente de informaci\u00f3n indispensable, que atiende a cualquier persona que busque permanecer bien informado con respecto a las noticias y ocurrencias m\u00e1s recientes.<\/p>\n<ul>\n<li>Publicaci\u00f3n semanal con noticias y an\u00e1lisis en profundidad<\/li>\n<li>Una amplia gama de temas cubiertos, incluidas la pol\u00edtica, los negocios, la cultura y las noticias internacionales<\/li>\n<li>Periodismo de calidad de reporteros y escritores experimentados<\/li>\n<li>Dise\u00f1o bellamente dise\u00f1ado y visualmente atractivo<\/li>\n<li>Perfecto para lectores que prefieren una experiencia de lectura m\u00e1s t\u00e1ctil<\/li>\n<li>Acceso complementario al archivo en l\u00ednea y la versi\u00f3n digital de la revista<\/li>\n<li>F\u00e1cil de navegar la tabla de contenido e \u00edndice para referencia r\u00e1pida<\/li>\n<li>Caracter\u00edsticas regulares como art\u00edculos de opini\u00f3n y rese\u00f1as de libros<\/li>\n<li>El contenido sin anuncios asegura una experiencia de lectura ininterrumpida<\/li>\n<li>Disponible para su compra mediante suscripci\u00f3n o en minoristas seleccionados.<\/li>\n<\/ul>\n","protected":false},"excerpt":{"rendered":"<p>La revista PAPR News, reconocida como la primordial proveedor de noticias meticulosamente seleccionadas, abarca una amplia gama de temas que van desde las complejidades de la pol\u00edtica y las complejidades de la tecnolog\u00eda hasta los \u00e1mbitos cautivadores del entretenimiento y los aspectos multifac\u00e9ticos del estilo de vida. Con un conjunto de periodistas experimentados y escritores expertos, la revista PAPR News dispensan constantemente perspectivas incomparables, ex\u00e1menes integrales y narraciones cautivadoras que garantizan efectivamente su constante conciencia y diversi\u00f3n. Independientemente de si sus preferencias de lectura se inclinan hacia el encanto tangible de las publicaciones impresas o el encanto intangible de los medios digitales, la revista PAPR News presenta un conducto vanguardista y f\u00e1cilmente accesible para permanecer impecablemente bien versado en los \u00faltimos desarrollos y acontecimientos continuos.<\/p>\n","protected":false},"featured_media":167174,"comment_status":"open","ping_status":"open","template":"","meta":[],"product_brand":[2337],"product_cat":[1245,1237,1238],"product_tag":[1391],"class_list":{"0":"post-125640","1":"product","2":"type-product","3":"status-publish","4":"has-post-thumbnail","6":"product_brand-themeforest","7":"product_cat-blog-revista","8":"product_cat-temas","9":"product_cat-wordpress-temas","10":"product_tag-themeforest","11":"member-discount","12":"discount-restricted","14":"first","15":"instock","16":"sale","17":"downloadable","18":"virtual","19":"sold-individually","20":"purchasable","21":"product-type-simple"},"_links":{"self":[{"href":"https:\/\/gpl-love.com\/es\/wp-json\/wp\/v2\/product\/125640","targetHints":{"allow":["GET"]}}],"collection":[{"href":"https:\/\/gpl-love.com\/es\/wp-json\/wp\/v2\/product"}],"about":[{"href":"https:\/\/gpl-love.com\/es\/wp-json\/wp\/v2\/types\/product"}],"replies":[{"embeddable":true,"href":"https:\/\/gpl-love.com\/es\/wp-json\/wp\/v2\/comments?post=125640"}],"wp:featuredmedia":[{"embeddable":true,"href":"https:\/\/gpl-love.com\/es\/wp-json\/wp\/v2\/media\/167174"}],"wp:attachment":[{"href":"https:\/\/gpl-love.com\/es\/wp-json\/wp\/v2\/media?parent=125640"}],"wp:term":[{"taxonomy":"product_brand","embeddable":true,"href":"https:\/\/gpl-love.com\/es\/wp-json\/wp\/v2\/product_brand?post=125640"},{"taxonomy":"product_cat","embeddable":true,"href":"https:\/\/gpl-love.com\/es\/wp-json\/wp\/v2\/product_cat?post=125640"},{"taxonomy":"product_tag","embeddable":true,"href":"https:\/\/gpl-love.com\/es\/wp-json\/wp\/v2\/product_tag?post=125640"}],"curies":[{"name":"wp","href":"https:\/\/api.w.org\/{rel}","templated":true}]}}