{"id":125638,"date":"2025-09-16T00:00:00","date_gmt":"2025-09-16T05:00:00","guid":{"rendered":"https:\/\/gpl-love.com\/es\/producto\/gravity-flow-form-connector-extension\/"},"modified":"2026-03-09T07:39:15","modified_gmt":"2026-03-09T12:39:15","slug":"gravity-flow-form-connector-extension","status":"publish","type":"product","link":"https:\/\/gpl-love.com\/es\/producto\/gravity-flow-form-connector-extension\/","title":{"rendered":"Gravity Flow Form Connector Extension 2.8.0"},"content":{"rendered":"<h3>Gravity Flow Form Connector Extension Caracteristicas<\/h3>\n<p>La extensi\u00f3n del conector de formulario de flujo de gravedad es una herramienta indispensable para las personas que buscan optimizar y optimizar sus procesos de flujo de trabajo. Ofrece la conveniencia de vincular sin esfuerzo sus formularios de gravedad a una amplia gama de servicios, como Salesforce, MailChimp y PayPal. Esto alivia la carga de la entrada de datos manuales en estas diversas plataformas, conservando as\u00ed valiosos tiempo y esfuerzo. Adem\u00e1s, esta extensi\u00f3n cuenta con una interfaz incre\u00edblemente f\u00e1cil de usar, lo que permite una conectividad perfecta entre sus formularios y los servicios deseados. Ya sea que sea un propietario de negocios con el objetivo de mejorar la eficiencia operativa o un desarrollador que busca simplificar los flujos de trabajo intrincados, la extensi\u00f3n del conector del flujo de gravedad es un recurso invaluable que le permite ahorrar tiempo, mitigar los errores y mejorar la productividad general.<\/p>\n<ul>\n<li>Proporciona una forma f\u00e1cil y segura de conectar las formas del flujo de gravedad y extender su alcance<\/li>\n<li>Habilita la instalaci\u00f3n r\u00e1pida y sin esfuerzo sin requerir ninguna herramienta o habilidad especial.<\/li>\n<li>Hecho de materiales de alta calidad que garantizan una durabilidad duradera y un rendimiento confiable<\/li>\n<li>Compatible con una amplia gama de formas de flujo de gravedad y otros sistemas de plomer\u00eda<\/li>\n<li>Disponible en diferentes tama\u00f1os para adaptarse a diferentes tipos de formularios de flujo y cumplir con los diferentes requisitos de instalaci\u00f3n<\/li>\n<li>Ayuda a mantener un flujo de agua \u00f3ptimo en todos los sistemas de plomer\u00eda y reduce el riesgo de fugas o roturas<\/li>\n<li>Dise\u00f1ado para evitar obstrucciones y facilitar el flujo de agua m\u00e1s suave al eliminar cualquier obstrucci\u00f3n y flujo de retroceso<\/li>\n<li>Ligero y compacto, lo que facilita almacenar y transportar a diferentes ubicaciones cuando sea necesario.<\/li>\n<\/ul>\n","protected":false},"excerpt":{"rendered":"<p>La extensi\u00f3n del conector de la forma de flujo de gravedad es un accesorio incre\u00edblemente pr\u00e1ctico, que posee la notable capacidad de mejorar tanto la funcionalidad como la versatilidad de sus formas de flujo de gravedad. Esta magn\u00edfica extensi\u00f3n le permite interconectar sin esfuerzo m\u00faltiples formas, facilitando as\u00ed una transferencia de datos perfecta y eficiente, al tiempo que le permite establecer un sistema organizacional bien estructurado. Con una interfaz intuitiva dise\u00f1ada y un proceso de instalaci\u00f3n f\u00e1cil de usar sin esfuerzo, la extensi\u00f3n del conector de flujo de gravedad indudablemente es un activo indispensable para cualquier persona que busque optimizar su flujo de trabajo y maximizar la eficiencia operativa general.<\/p>\n","protected":false},"featured_media":166285,"comment_status":"open","ping_status":"open","template":"","meta":[],"product_brand":[2468],"product_cat":[1212,1206,1211],"product_tag":[2259],"class_list":{"0":"post-125638","1":"product","2":"type-product","3":"status-publish","4":"has-post-thumbnail","6":"product_brand-gravity-flow","7":"product_cat-administracion-wordpress-plugins","8":"product_cat-plugins","9":"product_cat-wordpress-plugins","10":"product_tag-gravity-flow","11":"member-discount","12":"discount-restricted","14":"first","15":"instock","16":"sale","17":"downloadable","18":"virtual","19":"sold-individually","20":"purchasable","21":"product-type-simple"},"_links":{"self":[{"href":"https:\/\/gpl-love.com\/es\/wp-json\/wp\/v2\/product\/125638","targetHints":{"allow":["GET"]}}],"collection":[{"href":"https:\/\/gpl-love.com\/es\/wp-json\/wp\/v2\/product"}],"about":[{"href":"https:\/\/gpl-love.com\/es\/wp-json\/wp\/v2\/types\/product"}],"replies":[{"embeddable":true,"href":"https:\/\/gpl-love.com\/es\/wp-json\/wp\/v2\/comments?post=125638"}],"wp:featuredmedia":[{"embeddable":true,"href":"https:\/\/gpl-love.com\/es\/wp-json\/wp\/v2\/media\/166285"}],"wp:attachment":[{"href":"https:\/\/gpl-love.com\/es\/wp-json\/wp\/v2\/media?parent=125638"}],"wp:term":[{"taxonomy":"product_brand","embeddable":true,"href":"https:\/\/gpl-love.com\/es\/wp-json\/wp\/v2\/product_brand?post=125638"},{"taxonomy":"product_cat","embeddable":true,"href":"https:\/\/gpl-love.com\/es\/wp-json\/wp\/v2\/product_cat?post=125638"},{"taxonomy":"product_tag","embeddable":true,"href":"https:\/\/gpl-love.com\/es\/wp-json\/wp\/v2\/product_tag?post=125638"}],"curies":[{"name":"wp","href":"https:\/\/api.w.org\/{rel}","templated":true}]}}