{"id":125636,"date":"2025-11-20T00:00:00","date_gmt":"2025-11-20T05:00:00","guid":{"rendered":"https:\/\/gpl-love.com\/es\/producto\/gravity-perks-notification-scheduler\/"},"modified":"2026-03-13T17:21:39","modified_gmt":"2026-03-13T22:21:39","slug":"gravity-perks-notification-scheduler","status":"publish","type":"product","link":"https:\/\/gpl-love.com\/es\/producto\/gravity-perks-notification-scheduler\/","title":{"rendered":"Gravity Perks Notification Scheduler 1.3.17"},"content":{"rendered":"<h3>Gravity Perks Notification Scheduler Caracteristicas<\/h3>\n<p>El programador de notificaciones de Gravity Perks es una herramienta incre\u00edblemente robusta y avanzada que ofrece a los usuarios la capacidad de automatizar completamente su sistema de notificaci\u00f3n para formularios de gravedad. Al utilizar este notable complemento, los individuos pueden programar las notificaciones sin esfuerzo que se enviar\u00e1n en momentos espec\u00edficos, intervalos o fechas, lo que resulta en un nivel elevado de organizaci\u00f3n y una capacidad mejorada para gestionar efectivamente una comunicaci\u00f3n importante. Con la implementaci\u00f3n del programador de notificaciones, los usuarios tienen la capacidad incomparable de adaptar el contenido, el destinatario, la l\u00ednea de asunto e incluso el apego de sus notificaciones, asegurando as\u00ed una experiencia verdaderamente personalizada y distintiva para sus valiosos clientes o clientes. Esta herramienta ingeniosa y de vanguardia no solo simplifica y opina el proceso a menudo complejo de enviar notificaciones, sino que tambi\u00e9n aumenta significativamente la eficiencia y la productividad general. Por lo tanto, es innegable que el programador de notificaciones de gravedad beneficios es un activo indispensable para cualquier negocio u organizaci\u00f3n exigente que busque optimizar y optimizar su flujo de trabajo.<\/p>\n<ul>\n<li>Programe notificaciones que se enviar\u00e1n autom\u00e1ticamente en momentos espec\u00edficos<\/li>\n<li>Configurar mensajes de notificaci\u00f3n personalizados para cada hora programada<\/li>\n<li>Automatizar recordatorios para eventos importantes o plazos<\/li>\n<li>Integrar con los servicios de notificaci\u00f3n por correo electr\u00f3nico, SMS o Push Push<\/li>\n<li>Administrar y editar f\u00e1cilmente notificaciones programadas en una ubicaci\u00f3n central<\/li>\n<li>Compatible con formularios de gravedad, un complemento de constructor de formulario popular para WordPress<\/li>\n<li>No se requiere codificaci\u00f3n para configurar o usar el planificador de notificaciones<\/li>\n<li>Mejorar la comunicaci\u00f3n y la productividad al automatizar las notificaciones de rutina<\/li>\n<li>Recibir informes y an\u00e1lisis en tiempo real sobre el rendimiento de notificaci\u00f3n<\/li>\n<\/ul>\n","protected":false},"excerpt":{"rendered":"<p>El planificador de notificaciones, una caracter\u00edstica proporcionada por Gravity Perks, permite a los usuarios otorgarles la capacidad de programar notificaciones para ser enviadas en momentos y fechas precisas. Esta herramienta altamente adaptable facilita la personalizaci\u00f3n sin esfuerzo de las plantillas de correo electr\u00f3nico, lo que permite a los usuarios configurar notificaciones desencadenadas por diversos eventos, como env\u00edos de formularios o actividad del usuario. En consecuencia, este enfoque eficiente y simplificado garantiza una comunicaci\u00f3n perfecta con clientes o miembros del equipo, lo que evita la necesidad de intervenciones manuales de mano de obra intensiva.<\/p>\n","protected":false},"featured_media":166356,"comment_status":"open","ping_status":"open","template":"","meta":[],"product_brand":[2471],"product_cat":[1214,1206,1211],"product_tag":[2114],"class_list":{"0":"post-125636","1":"product","2":"type-product","3":"status-publish","4":"has-post-thumbnail","6":"product_brand-gravity-wiz","7":"product_cat-personalizacion","8":"product_cat-plugins","9":"product_cat-wordpress-plugins","10":"product_tag-gravity-wiz","11":"member-discount","12":"discount-restricted","14":"first","15":"instock","16":"sale","17":"downloadable","18":"virtual","19":"sold-individually","20":"purchasable","21":"product-type-simple"},"_links":{"self":[{"href":"https:\/\/gpl-love.com\/es\/wp-json\/wp\/v2\/product\/125636","targetHints":{"allow":["GET"]}}],"collection":[{"href":"https:\/\/gpl-love.com\/es\/wp-json\/wp\/v2\/product"}],"about":[{"href":"https:\/\/gpl-love.com\/es\/wp-json\/wp\/v2\/types\/product"}],"replies":[{"embeddable":true,"href":"https:\/\/gpl-love.com\/es\/wp-json\/wp\/v2\/comments?post=125636"}],"wp:featuredmedia":[{"embeddable":true,"href":"https:\/\/gpl-love.com\/es\/wp-json\/wp\/v2\/media\/166356"}],"wp:attachment":[{"href":"https:\/\/gpl-love.com\/es\/wp-json\/wp\/v2\/media?parent=125636"}],"wp:term":[{"taxonomy":"product_brand","embeddable":true,"href":"https:\/\/gpl-love.com\/es\/wp-json\/wp\/v2\/product_brand?post=125636"},{"taxonomy":"product_cat","embeddable":true,"href":"https:\/\/gpl-love.com\/es\/wp-json\/wp\/v2\/product_cat?post=125636"},{"taxonomy":"product_tag","embeddable":true,"href":"https:\/\/gpl-love.com\/es\/wp-json\/wp\/v2\/product_tag?post=125636"}],"curies":[{"name":"wp","href":"https:\/\/api.w.org\/{rel}","templated":true}]}}